{"id":236,"date":"2023-08-23T14:27:02","date_gmt":"2023-08-23T14:27:02","guid":{"rendered":"https:\/\/immediateedge.finance\/?page_id=236"},"modified":"2025-12-11T08:27:10","modified_gmt":"2025-12-11T08:27:10","slug":"politica-de-privacidade","status":"publish","type":"page","link":"https:\/\/immediateedge.finance\/pt_pt\/privacy-policy\/","title":{"rendered":"pol\u00edtica de Privacidade"},"content":{"rendered":"<div data-elementor-type=\"wp-page\" data-elementor-id=\"236\" class=\"elementor elementor-236\" data-elementor-post-type=\"page\">\n\t\t\t\t\t\t<section class=\"elementor-section elementor-top-section elementor-element elementor-element-170b34f elementor-section-boxed elementor-section-height-default elementor-section-height-default\" data-id=\"170b34f\" data-element_type=\"section\" data-e-type=\"section\" data-settings=\"{&quot;background_background&quot;:&quot;classic&quot;}\">\n\t\t\t\t\t\t<div class=\"elementor-container elementor-column-gap-default\">\n\t\t\t\t\t<div class=\"elementor-column elementor-col-100 elementor-top-column elementor-element elementor-element-f2f86b6\" data-id=\"f2f86b6\" data-element_type=\"column\" data-e-type=\"column\">\n\t\t\t<div class=\"elementor-widget-wrap elementor-element-populated\">\n\t\t\t\t\t\t<section class=\"elementor-section elementor-inner-section elementor-element elementor-element-2ebbd37 elementor-section-boxed elementor-section-height-default elementor-section-height-default\" data-id=\"2ebbd37\" data-element_type=\"section\" data-e-type=\"section\">\n\t\t\t\t\t\t<div class=\"elementor-container elementor-column-gap-default\">\n\t\t\t\t\t<div class=\"elementor-column elementor-col-100 elementor-inner-column elementor-element elementor-element-08e74b4\" data-id=\"08e74b4\" data-element_type=\"column\" data-e-type=\"column\">\n\t\t\t<div class=\"elementor-widget-wrap elementor-element-populated\">\n\t\t\t\t\t\t<div class=\"elementor-element elementor-element-ace13da elementor-widget elementor-widget-heading\" data-id=\"ace13da\" data-element_type=\"widget\" data-e-type=\"widget\" data-widget_type=\"heading.default\">\n\t\t\t\t\t<h1 class=\"elementor-heading-title elementor-size-default\">pol\u00edtica de Privacidade<\/h1>\t\t\t\t<\/div>\n\t\t\t\t<div class=\"elementor-element elementor-element-0465585 elementor-widget elementor-widget-text-editor\" data-id=\"0465585\" data-element_type=\"widget\" data-e-type=\"widget\" data-widget_type=\"text-editor.default\">\n\t\t\t\t\t\t\t\t\t<p><strong>Immediate Edge<\/strong> Damos grande import\u00e2ncia \u00e0 prote\u00e7\u00e3o da privacidade de todos os indiv\u00edduos que visitam os nossos sites. Esta declara\u00e7\u00e3o de privacidade serve como notifica\u00e7\u00e3o das normas e condi\u00e7\u00f5es pelas quais <strong>Immediate Edge<\/strong> garante a prote\u00e7\u00e3o das informa\u00e7\u00f5es fornecidas pelos visitantes dos sites pertencentes e operados por <strong>Immediate Edge<\/strong>, incluindo o Immediate Momentum Center, o Immediate Xgen Edge ESpace e as empresas do grupo. A nossa declara\u00e7\u00e3o de privacidade descreve as nossas pr\u00e1ticas de recolha de informa\u00e7\u00f5es e como as suas informa\u00e7\u00f5es podem ser utilizadas. Note que esta pol\u00edtica pode sofrer altera\u00e7\u00f5es periodicamente, pelo que recomendamos que a consulte regularmente para verificar estas informa\u00e7\u00f5es.<\/p>\t\t\t\t\t\t\t\t<\/div>\n\t\t\t\t<div class=\"elementor-element elementor-element-c08387a elementor-widget elementor-widget-heading\" data-id=\"c08387a\" data-element_type=\"widget\" data-e-type=\"widget\" data-widget_type=\"heading.default\">\n\t\t\t\t\t<h2 class=\"elementor-heading-title elementor-size-default\">Informa\u00e7\u00f5es que recolhemos\n<\/h2>\t\t\t\t<\/div>\n\t\t\t\t<div class=\"elementor-element elementor-element-c675b62 elementor-widget elementor-widget-text-editor\" data-id=\"c675b62\" data-element_type=\"widget\" data-e-type=\"widget\" data-widget_type=\"text-editor.default\">\n\t\t\t\t\t\t\t\t\t<p>As informa\u00e7\u00f5es pessoais que solicitamos e os motivos pelos quais as solicitamos ser\u00e3o claramente explicados no momento em que lhe pedirmos que as forne\u00e7a. Se nos contactar diretamente, poderemos receber informa\u00e7\u00f5es adicionais sobre si, tais como o seu nome, endere\u00e7o de e-mail, n\u00famero de telefone, o conte\u00fado da mensagem e\/ou anexos que nos enviar, e quaisquer outras informa\u00e7\u00f5es que opte por fornecer. Ao registar-se para uma conta, poderemos solicitar as suas informa\u00e7\u00f5es de contacto, incluindo dados como o nome, nome da empresa, morada, endere\u00e7o de e-mail e n\u00famero de telefone.<\/p>\t\t\t\t\t\t\t\t<\/div>\n\t\t\t\t<div class=\"elementor-element elementor-element-71db021 elementor-widget elementor-widget-heading\" data-id=\"71db021\" data-element_type=\"widget\" data-e-type=\"widget\" data-widget_type=\"heading.default\">\n\t\t\t\t\t<h2 class=\"elementor-heading-title elementor-size-default\">Informa\u00e7\u00f5es de identifica\u00e7\u00e3o pessoal<\/h2>\t\t\t\t<\/div>\n\t\t\t\t<div class=\"elementor-element elementor-element-d5f8a12 elementor-widget elementor-widget-text-editor\" data-id=\"d5f8a12\" data-element_type=\"widget\" data-e-type=\"widget\" data-widget_type=\"text-editor.default\">\n\t\t\t\t\t\t\t\t\t<p>O Software recolhe dados espec\u00edficos sobre os visitantes do seu website quando fornecidos voluntariamente, como quando os visitantes solicitam informa\u00e7\u00f5es, adquirem servi\u00e7os, abrem chamadas de apoio ao cliente, enviam informa\u00e7\u00f5es relacionadas com o emprego ou enviam e-mails. Algumas atividades requerem a partilha de informa\u00e7\u00f5es, como por exemplo, fazer uma compra, utilizar um cart\u00e3o de cr\u00e9dito para pagamento, enviar um curr\u00edculo ou solicitar informa\u00e7\u00f5es espec\u00edficas. Quando as informa\u00e7\u00f5es de identifica\u00e7\u00e3o pessoal s\u00e3o fornecidas ao Software atrav\u00e9s dos seus websites, s\u00e3o utilizadas para satisfazer o pedido espec\u00edfico feito. Na maioria dos casos, os visitantes t\u00eam a op\u00e7\u00e3o de decidir se o Software pode utilizar esta informa\u00e7\u00e3o para outros fins. \u00c9 tamb\u00e9m poss\u00edvel solicitar que o Software n\u00e3o utilize a informa\u00e7\u00e3o enviando um e-mail para support@fxrevenge.net. No entanto, o Software reserva-se o direito de, a seu crit\u00e9rio, enviar boletins e informa\u00e7\u00f5es importantes sobre os seus servi\u00e7os. Na aus\u00eancia de instru\u00e7\u00f5es espec\u00edficas, o Software pode utilizar as informa\u00e7\u00f5es fornecidas para notificar os visitantes sobre servi\u00e7os, produtos ou ofertas adicionais da fam\u00edlia de empresas do Software, agentes autorizados e outros fornecedores de servi\u00e7os com os quais o Software mant\u00e9m uma rela\u00e7\u00e3o e cujas ofertas possam ser de interesse.<\/p>\t\t\t\t\t\t\t\t<\/div>\n\t\t\t\t<div class=\"elementor-element elementor-element-252f150 elementor-widget elementor-widget-text-editor\" data-id=\"252f150\" data-element_type=\"widget\" data-e-type=\"widget\" data-widget_type=\"text-editor.default\">\n\t\t\t\t\t\t\t\t\t<p>O Software n\u00e3o vender\u00e1 nem comercializar\u00e1 informa\u00e7\u00f5es de identifica\u00e7\u00e3o pessoal, a menos que seja autorizado ou legalmente obrigado, ou em casos que envolvam risco iminente de danos f\u00edsicos para o visitante ou para terceiros. Nos sites onde os visitantes fornecem informa\u00e7\u00f5es de cart\u00e3o de cr\u00e9dito ou de encomendas, o Software protege essas informa\u00e7\u00f5es atrav\u00e9s de protocolos de seguran\u00e7a e encripta\u00e7\u00e3o padr\u00e3o baseados na Web, como o Secure Socket Layer (SSL) e o Secure Electronic Transaction (SET). Quando os visitantes partilham voluntariamente feedback, dados, respostas, perguntas, coment\u00e1rios, sugest\u00f5es, ideias ou informa\u00e7\u00f5es semelhantes em determinados sites, o Software considera essa parte da informa\u00e7\u00e3o como n\u00e3o confidencial e n\u00e3o propriet\u00e1ria. Salvo indica\u00e7\u00e3o em contr\u00e1rio nesta declara\u00e7\u00e3o de privacidade, o Software n\u00e3o assume qualquer obriga\u00e7\u00e3o de proteger tais informa\u00e7\u00f5es contra a divulga\u00e7\u00e3o.<\/p>\t\t\t\t\t\t\t\t<\/div>\n\t\t\t\t<div class=\"elementor-element elementor-element-5b9facd elementor-widget elementor-widget-text-editor\" data-id=\"5b9facd\" data-element_type=\"widget\" data-e-type=\"widget\" data-widget_type=\"text-editor.default\">\n\t\t\t\t\t\t\t\t\t<p>Os exemplos apresentados neste material n\u00e3o devem ser interpretados como uma promessa ou garantia de ganhos. O potencial de ganhos depende inteiramente do indiv\u00edduo que utiliza o produto, das ideias, das t\u00e9cnicas e do esfor\u00e7o investido. Este material n\u00e3o \u00e9 apresentado como um \"esquema para enriquecimento r\u00e1pido\" e n\u00e3o \u00e9 aconselh\u00e1vel consider\u00e1-lo dessa forma.<\/p>\t\t\t\t\t\t\t\t<\/div>\n\t\t\t\t<div class=\"elementor-element elementor-element-35b6225 elementor-widget elementor-widget-heading\" data-id=\"35b6225\" data-element_type=\"widget\" data-e-type=\"widget\" data-widget_type=\"heading.default\">\n\t\t\t\t\t<h2 class=\"elementor-heading-title elementor-size-default\"> Informa\u00e7\u00f5es n\u00e3o pessoalmente identific\u00e1veis \u200b\u200b(gen\u00e9ricas)<\/h2>\t\t\t\t<\/div>\n\t\t\t\t<div class=\"elementor-element elementor-element-ec9ec4f elementor-widget elementor-widget-text-editor\" data-id=\"ec9ec4f\" data-element_type=\"widget\" data-e-type=\"widget\" data-widget_type=\"text-editor.default\">\n\t\t\t\t\t\t\t\t\t<p>Como pr\u00e1tica geral, o Software recolhe automaticamente algumas informa\u00e7\u00f5es gen\u00e9ricas. Esta informa\u00e7\u00e3o n\u00e3o revela a identidade do visitante e consiste normalmente em detalhes como o endere\u00e7o de internet atribu\u00eddo ao computador do visitante, a frequ\u00eancia das visitas e os sites espec\u00edficos do Software visitados. O objetivo da recolha destas informa\u00e7\u00f5es \u00e9 avaliar as necessidades de atendimento ao cliente e do website. Para tal, s\u00e3o utilizadas determinadas tecnologias, incluindo os \"cookies\" (que fornecem aos visitantes informa\u00e7\u00f5es personalizadas sobre os servi\u00e7os do Software). \u00c9 importante salientar que as informa\u00e7\u00f5es recolhidas atrav\u00e9s deste m\u00e9todo n\u00e3o s\u00e3o combinadas com qualquer informa\u00e7\u00e3o pessoal identific\u00e1vel. Os visitantes t\u00eam a op\u00e7\u00e3o de configurar as defini\u00e7\u00f5es do browser para receber notifica\u00e7\u00f5es quando um cookie \u00e9 recebido e podem optar por recus\u00e1-lo.<\/p>\t\t\t\t\t\t\t\t<\/div>\n\t\t\t\t<div class=\"elementor-element elementor-element-2688b7d elementor-widget elementor-widget-heading\" data-id=\"2688b7d\" data-element_type=\"widget\" data-e-type=\"widget\" data-widget_type=\"heading.default\">\n\t\t\t\t\t<h2 class=\"elementor-heading-title elementor-size-default\">O seu site alojado pelo software, servidor, quadros de avisos, f\u00f3rum, sites de terceiros<\/h2>\t\t\t\t<\/div>\n\t\t\t\t<div class=\"elementor-element elementor-element-b6c1fb7 elementor-widget elementor-widget-text-editor\" data-id=\"b6c1fb7\" data-element_type=\"widget\" data-e-type=\"widget\" data-widget_type=\"text-editor.default\">\n\t\t\t\t\t\t\t\t\t<p>Qualquer informa\u00e7\u00e3o que partilhe num espa\u00e7o p\u00fablico, como um f\u00f3rum, uma sala de chat ou um website alojado pelo Software, torna-se acess\u00edvel a qualquer pessoa que visite esse espa\u00e7o. O Software n\u00e3o pode garantir a prote\u00e7\u00e3o de qualquer informa\u00e7\u00e3o divulgada nestas \u00e1reas. Al\u00e9m disso, os sites do Software podem conter links para sites de terceiros que n\u00e3o s\u00e3o afiliados ao Software. Nestes casos, o Software n\u00e3o pode garantir a seguran\u00e7a de qualquer informa\u00e7\u00e3o que possa divulgar nesses sites externos e sugere que reveja as pol\u00edticas de privacidade desses sites antes de os visitar.<\/p>\t\t\t\t\t\t\t\t<\/div>\n\t\t\t\t<div class=\"elementor-element elementor-element-39bb437 elementor-widget elementor-widget-heading\" data-id=\"39bb437\" data-element_type=\"widget\" data-e-type=\"widget\" data-widget_type=\"heading.default\">\n\t\t\t\t\t<h2 class=\"elementor-heading-title elementor-size-default\">Exce\u00e7\u00f5es e limita\u00e7\u00f5es<\/h2>\t\t\t\t<\/div>\n\t\t\t\t<div class=\"elementor-element elementor-element-27870a6 elementor-widget elementor-widget-text-editor\" data-id=\"27870a6\" data-element_type=\"widget\" data-e-type=\"widget\" data-widget_type=\"text-editor.default\">\n\t\t\t\t\t\t\t\t\t<p>Respeitando as leis aplic\u00e1veis, o Software<\/p><p>(i) cooperar integralmente com as autoridades estaduais, locais e federais em qualquer investiga\u00e7\u00e3o relativa ao conte\u00fado (incluindo comunica\u00e7\u00f5es eletr\u00f3nicas pessoais ou privadas transmitidas para o Software) ou alegadas atividades ilegais de qualquer utilizador do Servi\u00e7o, e<br \/>(ii) adota medidas razo\u00e1veis \u200b\u200bpara salvaguardar os seus direitos de propriedade. No \u00e2mbito limitado da obten\u00e7\u00e3o desta coopera\u00e7\u00e3o e destas medidas, e em conformidade com as leis aplic\u00e1veis, o Software poder\u00e1 necessitar de divulgar informa\u00e7\u00f5es de identifica\u00e7\u00e3o pessoal. Al\u00e9m disso, o Software poder\u00e1 optar por monitorizar \u00e1reas de comunica\u00e7\u00e3o de qualquer tipo.<\/p><p>(i) para cumprir qualquer lei, regulamento ou pedido governamental;<br \/>(ii) se tal divulga\u00e7\u00e3o for necess\u00e1ria para o funcionamento do Software; ou<br \/>(iii) para proteger os direitos ou a propriedade do Software ou de terceiros.<\/p><p>Relativamente \u00e0 potencial venda ou transfer\u00eancia de quaisquer dos seus interesses no Software e noutros sites detidos pelo Software, a empresa reserva-se o direito de vender ou transferir as suas informa\u00e7\u00f5es (incluindo, entre outras, o nome, endere\u00e7o e outras informa\u00e7\u00f5es que tenha fornecido ao Software) a terceiros.<br \/>(i) especializa-se em produtos ou servi\u00e7os de comunica\u00e7\u00e3o;<br \/>(ii) concorda em suceder aos interesses do Software no que diz respeito \u00e0 manuten\u00e7\u00e3o e prote\u00e7\u00e3o das informa\u00e7\u00f5es recolhidas; e<br \/>(iii) concorda em cumprir as obriga\u00e7\u00f5es estabelecidas na presente declara\u00e7\u00e3o de pol\u00edtica.<\/p>\t\t\t\t\t\t\t\t<\/div>\n\t\t\t\t<div class=\"elementor-element elementor-element-445e537 elementor-widget elementor-widget-heading\" data-id=\"445e537\" data-element_type=\"widget\" data-e-type=\"widget\" data-widget_type=\"heading.default\">\n\t\t\t\t\t<h2 class=\"elementor-heading-title elementor-size-default\">Contattaci<\/h2>\t\t\t\t<\/div>\n\t\t\t\t<div class=\"elementor-element elementor-element-ca1c49f elementor-widget elementor-widget-text-editor\" data-id=\"ca1c49f\" data-element_type=\"widget\" data-e-type=\"widget\" data-widget_type=\"text-editor.default\">\n\t\t\t\t\t\t\t\t\t<p>Para quaisquer d\u00favidas ou preocupa\u00e7\u00f5es relacionadas com a privacidade, por favor contacte-nos atrav\u00e9s do seguinte endere\u00e7o:<br \/>\ud83d\udce7 <strong>E-mail:<\/strong> <a style=\"color: red;\" href=\"mailto:support@immediateedge.finance\" rel=\"noopener\">support@immediateedge.finance<\/a><\/p><p>Podemos atualizar esta Pol\u00edtica de Privacidade periodicamente. Por favor, reveja-a regularmente para verificar se houve altera\u00e7\u00f5es.<\/p>\t\t\t\t\t\t\t\t<\/div>\n\t\t\t\t\t<\/div>\n\t\t<\/div>\n\t\t\t\t\t<\/div>\n\t\t<\/section>\n\t\t\t\t\t<\/div>\n\t\t<\/div>\n\t\t\t\t\t<\/div>\n\t\t<\/section>\n\t\t\t\t<\/div>","protected":false},"excerpt":{"rendered":"<p>Privacy Policy Immediate Edge places great importance on safeguarding the privacy of every individual who visits our websites. This privacy statement serves as a notification of the standards and conditions through which Immediate Edge ensures the protection of information provided by visitors to websites owned and operated by Immediate Edge, including Immediate Momentum Center, Immediate [&hellip;]<\/p>\n","protected":false},"author":1,"featured_media":0,"parent":0,"menu_order":0,"comment_status":"closed","ping_status":"closed","template":"elementor_header_footer","meta":{"footnotes":""},"class_list":["post-236","page","type-page","status-publish","hentry"],"_links":{"self":[{"href":"https:\/\/immediateedge.finance\/pt_pt\/wp-json\/wp\/v2\/pages\/236","targetHints":{"allow":["GET"]}}],"collection":[{"href":"https:\/\/immediateedge.finance\/pt_pt\/wp-json\/wp\/v2\/pages"}],"about":[{"href":"https:\/\/immediateedge.finance\/pt_pt\/wp-json\/wp\/v2\/types\/page"}],"author":[{"embeddable":true,"href":"https:\/\/immediateedge.finance\/pt_pt\/wp-json\/wp\/v2\/users\/1"}],"replies":[{"embeddable":true,"href":"https:\/\/immediateedge.finance\/pt_pt\/wp-json\/wp\/v2\/comments?post=236"}],"version-history":[{"count":0,"href":"https:\/\/immediateedge.finance\/pt_pt\/wp-json\/wp\/v2\/pages\/236\/revisions"}],"wp:attachment":[{"href":"https:\/\/immediateedge.finance\/pt_pt\/wp-json\/wp\/v2\/media?parent=236"}],"curies":[{"name":"wp","href":"https:\/\/api.w.org\/{rel}","templated":true}]}}