{"id":929,"date":"2024-06-24T08:24:18","date_gmt":"2024-06-24T08:24:18","guid":{"rendered":"https:\/\/immediateedge.finance\/?page_id=929"},"modified":"2026-01-02T06:41:41","modified_gmt":"2026-01-02T06:41:41","slug":"obrigada","status":"publish","type":"page","link":"https:\/\/immediateedge.finance\/pt\/thank-you\/","title":{"rendered":"Thank you"},"content":{"rendered":"<div data-elementor-type=\"wp-page\" data-elementor-id=\"929\" class=\"elementor elementor-929\" data-elementor-post-type=\"page\">\n\t\t\t\t<div class=\"elementor-element elementor-element-aa1e3d9 e-flex e-con-boxed e-con e-parent\" data-id=\"aa1e3d9\" data-element_type=\"container\" data-e-type=\"container\" data-settings=\"{&quot;background_background&quot;:&quot;video&quot;,&quot;background_video_link&quot;:&quot;http:\\\/\\\/immediateedge.finance\\\/wp-content\\\/uploads\\\/2024\\\/09\\\/file.mp4&quot;,&quot;background_play_on_mobile&quot;:&quot;yes&quot;}\">\n\t\t\t\t\t<div class=\"e-con-inner\">\n\t\t<div class=\"elementor-background-video-container\">\n\t\t\t\t\t\t\t<video class=\"elementor-background-video-hosted\" role=\"presentation\" autoplay muted playsinline loop><\/video>\n\t\t\t\t\t<\/div>\t\t<div class=\"elementor-element elementor-element-b355595 elementor-widget elementor-widget-heading\" data-id=\"b355595\" data-element_type=\"widget\" data-e-type=\"widget\" data-widget_type=\"heading.default\">\n\t\t\t\t\t<h1 class=\"elementor-heading-title elementor-size-default\">Obrigado por se inscrever!\n<\/h1>\t\t\t\t<\/div>\n\t\t\t\t<div class=\"elementor-element elementor-element-d161eb6 elementor-widget elementor-widget-text-editor\" data-id=\"d161eb6\" data-element_type=\"widget\" data-e-type=\"widget\" data-widget_type=\"text-editor.default\">\n\t\t\t\t\t\t\t\t\t<p>Estamos muito felizes em t\u00ea-lo(a) conosco! Para podermos lhe oferecer o melhor servi\u00e7o poss\u00edvel, pedimos que mantenha seu telefone dispon\u00edvel para chamadas. Talvez precisemos entrar em contato para obter mais informa\u00e7\u00f5es ou para discutir os detalhes do seu cadastro.<\/p><p>Fique tranquilo(a), entraremos em contato em breve para conversar e esclarecer quaisquer d\u00favidas ou preocupa\u00e7\u00f5es que voc\u00ea possa ter. Valorizamos sua participa\u00e7\u00e3o e estamos comprometidos em tornar sua experi\u00eancia conosco excepcional.<\/p><p>Agradecemos novamente o seu cadastro e esperamos falar com voc\u00ea em breve!<\/p>\t\t\t\t\t\t\t\t<\/div>\n\t\t\t\t<div class=\"elementor-element elementor-element-fb4267e elementor-align-center elementor-widget elementor-widget-button\" data-id=\"fb4267e\" data-element_type=\"widget\" data-e-type=\"widget\" data-widget_type=\"button.default\">\n\t\t\t\t\t\t\t\t\t\t<a class=\"elementor-button elementor-button-link elementor-size-sm elementor-animation-float\" href=\"https:\/\/immediateedge.finance\/pt\">\n\t\t\t\t\t\t<span class=\"elementor-button-content-wrapper\">\n\t\t\t\t\t\t\t\t\t<span class=\"elementor-button-text\">Voltar para a p\u00e1gina inicial<\/span>\n\t\t\t\t\t<\/span>\n\t\t\t\t\t<\/a>\n\t\t\t\t\t\t\t\t<\/div>\n\t\t\t\t\t<\/div>\n\t\t\t\t<\/div>\n\t\t\t\t<\/div>","protected":false},"excerpt":{"rendered":"<p>Thank you for your registration! We\u2019re excited to have you on board! In order to provide you with the best possible service, we kindly ask that you ensure your phone is available for a call. We may need to reach out to you for further information or to discuss your registration details. Rest assured, we\u2019ll [&hellip;]<\/p>\n","protected":false},"author":1,"featured_media":0,"parent":0,"menu_order":0,"comment_status":"closed","ping_status":"closed","template":"elementor_header_footer","meta":{"footnotes":""},"class_list":["post-929","page","type-page","status-publish","hentry"],"_links":{"self":[{"href":"https:\/\/immediateedge.finance\/pt\/wp-json\/wp\/v2\/pages\/929","targetHints":{"allow":["GET"]}}],"collection":[{"href":"https:\/\/immediateedge.finance\/pt\/wp-json\/wp\/v2\/pages"}],"about":[{"href":"https:\/\/immediateedge.finance\/pt\/wp-json\/wp\/v2\/types\/page"}],"author":[{"embeddable":true,"href":"https:\/\/immediateedge.finance\/pt\/wp-json\/wp\/v2\/users\/1"}],"replies":[{"embeddable":true,"href":"https:\/\/immediateedge.finance\/pt\/wp-json\/wp\/v2\/comments?post=929"}],"version-history":[{"count":6,"href":"https:\/\/immediateedge.finance\/pt\/wp-json\/wp\/v2\/pages\/929\/revisions"}],"predecessor-version":[{"id":1996,"href":"https:\/\/immediateedge.finance\/pt\/wp-json\/wp\/v2\/pages\/929\/revisions\/1996"}],"wp:attachment":[{"href":"https:\/\/immediateedge.finance\/pt\/wp-json\/wp\/v2\/media?parent=929"}],"curies":[{"name":"wp","href":"https:\/\/api.w.org\/{rel}","templated":true}]}}