{"id":175,"date":"2023-08-23T13:09:06","date_gmt":"2023-08-23T13:09:06","guid":{"rendered":"https:\/\/immediateedge.finance\/?page_id=175"},"modified":"2026-01-02T06:39:45","modified_gmt":"2026-01-02T06:39:45","slug":"sobre-nos","status":"publish","type":"page","link":"https:\/\/immediateedge.finance\/pt\/about-us\/","title":{"rendered":"Sobre n\u00f3s"},"content":{"rendered":"<div data-elementor-type=\"wp-page\" data-elementor-id=\"175\" class=\"elementor elementor-175\" data-elementor-post-type=\"page\">\n\t\t\t\t<div class=\"elementor-element elementor-element-d0320a6 e-flex e-con-boxed e-con e-parent\" data-id=\"d0320a6\" data-element_type=\"container\" data-e-type=\"container\" data-settings=\"{&quot;background_background&quot;:&quot;gradient&quot;}\">\n\t\t\t\t\t<div class=\"e-con-inner\">\n\t\t\t\t<div class=\"elementor-element elementor-element-5f06557 elementor-widget elementor-widget-heading\" data-id=\"5f06557\" data-element_type=\"widget\" data-e-type=\"widget\" data-widget_type=\"heading.default\">\n\t\t\t\t\t<h1 class=\"elementor-heading-title elementor-size-default\">Sobre n\u00f3s<\/h1>\t\t\t\t<\/div>\n\t\t\t\t\t<\/div>\n\t\t\t\t<\/div>\n\t\t<div class=\"elementor-element elementor-element-ef1f495 e-flex e-con-boxed e-con e-parent\" data-id=\"ef1f495\" data-element_type=\"container\" data-e-type=\"container\" data-settings=\"{&quot;background_background&quot;:&quot;gradient&quot;}\">\n\t\t\t\t\t<div class=\"e-con-inner\">\n\t\t<div class=\"elementor-element elementor-element-70fe078 e-con-full e-flex e-con e-child\" data-id=\"70fe078\" data-element_type=\"container\" data-e-type=\"container\">\n\t\t\t\t<div class=\"elementor-element elementor-element-4db8e18 elementor-widget elementor-widget-heading\" data-id=\"4db8e18\" data-element_type=\"widget\" data-e-type=\"widget\" data-widget_type=\"heading.default\">\n\t\t\t\t\t<h2 class=\"elementor-heading-title elementor-size-default\">Quem somos n\u00f3s?<\/h2>\t\t\t\t<\/div>\n\t\t\t\t<div class=\"elementor-element elementor-element-832b77d elementor-widget elementor-widget-text-editor\" data-id=\"832b77d\" data-element_type=\"widget\" data-e-type=\"widget\" data-widget_type=\"text-editor.default\">\n\t\t\t\t\t\t\t\t\t<p>Conhe\u00e7a os pioneiros por tr\u00e1s da Immediate Edge \u2013 uma equipe de jovens empreendedores entusiasmados, determinados e experientes. Mas o que nos diferencia? Nossa dedica\u00e7\u00e3o inabal\u00e1vel em impulsionar a mudan\u00e7a por meio da inova\u00e7\u00e3o.<\/p><p>Com nossa experi\u00eancia em negocia\u00e7\u00e3o, compreend\u00edamos profundamente os desafios de depender de emo\u00e7\u00f5es e incertezas humanas para obter lucros. Almej\u00e1vamos uma abordagem superior \u2013 uma ferramenta intuitiva, precisa, confi\u00e1vel e f\u00e1cil de usar. Isso nos levou a unir nossa expertise e desenvolver um sistema de negocia\u00e7\u00e3o que executasse opera\u00e7\u00f5es bem-sucedidas de forma consistente.<\/p><p>Apresentamos o Immediate Edge \u2013 nosso aplicativo que otimiza o trading online para pessoas em todos os est\u00e1gios de sua jornada. Seja voc\u00ea um profissional experiente ou esteja apenas come\u00e7ando neste caminho, nosso software aprimora suas habilidades e maximiza seus ganhos potenciais. Ele combina harmoniosamente tecnologia de ponta com conhecimento humano.<\/p><p>Nosso compromisso n\u00e3o termina a\u00ed. Ouvimos atentamente o feedback da nossa comunidade de membros e refinamos e testamos nosso software incessantemente. Por qu\u00ea? Porque nosso principal objetivo \u00e9 impulsionar o sucesso dos traders. Junte-se a n\u00f3s e mergulhe no potencial do Immediate Edge.<\/p>\t\t\t\t\t\t\t\t<\/div>\n\t\t\t\t<\/div>\n\t\t<div class=\"elementor-element elementor-element-62e8c7f e-con-full e-flex e-con e-child\" data-id=\"62e8c7f\" data-element_type=\"container\" data-e-type=\"container\">\n\t\t\t\t<div class=\"elementor-element elementor-element-e3936e0 elementor-widget-mobile__width-initial elementor-widget elementor-widget-image\" data-id=\"e3936e0\" data-element_type=\"widget\" data-e-type=\"widget\" data-widget_type=\"image.default\">\n\t\t\t\t\t\t\t\t\t\t\t\t\t\t\t<img fetchpriority=\"high\" decoding=\"async\" width=\"800\" height=\"635\" src=\"https:\/\/immediateedge.finance\/wp-content\/uploads\/2024\/02\/banner-img-9-2-1-1.webp\" class=\"attachment-large size-large wp-image-556\" alt=\"bandeira\" srcset=\"https:\/\/immediateedge.finance\/wp-content\/uploads\/2024\/02\/banner-img-9-2-1-1.webp 866w, https:\/\/immediateedge.finance\/wp-content\/uploads\/2024\/02\/banner-img-9-2-1-1-300x238.webp 300w, https:\/\/immediateedge.finance\/wp-content\/uploads\/2024\/02\/banner-img-9-2-1-1-768x609.webp 768w\" sizes=\"(max-width: 800px) 100vw, 800px\" \/>\t\t\t\t\t\t\t\t\t\t\t\t\t\t\t<\/div>\n\t\t\t\t<\/div>\n\t\t\t\t\t<\/div>\n\t\t\t\t<\/div>\n\t\t<div class=\"elementor-element elementor-element-0785b42 e-flex e-con-boxed e-con e-parent\" data-id=\"0785b42\" data-element_type=\"container\" data-e-type=\"container\">\n\t\t\t\t\t<div class=\"e-con-inner\">\n\t\t<div class=\"elementor-element elementor-element-1006b57 e-con-full e-flex e-con e-child\" data-id=\"1006b57\" data-element_type=\"container\" data-e-type=\"container\">\n\t\t\t\t<div class=\"elementor-element elementor-element-3d19dd9 elementor-widget elementor-widget-heading\" data-id=\"3d19dd9\" data-element_type=\"widget\" data-e-type=\"widget\" data-widget_type=\"heading.default\">\n\t\t\t\t\t<h2 class=\"elementor-heading-title elementor-size-default\">Vantagens da plataforma Immediate Edge<\/h2>\t\t\t\t<\/div>\n\t\t\t\t<div class=\"elementor-element elementor-element-1eb9f8b elementor-widget elementor-widget-text-editor\" data-id=\"1eb9f8b\" data-element_type=\"widget\" data-e-type=\"widget\" data-widget_type=\"text-editor.default\">\n\t\t\t\t\t\t\t\t\t<ul><li style=\"font-weight: 400;\" aria-level=\"1\"><span style=\"font-weight: 400;\">O Immediate Edge Crypto \u00e9 um aplicativo de negocia\u00e7\u00e3o que analisa as tend\u00eancias do mercado em microssegundos.<\/span><\/li><li style=\"font-weight: 400;\" aria-level=\"1\"><span style=\"font-weight: 400;\">Isso lhe fornece atualiza\u00e7\u00f5es para melhorar suas negocia\u00e7\u00f5es.<\/span><\/li><li style=\"font-weight: 400;\" aria-level=\"1\"><span style=\"font-weight: 400;\">Ela fornece informa\u00e7\u00f5es densas que os humanos acham complexas de analisar sozinhos.<\/span><\/li><li style=\"font-weight: 400;\" aria-level=\"1\"><span style=\"font-weight: 400;\">Este aplicativo ajuda voc\u00ea a agir com mais confian\u00e7a e clareza.<\/span><\/li><li style=\"font-weight: 400;\" aria-level=\"1\"><span style=\"font-weight: 400;\">A Immediate Edge UK \u00e9 a melhor op\u00e7\u00e3o para traders inexperientes.<\/span><\/li><li style=\"font-weight: 400;\" aria-level=\"1\"><span style=\"font-weight: 400;\">Usando apenas este aplicativo, voc\u00ea pode encontrar oportunidades antecipadamente. Ele te avisa antes de grandes movimenta\u00e7\u00f5es.\u00a0<\/span><\/li><li style=\"font-weight: 400;\" aria-level=\"1\"><span style=\"font-weight: 400;\">As atualiza\u00e7\u00f5es levar\u00e3o a negocia\u00e7\u00f5es mais lucrativas e a uma melhor tomada de decis\u00f5es.<\/span><\/li><li style=\"font-weight: 400;\" aria-level=\"1\"><span style=\"font-weight: 400;\">Com uma interface amig\u00e1vel e m\u00e9todos de pagamento seguros, como transfer\u00eancia banc\u00e1ria, carteiras eletr\u00f4nicas ou dep\u00f3sitos com cart\u00e3o de cr\u00e9dito\/d\u00e9bito, o aplicativo \u00e9 f\u00e1cil de usar para negocia\u00e7\u00e3o.<\/span><\/li><li style=\"font-weight: 400;\" aria-level=\"1\"><span style=\"font-weight: 400;\">Tamb\u00e9m oferece dep\u00f3sitos e saques muito r\u00e1pidos.<\/span><\/li><li style=\"font-weight: 400;\" aria-level=\"1\"><span style=\"font-weight: 400;\">Com este aplicativo, voc\u00ea poder\u00e1 gerenciar seus fundos facilmente enquanto negocia.<\/span><\/li><li aria-level=\"1\"><span style=\"font-weight: 400;\">A plataforma Immediate Edge utiliza a tecnologia mais recente para proteger os dados dos usu\u00e1rios.<\/span><\/li><li aria-level=\"1\">Al\u00e9m disso, cumpre as normas e regulamentos para garantir um ambiente de negocia\u00e7\u00e3o seguro.<\/li><\/ul>\t\t\t\t\t\t\t\t<\/div>\n\t\t\t\t<\/div>\n\t\t<div class=\"elementor-element elementor-element-63f80ae e-con-full e-flex e-con e-child\" data-id=\"63f80ae\" data-element_type=\"container\" data-e-type=\"container\">\n\t\t\t\t<div class=\"elementor-element elementor-element-b0fc94d elementor-widget-mobile__width-initial elementor-widget elementor-widget-image\" data-id=\"b0fc94d\" data-element_type=\"widget\" data-e-type=\"widget\" data-widget_type=\"image.default\">\n\t\t\t\t\t\t\t\t\t\t\t\t\t\t\t<img decoding=\"async\" width=\"729\" height=\"734\" src=\"https:\/\/immediateedge.finance\/wp-content\/uploads\/2025\/12\/mockup-3.webp\" class=\"attachment-full size-full wp-image-1811\" alt=\"\" srcset=\"https:\/\/immediateedge.finance\/wp-content\/uploads\/2025\/12\/mockup-3.webp 729w, https:\/\/immediateedge.finance\/wp-content\/uploads\/2025\/12\/mockup-3-298x300.webp 298w, https:\/\/immediateedge.finance\/wp-content\/uploads\/2025\/12\/mockup-3-150x150.webp 150w, https:\/\/immediateedge.finance\/wp-content\/uploads\/2025\/12\/mockup-3-12x12.webp 12w\" sizes=\"(max-width: 729px) 100vw, 729px\" \/>\t\t\t\t\t\t\t\t\t\t\t\t\t\t\t<\/div>\n\t\t\t\t<\/div>\n\t\t\t\t\t<\/div>\n\t\t\t\t<\/div>\n\t\t<div class=\"elementor-element elementor-element-5354bc6 e-flex e-con-boxed e-con e-parent\" data-id=\"5354bc6\" data-element_type=\"container\" data-e-type=\"container\">\n\t\t\t\t\t<div class=\"e-con-inner\">\n\t\t<div class=\"elementor-element elementor-element-a94c792 e-con-full elementor-hidden-mobile e-flex e-con e-child\" data-id=\"a94c792\" data-element_type=\"container\" data-e-type=\"container\">\n\t\t\t\t<div class=\"elementor-element elementor-element-766137a elementor-widget elementor-widget-image\" data-id=\"766137a\" data-element_type=\"widget\" data-e-type=\"widget\" data-widget_type=\"image.default\">\n\t\t\t\t\t\t\t\t\t\t\t\t\t\t\t<img decoding=\"async\" width=\"1024\" height=\"1024\" src=\"https:\/\/immediateedge.finance\/wp-content\/uploads\/2024\/02\/photo_5981279900495101644.webp\" class=\"attachment-full size-full wp-image-746\" alt=\"asset\" srcset=\"https:\/\/immediateedge.finance\/wp-content\/uploads\/2024\/02\/photo_5981279900495101644.webp 1024w, https:\/\/immediateedge.finance\/wp-content\/uploads\/2024\/02\/photo_5981279900495101644-300x300.webp 300w, https:\/\/immediateedge.finance\/wp-content\/uploads\/2024\/02\/photo_5981279900495101644-150x150.webp 150w, https:\/\/immediateedge.finance\/wp-content\/uploads\/2024\/02\/photo_5981279900495101644-768x768.webp 768w\" sizes=\"(max-width: 1024px) 100vw, 1024px\" \/>\t\t\t\t\t\t\t\t\t\t\t\t\t\t\t<\/div>\n\t\t\t\t<\/div>\n\t\t<div class=\"elementor-element elementor-element-6619c55 e-con-full e-flex e-con e-child\" data-id=\"6619c55\" data-element_type=\"container\" data-e-type=\"container\">\n\t\t\t\t<div class=\"elementor-element elementor-element-011f000 elementor-widget elementor-widget-heading\" data-id=\"011f000\" data-element_type=\"widget\" data-e-type=\"widget\" data-widget_type=\"heading.default\">\n\t\t\t\t\t<h2 class=\"elementor-heading-title elementor-size-default\">O que s\u00e3o ativos de mercado?<\/h2>\t\t\t\t<\/div>\n\t\t\t\t<div class=\"elementor-element elementor-element-3c5efcb elementor-widget elementor-widget-text-editor\" data-id=\"3c5efcb\" data-element_type=\"widget\" data-e-type=\"widget\" data-widget_type=\"text-editor.default\">\n\t\t\t\t\t\t\t\t\t<p>Os ativos de mercado s\u00e3o o tipo mais popular de ativos negoci\u00e1veis, dando origem a mais de 10.000 moedas digitais no mercado atualmente. Embora existam muitos outros investimentos semelhantes, nenhum se compara \u00e0 popularidade, ao reconhecimento e ao respeito pelo investimento em ativos financeiros. Os ativos financeiros s\u00e3o mais seguros do que os ativos negoci\u00e1veis \u200b\u200bemergentes e menos conhecidos, dada a grande base de usu\u00e1rios e um hist\u00f3rico comprovado de sucesso. A Immediate Edge Canada permite a negocia\u00e7\u00e3o desses ativos.<\/p>\t\t\t\t\t\t\t\t<\/div>\n\t\t\t\t<\/div>\n\t\t\t\t\t<\/div>\n\t\t\t\t<\/div>\n\t\t\t\t<\/div>","protected":false},"excerpt":{"rendered":"<p>About Us Who Are We? Meet the pioneers behind Immediate Edge \u2013 a team of enthusiastic, determined, and knowledgeable young entrepreneurs. Yet, what sets us apart? Our unyielding dedication to driving change through innovation. Armed with a trading background, we intimately understood the challenges of relying on human emotions and uncertainties to achieve profitable trades. [&hellip;]<\/p>\n","protected":false},"author":1,"featured_media":0,"parent":0,"menu_order":0,"comment_status":"closed","ping_status":"closed","template":"elementor_header_footer","meta":{"footnotes":""},"class_list":["post-175","page","type-page","status-publish","hentry"],"_links":{"self":[{"href":"https:\/\/immediateedge.finance\/pt\/wp-json\/wp\/v2\/pages\/175","targetHints":{"allow":["GET"]}}],"collection":[{"href":"https:\/\/immediateedge.finance\/pt\/wp-json\/wp\/v2\/pages"}],"about":[{"href":"https:\/\/immediateedge.finance\/pt\/wp-json\/wp\/v2\/types\/page"}],"author":[{"embeddable":true,"href":"https:\/\/immediateedge.finance\/pt\/wp-json\/wp\/v2\/users\/1"}],"replies":[{"embeddable":true,"href":"https:\/\/immediateedge.finance\/pt\/wp-json\/wp\/v2\/comments?post=175"}],"version-history":[{"count":3,"href":"https:\/\/immediateedge.finance\/pt\/wp-json\/wp\/v2\/pages\/175\/revisions"}],"predecessor-version":[{"id":1990,"href":"https:\/\/immediateedge.finance\/pt\/wp-json\/wp\/v2\/pages\/175\/revisions\/1990"}],"wp:attachment":[{"href":"https:\/\/immediateedge.finance\/pt\/wp-json\/wp\/v2\/media?parent=175"}],"curies":[{"name":"wp","href":"https:\/\/api.w.org\/{rel}","templated":true}]}}