{"id":252,"date":"2023-08-23T15:09:04","date_gmt":"2023-08-23T15:09:04","guid":{"rendered":"https:\/\/immediateedge.finance\/?page_id=252"},"modified":"2026-01-02T05:55:41","modified_gmt":"2026-01-02T05:55:41","slug":"contattaci","status":"publish","type":"page","link":"https:\/\/immediateedge.finance\/it\/contact-us\/","title":{"rendered":"Contattaci"},"content":{"rendered":"<div data-elementor-type=\"wp-page\" data-elementor-id=\"252\" class=\"elementor elementor-252\" data-elementor-post-type=\"page\">\n\t\t\t\t<div class=\"elementor-element elementor-element-2ed1b45 e-flex e-con-boxed e-con e-parent\" data-id=\"2ed1b45\" data-element_type=\"container\" data-e-type=\"container\" data-settings=\"{&quot;background_background&quot;:&quot;gradient&quot;}\">\n\t\t\t\t\t<div class=\"e-con-inner\">\n\t\t\t\t<div class=\"elementor-element elementor-element-efe21d1 elementor-widget elementor-widget-heading\" data-id=\"efe21d1\" data-element_type=\"widget\" data-e-type=\"widget\" data-widget_type=\"heading.default\">\n\t\t\t\t\t<h1 class=\"elementor-heading-title elementor-size-default\">Contattaci<\/h1>\t\t\t\t<\/div>\n\t\t\t\t\t<\/div>\n\t\t\t\t<\/div>\n\t\t<div class=\"elementor-element elementor-element-f901707 e-flex e-con-boxed e-con e-parent\" data-id=\"f901707\" data-element_type=\"container\" data-e-type=\"container\" data-settings=\"{&quot;background_background&quot;:&quot;gradient&quot;}\">\n\t\t\t\t\t<div class=\"e-con-inner\">\n\t\t<div class=\"elementor-element elementor-element-9144670 e-con-full e-flex e-con e-child\" data-id=\"9144670\" data-element_type=\"container\" data-e-type=\"container\">\n\t\t\t\t<div class=\"elementor-element elementor-element-b1e7c3e elementor-widget elementor-widget-text-editor\" data-id=\"b1e7c3e\" data-element_type=\"widget\" data-e-type=\"widget\" data-widget_type=\"text-editor.default\">\n\t\t\t\t\t\t\t\t\t<p>Hai bisogno di assistenza con Immediate Edge? Non preoccuparti: il nostro team di supporto dedicato \u00e8 sempre disponibile. Non esitare a contattarci via email o tramite la Live Chat qui sotto, a seconda delle tue esigenze.<\/p>\t\t\t\t\t\t\t\t<\/div>\n\t\t\t\t<div class=\"elementor-element elementor-element-b61bfa5 elementor-widget elementor-widget-text-editor\" data-id=\"b61bfa5\" data-element_type=\"widget\" data-e-type=\"widget\" data-widget_type=\"text-editor.default\">\n\t\t\t\t\t\t\t\t\t<p>Per qualsiasi domanda relativa alle tue attivit\u00e0 di trading, ti preghiamo di rivolgerti a uno dei nostri broker di esecuzione. Se non hai ancora aperto un conto con uno dei nostri broker autorizzati, ti preghiamo di comunicarcelo e faciliteremo la comunicazione diretta con loro.<\/p>\t\t\t\t\t\t\t\t<\/div>\n\t\t\t\t<div class=\"elementor-element elementor-element-594b408 elementor-widget elementor-widget-text-editor\" data-id=\"594b408\" data-element_type=\"widget\" data-e-type=\"widget\" data-widget_type=\"text-editor.default\">\n\t\t\t\t\t\t\t\t\t<p>Il nostro team \u00e8 a tua disposizione dal luned\u00ec al venerd\u00ec, dalle 9:00 alle 18:00, UTC+8.<\/p>\t\t\t\t\t\t\t\t<\/div>\n\t\t\t\t<div class=\"elementor-element elementor-element-e8fc873 elementor-widget elementor-widget-text-editor\" data-id=\"e8fc873\" data-element_type=\"widget\" data-e-type=\"widget\" data-widget_type=\"text-editor.default\">\n\t\t\t\t\t\t\t\t\t<p>Che tu abbia bisogno di assistenza tecnica o voglia approfondire la conoscenza del nostro sistema di trading, il nostro team dedicato \u00e8 al tuo servizio. Siamo qui per garantire che tu possa trarre il massimo valore dalla tua esperienza con Immediate Edge.<\/p>\t\t\t\t\t\t\t\t<\/div>\n\t\t\t\t<div class=\"elementor-element elementor-element-58ae37c elementor-widget elementor-widget-text-editor\" data-id=\"58ae37c\" data-element_type=\"widget\" data-e-type=\"widget\" data-widget_type=\"text-editor.default\">\n\t\t\t\t\t\t\t\t\t<p>\ud83d\udce7 <strong>E-mail:<\/strong> <a style=\"color: red;\" href=\"mailto:support@immediateedge.finance\" rel=\"noopener\">support@immediateedge.finance<\/a><\/p>\t\t\t\t\t\t\t\t<\/div>\n\t\t\t\t<div class=\"elementor-element elementor-element-7ed8f57 elementor-align-left elementor-mobile-align-center elementor-widget elementor-widget-button\" data-id=\"7ed8f57\" data-element_type=\"widget\" data-e-type=\"widget\" data-widget_type=\"button.default\">\n\t\t\t\t\t\t\t\t\t\t<a class=\"elementor-button elementor-button-link elementor-size-sm elementor-animation-grow\" href=\"#replain-link\">\n\t\t\t\t\t\t<span class=\"elementor-button-content-wrapper\">\n\t\t\t\t\t\t\t\t\t<span class=\"elementor-button-text\">Clicca qui per la chat dal vivo<\/span>\n\t\t\t\t\t<\/span>\n\t\t\t\t\t<\/a>\n\t\t\t\t\t\t\t\t<\/div>\n\t\t\t\t<\/div>\n\t\t<div class=\"elementor-element elementor-element-c041c95 e-con-full e-flex e-con e-child\" data-id=\"c041c95\" data-element_type=\"container\" data-e-type=\"container\">\n\t\t\t\t<div class=\"elementor-element elementor-element-c067a35 elementor-widget__width-initial elementor-widget-tablet__width-inherit elementor-widget-mobile__width-initial elementor-widget elementor-widget-shortcode\" data-id=\"c067a35\" data-element_type=\"widget\" data-e-type=\"widget\" data-widget_type=\"shortcode.default\">\n\t\t\t\t\t\t\t<div class=\"elementor-shortcode\"><style>\n\t.fortp {\n    display: flex;\n    align-items: center;\n    gap: 6px;\n}\n\n\t.form-wrapper-trade .formheading {\n\t\tfont-size: 26px;\n\t\tfont-weight: 600;\n\t}\n\n\t@media screen and (max-width: 768px) {\n\t\t.form-wrapper-trade .formheading {\n\t\t\tfont-size: 22px;\n\t\t\tfont-weight: 600;\n\t\t}\n\t}\n\t.form-wrapper-trade,\n\t#customFormWidget {\n\t\tfont-family: 'Poppins', sans-serif;\n\t}\n\t.form-wrapper-trade {\n\t\twidth: 100%;\n\t\tmax-width: 100%; \n\t\tbackground: #434e4a;\n\t\tmargin: 0 auto;\n\t\tpadding: 25px 30px;\n\t\tborder-radius: 10px;\n\t\tbox-shadow: 0 5px 15px rgba(0,0,0,0.1);\n\t\n\t\n\t}\n\t@media screen and (max-width: 991px) {\n\t\t.form-wrapper-trade {\n\t\t\twidth: 100% !important;\n\t\t\tmax-width: 100%;\n\t\t}\n\t}\n\n\t.form-label {\n\t\tdisplay: block;\n\t\tmargin-bottom: 5px;\n\t\tfont-weight: 500;\n\t\tcolor: #ffffff !important;\n\t}\n\tbutton.form-control {\n\t\ttransition: all 0.3s ease;\n\t}\n<\/style>\n<div class=\"form-wrapper-trade\" style=\"max-width: 500px; margin: 0 auto;\">\n\t<div class=\"preloader\" id=\"preloader\"><div class=\"spinner\"><\/div><\/div>\n\n\t<p class=\"formheading form-label\">Explore Trading Opportunities<\/p>\n\n\t<form id=\"customFormWidget\" autocomplete=\"off\" action=\"\">\n\t\t<div class=\"form-group\">\n\t\t\t<label for=\"firstName\" class=\"form-label\">First Name<\/label>\n\t\t\t<input id=\"firstName\" name=\"firstName\" type=\"text\" class=\"form-control\" required \/>\n\t\t<\/div>\n\n\t\t<div class=\"form-group\">\n\t\t\t<label for=\"lastName\" class=\"form-label\">Last Name<\/label>\n\t\t\t<input id=\"lastName\" name=\"lastName\" type=\"text\" class=\"form-control\" required \/>\n\t\t<\/div>\n\n\t\t<div class=\"form-group\">\n\t\t\t<label for=\"email\" class=\"form-label\">Email<\/label>\n\t\t\t<input id=\"email\" name=\"email\" type=\"email\" class=\"form-control\" required \/>\n\t\t<\/div>\n\n\t\t<div class=\"form-group\">\n\t\t\t<label for=\"phone\" class=\"form-label\">Phone Number<\/label>\n\t\t\t<input id=\"phone\" name=\"phone\" type=\"tel\" class=\"form-control\" style=\"width:100%\" required \/>\n\t\t<\/div>\n\n\t\t<div class=\"form-group\">\n\t\t\t<button \n\t\t\t\t\ttype=\"submit\" \n\t\t\t\t\tclass=\"form-control\"\n\t\t\t\t\tstyle=\"background-color: #12231b; \t\t\t\t\t\t   color: #ffffff; \t\t\t\t\t\t   border-radius: 10px;\">\n\t\t\t\tCreare un account\t\t\t<\/button>\n\t\t<\/div>\n\n\t\t<div id=\"formErrorMessage\" class=\"form-message\"><\/div>\n\n\t\t<div class=\"fortp\" style=\"display: block;    text-align: center;    gap: 6px;\">\n \t\t\t        <input type=\"checkbox\" checked=\"checked\" style=\"accent-color: #ffffff;\" id=\"alwaysCheckedCheckbox\" \/>\n\t\t\t<span style=\"font-size: 12px;color:#fff;font-family: Poppins, sans-serif;text-align: center\">\r\n  Ho letto e accetto l'  \r\n  <a href=\"https:\/\/immediateedge.finance\/it\/politica-sulla-riservatezza\/\" style=\"color: white;font-size: 12px;font-weight: bold\">politica sulla riservatezza<\/a> \r\n  and \r\n  <a href=\"https:\/\/immediateedge.finance\/it\/termini-di-utilizzo\/\" style=\"color: white;font-size: 12px;font-weight: bold\">Termini e condizioni<\/a>.\r\n<\/span>\r\n\t\t<\/div>\n\t<input type=\"hidden\" name=\"trp-form-language\" value=\"it\"\/><\/form>\n<\/div>\n<\/div>\n\t\t\t\t\t\t<\/div>\n\t\t\t\t<\/div>\n\t\t\t\t\t<\/div>\n\t\t\t\t<\/div>\n\t\t\t\t<\/div>","protected":false},"excerpt":{"rendered":"<p>Contact Us Require assistance with Immediate Edge? No need to fret \u2013 our dedicated support team is available to help at all times. Feel free to get in touch with us through email or Live Chat below, whichever suits your convenience best. Should you have any questions pertaining to your trading endeavors, we kindly request [&hellip;]<\/p>\n","protected":false},"author":1,"featured_media":0,"parent":0,"menu_order":0,"comment_status":"closed","ping_status":"closed","template":"elementor_header_footer","meta":{"footnotes":""},"class_list":["post-252","page","type-page","status-publish","hentry"],"_links":{"self":[{"href":"https:\/\/immediateedge.finance\/it\/wp-json\/wp\/v2\/pages\/252","targetHints":{"allow":["GET"]}}],"collection":[{"href":"https:\/\/immediateedge.finance\/it\/wp-json\/wp\/v2\/pages"}],"about":[{"href":"https:\/\/immediateedge.finance\/it\/wp-json\/wp\/v2\/types\/page"}],"author":[{"embeddable":true,"href":"https:\/\/immediateedge.finance\/it\/wp-json\/wp\/v2\/users\/1"}],"replies":[{"embeddable":true,"href":"https:\/\/immediateedge.finance\/it\/wp-json\/wp\/v2\/comments?post=252"}],"version-history":[{"count":9,"href":"https:\/\/immediateedge.finance\/it\/wp-json\/wp\/v2\/pages\/252\/revisions"}],"predecessor-version":[{"id":1965,"href":"https:\/\/immediateedge.finance\/it\/wp-json\/wp\/v2\/pages\/252\/revisions\/1965"}],"wp:attachment":[{"href":"https:\/\/immediateedge.finance\/it\/wp-json\/wp\/v2\/media?parent=252"}],"curies":[{"name":"wp","href":"https:\/\/api.w.org\/{rel}","templated":true}]}}