{"id":236,"date":"2023-08-23T14:27:02","date_gmt":"2023-08-23T14:27:02","guid":{"rendered":"https:\/\/immediateedge.finance\/?page_id=236"},"modified":"2025-12-11T08:27:10","modified_gmt":"2025-12-11T08:27:10","slug":"politica-sulla-riservatezza","status":"publish","type":"page","link":"https:\/\/immediateedge.finance\/it\/privacy-policy\/","title":{"rendered":"politica sulla riservatezza"},"content":{"rendered":"<div data-elementor-type=\"wp-page\" data-elementor-id=\"236\" class=\"elementor elementor-236\" data-elementor-post-type=\"page\">\n\t\t\t\t\t\t<section class=\"elementor-section elementor-top-section elementor-element elementor-element-170b34f elementor-section-boxed elementor-section-height-default elementor-section-height-default\" data-id=\"170b34f\" data-element_type=\"section\" data-e-type=\"section\" data-settings=\"{&quot;background_background&quot;:&quot;classic&quot;}\">\n\t\t\t\t\t\t<div class=\"elementor-container elementor-column-gap-default\">\n\t\t\t\t\t<div class=\"elementor-column elementor-col-100 elementor-top-column elementor-element elementor-element-f2f86b6\" data-id=\"f2f86b6\" data-element_type=\"column\" data-e-type=\"column\">\n\t\t\t<div class=\"elementor-widget-wrap elementor-element-populated\">\n\t\t\t\t\t\t<section class=\"elementor-section elementor-inner-section elementor-element elementor-element-2ebbd37 elementor-section-boxed elementor-section-height-default elementor-section-height-default\" data-id=\"2ebbd37\" data-element_type=\"section\" data-e-type=\"section\">\n\t\t\t\t\t\t<div class=\"elementor-container elementor-column-gap-default\">\n\t\t\t\t\t<div class=\"elementor-column elementor-col-100 elementor-inner-column elementor-element elementor-element-08e74b4\" data-id=\"08e74b4\" data-element_type=\"column\" data-e-type=\"column\">\n\t\t\t<div class=\"elementor-widget-wrap elementor-element-populated\">\n\t\t\t\t\t\t<div class=\"elementor-element elementor-element-ace13da elementor-widget elementor-widget-heading\" data-id=\"ace13da\" data-element_type=\"widget\" data-e-type=\"widget\" data-widget_type=\"heading.default\">\n\t\t\t\t\t<h1 class=\"elementor-heading-title elementor-size-default\">politica sulla riservatezza<\/h1>\t\t\t\t<\/div>\n\t\t\t\t<div class=\"elementor-element elementor-element-0465585 elementor-widget elementor-widget-text-editor\" data-id=\"0465585\" data-element_type=\"widget\" data-e-type=\"widget\" data-widget_type=\"text-editor.default\">\n\t\t\t\t\t\t\t\t\t<p><strong>Immediate Edge<\/strong> attribuisce grande importanza alla tutela della privacy di ogni individuo che visita i nostri siti web. La presente informativa sulla privacy serve a notificare gli standard e le condizioni attraverso i quali <strong>Immediate Edge<\/strong> garantisce la protezione delle informazioni fornite dai visitatori dei siti web di propriet\u00e0 e gestiti da <strong>Immediate Edge<\/strong>, inclusi Immediate Momentum Center, Immediate Xgen Edge ESpace e le societ\u00e0 del gruppo. La nostra informativa sulla privacy descrive le nostre pratiche di raccolta delle informazioni e come le tue informazioni potrebbero essere utilizzate. Si prega di notare che questa informativa potrebbe subire modifiche periodiche, pertanto si consiglia di consultarla regolarmente per verificarne la validit\u00e0.<\/p>\t\t\t\t\t\t\t\t<\/div>\n\t\t\t\t<div class=\"elementor-element elementor-element-c08387a elementor-widget elementor-widget-heading\" data-id=\"c08387a\" data-element_type=\"widget\" data-e-type=\"widget\" data-widget_type=\"heading.default\">\n\t\t\t\t\t<h2 class=\"elementor-heading-title elementor-size-default\">Informazioni che raccogliamo\n<\/h2>\t\t\t\t<\/div>\n\t\t\t\t<div class=\"elementor-element elementor-element-c675b62 elementor-widget elementor-widget-text-editor\" data-id=\"c675b62\" data-element_type=\"widget\" data-e-type=\"widget\" data-widget_type=\"text-editor.default\">\n\t\t\t\t\t\t\t\t\t<p>Le informazioni personali che ti verr\u00e0 richiesto di fornire e le ragioni per cui ti verr\u00e0 richiesto di fornirle ti saranno chiarite nel momento in cui ti chiederemo di fornirle. Se ci contatti direttamente, potremmo ricevere ulteriori informazioni su di te, come il tuo nome, indirizzo email, numero di telefono, il contenuto del messaggio e\/o degli allegati che potresti inviarci e qualsiasi altra informazione che potresti scegliere di fornire. Quando registri un Account, potremmo chiederti le tue informazioni di contatto, inclusi dati quali nome, nome dell'azienda, indirizzo, indirizzo email e numero di telefono.<\/p>\t\t\t\t\t\t\t\t<\/div>\n\t\t\t\t<div class=\"elementor-element elementor-element-71db021 elementor-widget elementor-widget-heading\" data-id=\"71db021\" data-element_type=\"widget\" data-e-type=\"widget\" data-widget_type=\"heading.default\">\n\t\t\t\t\t<h2 class=\"elementor-heading-title elementor-size-default\">Informazioni di identificazione personale<\/h2>\t\t\t\t<\/div>\n\t\t\t\t<div class=\"elementor-element elementor-element-d5f8a12 elementor-widget elementor-widget-text-editor\" data-id=\"d5f8a12\" data-element_type=\"widget\" data-e-type=\"widget\" data-widget_type=\"text-editor.default\">\n\t\t\t\t\t\t\t\t\t<p>Il Software raccoglie dati specifici sui visitatori del suo sito web quando forniti volontariamente, ad esempio quando i visitatori richiedono informazioni, acquistano servizi, aprono richieste di assistenza clienti, inviano informazioni relative all'impiego o inviano e-mail. Alcune attivit\u00e0 richiedono la condivisione di informazioni, come effettuare un acquisto, utilizzare una carta di credito per il pagamento, inviare un curriculum o richiedere informazioni specifiche. Quando vengono fornite al Software informazioni personali identificabili tramite i suoi siti web, queste vengono utilizzate per soddisfare la richiesta specifica. Nella maggior parte dei casi, ai visitatori viene data la possibilit\u00e0 di decidere se il Software pu\u00f2 utilizzare queste informazioni per scopi aggiuntivi. \u00c8 anche possibile richiedere al Software di non utilizzare tali informazioni inviando un'e-mail a support@fxrevenge.net. Tuttavia, il Software si riserva il diritto, a sua discrezione, di inviare bollettini e informazioni importanti sui suoi servizi. In assenza di istruzioni specifiche, il Software pu\u00f2 utilizzare le informazioni fornite per informare i visitatori su servizi, prodotti o offerte aggiuntivi del gruppo di aziende del Software, agenti autorizzati e altri fornitori di servizi con cui il Software intrattiene rapporti e le cui offerte potrebbero essere di interesse.<\/p>\t\t\t\t\t\t\t\t<\/div>\n\t\t\t\t<div class=\"elementor-element elementor-element-252f150 elementor-widget elementor-widget-text-editor\" data-id=\"252f150\" data-element_type=\"widget\" data-e-type=\"widget\" data-widget_type=\"text-editor.default\">\n\t\t\t\t\t\t\t\t\t<p>Il Software non vender\u00e0 o scambier\u00e0 informazioni personali identificabili, salvo autorizzazione o obbligo di legge, o in casi che comportino un imminente danno fisico al visitatore o ad altri. Sui siti web in cui i visitatori forniscono informazioni sulla carta di credito o sugli ordini, il Software protegge tali informazioni tramite protocolli di sicurezza e crittografia standard basati sul web, come Secure Socket Layer (SSL) e Secure Electronic Transaction (SET). Quando i visitatori condividono volontariamente feedback, dati, risposte, domande, commenti, suggerimenti, idee o informazioni simili su determinati siti, il Software considera tale parte delle informazioni come non riservata e non proprietaria. Salvo diversa indicazione nella presente informativa sulla privacy, il Software non si assume alcun obbligo di proteggere tali informazioni dalla divulgazione.<\/p>\t\t\t\t\t\t\t\t<\/div>\n\t\t\t\t<div class=\"elementor-element elementor-element-5b9facd elementor-widget elementor-widget-text-editor\" data-id=\"5b9facd\" data-element_type=\"widget\" data-e-type=\"widget\" data-widget_type=\"text-editor.default\">\n\t\t\t\t\t\t\t\t\t<p>Gli esempi presentati in questo materiale non devono essere interpretati come una promessa o una garanzia di guadagno. Il potenziale di guadagno dipende interamente dall'individuo che utilizza il prodotto, le idee, le tecniche e l'impegno investito. Questo materiale non \u00e8 presentato come un \"piano per arricchirsi\" e si consiglia di non considerarlo tale.<\/p>\t\t\t\t\t\t\t\t<\/div>\n\t\t\t\t<div class=\"elementor-element elementor-element-35b6225 elementor-widget elementor-widget-heading\" data-id=\"35b6225\" data-element_type=\"widget\" data-e-type=\"widget\" data-widget_type=\"heading.default\">\n\t\t\t\t\t<h2 class=\"elementor-heading-title elementor-size-default\"> Informazioni non personali (generiche)<\/h2>\t\t\t\t<\/div>\n\t\t\t\t<div class=\"elementor-element elementor-element-ec9ec4f elementor-widget elementor-widget-text-editor\" data-id=\"ec9ec4f\" data-element_type=\"widget\" data-e-type=\"widget\" data-widget_type=\"text-editor.default\">\n\t\t\t\t\t\t\t\t\t<p>Come prassi generale, il Software raccoglie automaticamente alcune informazioni generiche. Queste informazioni generiche non rivelano l'identit\u00e0 del visitatore e in genere consistono in dettagli come l'indirizzo Internet assegnato al computer del visitatore, la frequenza delle visite e gli specifici siti del Software visitati. Lo scopo della raccolta di queste informazioni \u00e8 valutare i requisiti del servizio clienti e le esigenze del sito web. A tal fine, vengono utilizzate alcune tecnologie, tra cui i \"cookie\" (che forniscono ai visitatori informazioni personalizzate sui servizi del Software). \u00c8 importante notare che le informazioni raccolte tramite questo metodo non vengono combinate con informazioni di identificazione personale. I visitatori hanno la possibilit\u00e0 di configurare le impostazioni del proprio browser per ricevere notifiche quando ricevono un cookie e possono scegliere di rifiutarlo.<\/p>\t\t\t\t\t\t\t\t<\/div>\n\t\t\t\t<div class=\"elementor-element elementor-element-2688b7d elementor-widget elementor-widget-heading\" data-id=\"2688b7d\" data-element_type=\"widget\" data-e-type=\"widget\" data-widget_type=\"heading.default\">\n\t\t\t\t\t<h2 class=\"elementor-heading-title elementor-size-default\">Il tuo sito web ospitato dal software, server, bacheche, forum, siti di terze parti<\/h2>\t\t\t\t<\/div>\n\t\t\t\t<div class=\"elementor-element elementor-element-b6c1fb7 elementor-widget elementor-widget-text-editor\" data-id=\"b6c1fb7\" data-element_type=\"widget\" data-e-type=\"widget\" data-widget_type=\"text-editor.default\">\n\t\t\t\t\t\t\t\t\t<p>Qualsiasi informazione condivisa in uno spazio pubblico, come una bacheca, una chat room o un sito web ospitato dal Software, diventa accessibile a chiunque visiti tale spazio. Il Software non \u00e8 in grado di garantire la protezione delle informazioni divulgate in tali aree. Inoltre, i siti web del Software potrebbero contenere link a siti di terze parti non affiliati al Software. In tali casi, il Software non \u00e8 in grado di garantire la sicurezza delle informazioni divulgate su tali siti esterni e consiglia di consultare le informative sulla privacy di tali siti prima di visitarli.<\/p>\t\t\t\t\t\t\t\t<\/div>\n\t\t\t\t<div class=\"elementor-element elementor-element-39bb437 elementor-widget elementor-widget-heading\" data-id=\"39bb437\" data-element_type=\"widget\" data-e-type=\"widget\" data-widget_type=\"heading.default\">\n\t\t\t\t\t<h2 class=\"elementor-heading-title elementor-size-default\">Eccezioni e limitazioni<\/h2>\t\t\t\t<\/div>\n\t\t\t\t<div class=\"elementor-element elementor-element-27870a6 elementor-widget elementor-widget-text-editor\" data-id=\"27870a6\" data-element_type=\"widget\" data-e-type=\"widget\" data-widget_type=\"text-editor.default\">\n\t\t\t\t\t\t\t\t\t<p>Nel rispetto delle leggi applicabili, il Software<\/p><p>(i) collabora pienamente con le autorit\u00e0 statali, locali e federali in qualsiasi indagine riguardante il contenuto (incluse le comunicazioni elettroniche personali o private trasmesse al Software) o presunte attivit\u00e0 illecite di qualsiasi utente del Servizio, e<br \/>(ii) adotta misure ragionevoli per salvaguardare i propri diritti proprietari. Nell'ambito limitato di tale cooperazione e di tali misure e in conformit\u00e0 con le leggi pertinenti, il Software potrebbe dover divulgare informazioni di identificazione personale. Inoltre, il Software potrebbe scegliere di monitorare aree di comunicazione di qualsiasi tipo.<\/p><p>(i) per ottemperare a qualsiasi legge, regolamento o richiesta governativa;<br \/>(ii) se tale divulgazione \u00e8 necessaria per il funzionamento del Software; o<br \/>(iii) per proteggere i diritti o la propriet\u00e0 del Software o di altri.<\/p><p>In relazione alla potenziale vendita o trasferimento di uno qualsiasi dei suoi interessi nel Software e negli altri siti di propriet\u00e0 del Software, la societ\u00e0 si riserva il diritto di vendere o trasferire le tue informazioni (inclusi, ma non limitati a, nome, informazioni sull'indirizzo e altre informazioni fornite al Software) a una terza parte che<br \/>(i) \u00e8 specializzata in prodotti o servizi di comunicazione;<br \/>(ii) accetta di subentrare negli interessi del Software in merito alla manutenzione e alla salvaguardia delle informazioni raccolte; e<br \/>(iii) accetta di rispettare gli obblighi indicati nella presente informativa sulla privacy.<\/p>\t\t\t\t\t\t\t\t<\/div>\n\t\t\t\t<div class=\"elementor-element elementor-element-445e537 elementor-widget elementor-widget-heading\" data-id=\"445e537\" data-element_type=\"widget\" data-e-type=\"widget\" data-widget_type=\"heading.default\">\n\t\t\t\t\t<h2 class=\"elementor-heading-title elementor-size-default\">Contattaci<\/h2>\t\t\t\t<\/div>\n\t\t\t\t<div class=\"elementor-element elementor-element-ca1c49f elementor-widget elementor-widget-text-editor\" data-id=\"ca1c49f\" data-element_type=\"widget\" data-e-type=\"widget\" data-widget_type=\"text-editor.default\">\n\t\t\t\t\t\t\t\t\t<p>Per qualsiasi domanda o dubbio relativo alla privacy, contattateci a:<br \/>\ud83d\udce7 <strong>E-mail:<\/strong> <a style=\"color: red;\" href=\"mailto:support@immediateedge.finance\" rel=\"noopener\">support@immediateedge.finance<\/a><\/p><p>Potremmo aggiornare la presente Informativa sulla privacy di volta in volta. Ti preghiamo di consultarla periodicamente per eventuali modifiche.<\/p>\t\t\t\t\t\t\t\t<\/div>\n\t\t\t\t\t<\/div>\n\t\t<\/div>\n\t\t\t\t\t<\/div>\n\t\t<\/section>\n\t\t\t\t\t<\/div>\n\t\t<\/div>\n\t\t\t\t\t<\/div>\n\t\t<\/section>\n\t\t\t\t<\/div>","protected":false},"excerpt":{"rendered":"<p>Privacy Policy Immediate Edge places great importance on safeguarding the privacy of every individual who visits our websites. This privacy statement serves as a notification of the standards and conditions through which Immediate Edge ensures the protection of information provided by visitors to websites owned and operated by Immediate Edge, including Immediate Momentum Center, Immediate [&hellip;]<\/p>\n","protected":false},"author":1,"featured_media":0,"parent":0,"menu_order":0,"comment_status":"closed","ping_status":"closed","template":"elementor_header_footer","meta":{"footnotes":""},"class_list":["post-236","page","type-page","status-publish","hentry"],"_links":{"self":[{"href":"https:\/\/immediateedge.finance\/it\/wp-json\/wp\/v2\/pages\/236","targetHints":{"allow":["GET"]}}],"collection":[{"href":"https:\/\/immediateedge.finance\/it\/wp-json\/wp\/v2\/pages"}],"about":[{"href":"https:\/\/immediateedge.finance\/it\/wp-json\/wp\/v2\/types\/page"}],"author":[{"embeddable":true,"href":"https:\/\/immediateedge.finance\/it\/wp-json\/wp\/v2\/users\/1"}],"replies":[{"embeddable":true,"href":"https:\/\/immediateedge.finance\/it\/wp-json\/wp\/v2\/comments?post=236"}],"version-history":[{"count":0,"href":"https:\/\/immediateedge.finance\/it\/wp-json\/wp\/v2\/pages\/236\/revisions"}],"wp:attachment":[{"href":"https:\/\/immediateedge.finance\/it\/wp-json\/wp\/v2\/media?parent=236"}],"curies":[{"name":"wp","href":"https:\/\/api.w.org\/{rel}","templated":true}]}}