{"id":175,"date":"2023-08-23T13:09:06","date_gmt":"2023-08-23T13:09:06","guid":{"rendered":"https:\/\/immediateedge.finance\/?page_id=175"},"modified":"2026-01-02T06:39:45","modified_gmt":"2026-01-02T06:39:45","slug":"chi-siamo","status":"publish","type":"page","link":"https:\/\/immediateedge.finance\/it\/about-us\/","title":{"rendered":"Chi siamo"},"content":{"rendered":"<div data-elementor-type=\"wp-page\" data-elementor-id=\"175\" class=\"elementor elementor-175\" data-elementor-post-type=\"page\">\n\t\t\t\t<div class=\"elementor-element elementor-element-d0320a6 e-flex e-con-boxed e-con e-parent\" data-id=\"d0320a6\" data-element_type=\"container\" data-e-type=\"container\" data-settings=\"{&quot;background_background&quot;:&quot;gradient&quot;}\">\n\t\t\t\t\t<div class=\"e-con-inner\">\n\t\t\t\t<div class=\"elementor-element elementor-element-5f06557 elementor-widget elementor-widget-heading\" data-id=\"5f06557\" data-element_type=\"widget\" data-e-type=\"widget\" data-widget_type=\"heading.default\">\n\t\t\t\t\t<h1 class=\"elementor-heading-title elementor-size-default\">Chi siamo<\/h1>\t\t\t\t<\/div>\n\t\t\t\t\t<\/div>\n\t\t\t\t<\/div>\n\t\t<div class=\"elementor-element elementor-element-ef1f495 e-flex e-con-boxed e-con e-parent\" data-id=\"ef1f495\" data-element_type=\"container\" data-e-type=\"container\" data-settings=\"{&quot;background_background&quot;:&quot;gradient&quot;}\">\n\t\t\t\t\t<div class=\"e-con-inner\">\n\t\t<div class=\"elementor-element elementor-element-70fe078 e-con-full e-flex e-con e-child\" data-id=\"70fe078\" data-element_type=\"container\" data-e-type=\"container\">\n\t\t\t\t<div class=\"elementor-element elementor-element-4db8e18 elementor-widget elementor-widget-heading\" data-id=\"4db8e18\" data-element_type=\"widget\" data-e-type=\"widget\" data-widget_type=\"heading.default\">\n\t\t\t\t\t<h2 class=\"elementor-heading-title elementor-size-default\">Chi siamo?<\/h2>\t\t\t\t<\/div>\n\t\t\t\t<div class=\"elementor-element elementor-element-832b77d elementor-widget elementor-widget-text-editor\" data-id=\"832b77d\" data-element_type=\"widget\" data-e-type=\"widget\" data-widget_type=\"text-editor.default\">\n\t\t\t\t\t\t\t\t\t<p>Incontra i pionieri di Immediate Edge: un team di giovani imprenditori entusiasti, determinati e competenti. Ma cosa ci distingue? La nostra incrollabile dedizione a guidare il cambiamento attraverso l'innovazione.<\/p><p>Grazie alla nostra esperienza nel trading, abbiamo compreso appieno le sfide che comporta affidarsi alle emozioni e alle incertezze umane per ottenere profitti. Aspiravamo a un approccio superiore: uno strumento che fosse fluido, preciso, affidabile e intuitivo. Questo ci ha portato a unire le nostre competenze e a sviluppare un sistema di trading che garantisse costantemente operazioni di successo.<\/p><p>Vi presentiamo Immediate Edge, la nostra applicazione che ottimizza il trading online per i trader in ogni fase del loro percorso. Che siate professionisti esperti o alle prime armi, il nostro software arricchisce le vostre competenze e massimizza i potenziali guadagni. Combina armoniosamente tecnologia all'avanguardia e intuizioni umane.<\/p><p>Il nostro impegno non si ferma qui. Ascoltiamo costantemente il feedback della nostra community di membri e perfezioniamo e testiamo costantemente il nostro software. Perch\u00e9? Perch\u00e9 il nostro obiettivo principale \u00e8 favorire il successo dei trader. Unisciti a noi e immergiti nel potenziale di Immediate Edge.<\/p>\t\t\t\t\t\t\t\t<\/div>\n\t\t\t\t<\/div>\n\t\t<div class=\"elementor-element elementor-element-62e8c7f e-con-full e-flex e-con e-child\" data-id=\"62e8c7f\" data-element_type=\"container\" data-e-type=\"container\">\n\t\t\t\t<div class=\"elementor-element elementor-element-e3936e0 elementor-widget-mobile__width-initial elementor-widget elementor-widget-image\" data-id=\"e3936e0\" data-element_type=\"widget\" data-e-type=\"widget\" data-widget_type=\"image.default\">\n\t\t\t\t\t\t\t\t\t\t\t\t\t\t\t<img fetchpriority=\"high\" decoding=\"async\" width=\"800\" height=\"635\" src=\"https:\/\/immediateedge.finance\/wp-content\/uploads\/2024\/02\/banner-img-9-2-1-1.webp\" class=\"attachment-large size-large wp-image-556\" alt=\"bandiera\" srcset=\"https:\/\/immediateedge.finance\/wp-content\/uploads\/2024\/02\/banner-img-9-2-1-1.webp 866w, https:\/\/immediateedge.finance\/wp-content\/uploads\/2024\/02\/banner-img-9-2-1-1-300x238.webp 300w, https:\/\/immediateedge.finance\/wp-content\/uploads\/2024\/02\/banner-img-9-2-1-1-768x609.webp 768w\" sizes=\"(max-width: 800px) 100vw, 800px\" \/>\t\t\t\t\t\t\t\t\t\t\t\t\t\t\t<\/div>\n\t\t\t\t<\/div>\n\t\t\t\t\t<\/div>\n\t\t\t\t<\/div>\n\t\t<div class=\"elementor-element elementor-element-0785b42 e-flex e-con-boxed e-con e-parent\" data-id=\"0785b42\" data-element_type=\"container\" data-e-type=\"container\">\n\t\t\t\t\t<div class=\"e-con-inner\">\n\t\t<div class=\"elementor-element elementor-element-1006b57 e-con-full e-flex e-con e-child\" data-id=\"1006b57\" data-element_type=\"container\" data-e-type=\"container\">\n\t\t\t\t<div class=\"elementor-element elementor-element-3d19dd9 elementor-widget elementor-widget-heading\" data-id=\"3d19dd9\" data-element_type=\"widget\" data-e-type=\"widget\" data-widget_type=\"heading.default\">\n\t\t\t\t\t<h2 class=\"elementor-heading-title elementor-size-default\">Vantaggi della piattaforma Immediate Edge<\/h2>\t\t\t\t<\/div>\n\t\t\t\t<div class=\"elementor-element elementor-element-1eb9f8b elementor-widget elementor-widget-text-editor\" data-id=\"1eb9f8b\" data-element_type=\"widget\" data-e-type=\"widget\" data-widget_type=\"text-editor.default\">\n\t\t\t\t\t\t\t\t\t<ul><li style=\"font-weight: 400;\" aria-level=\"1\"><span style=\"font-weight: 400;\">Immediate Edge Crypto \u00e8 un'app di trading che analizza le tendenze del mercato in microsecondi.<\/span><\/li><li style=\"font-weight: 400;\" aria-level=\"1\"><span style=\"font-weight: 400;\">Ti fornisce gli aggiornamenti per migliorare il tuo trading.<\/span><\/li><li style=\"font-weight: 400;\" aria-level=\"1\"><span style=\"font-weight: 400;\">Fornisce informazioni dense che gli esseri umani trovano complesse da analizzare da soli.<\/span><\/li><li style=\"font-weight: 400;\" aria-level=\"1\"><span style=\"font-weight: 400;\">Questa app ti aiuta ad agire con maggiore sicurezza e chiarezza.<\/span><\/li><li style=\"font-weight: 400;\" aria-level=\"1\"><span style=\"font-weight: 400;\">Immediate Edge UK \u00e8 la soluzione migliore per i trader inesperti.<\/span><\/li><li style=\"font-weight: 400;\" aria-level=\"1\"><span style=\"font-weight: 400;\">Utilizzando questa app, puoi individuare le opportunit\u00e0 in anticipo. Ti avvisa in anticipo dei movimenti pi\u00f9 importanti.\u00a0<\/span><\/li><li style=\"font-weight: 400;\" aria-level=\"1\"><span style=\"font-weight: 400;\">Gli aggiornamenti porteranno a scambi pi\u00f9 redditizi e a un processo decisionale migliore.<\/span><\/li><li style=\"font-weight: 400;\" aria-level=\"1\"><span style=\"font-weight: 400;\">Grazie a un'interfaccia intuitiva e a metodi di pagamento sicuri come bonifici bancari, portafogli elettronici o depositi con carta di credito\/debito, l'app \u00e8 facile da usare per fare trading.<\/span><\/li><li style=\"font-weight: 400;\" aria-level=\"1\"><span style=\"font-weight: 400;\">Offre inoltre depositi e prelievi molto rapidi.<\/span><\/li><li style=\"font-weight: 400;\" aria-level=\"1\"><span style=\"font-weight: 400;\">Grazie a questa app puoi gestire facilmente i tuoi fondi mentre fai trading.<\/span><\/li><li aria-level=\"1\"><span style=\"font-weight: 400;\">La piattaforma Immediate Edge ha utilizzato le tecnologie pi\u00f9 recenti per proteggere i dati degli utenti.<\/span><\/li><li aria-level=\"1\">Rispetta inoltre le norme e i regolamenti per garantire un ambiente di trading sicuro.<\/li><\/ul>\t\t\t\t\t\t\t\t<\/div>\n\t\t\t\t<\/div>\n\t\t<div class=\"elementor-element elementor-element-63f80ae e-con-full e-flex e-con e-child\" data-id=\"63f80ae\" data-element_type=\"container\" data-e-type=\"container\">\n\t\t\t\t<div class=\"elementor-element elementor-element-b0fc94d elementor-widget-mobile__width-initial elementor-widget elementor-widget-image\" data-id=\"b0fc94d\" data-element_type=\"widget\" data-e-type=\"widget\" data-widget_type=\"image.default\">\n\t\t\t\t\t\t\t\t\t\t\t\t\t\t\t<img decoding=\"async\" width=\"729\" height=\"734\" src=\"https:\/\/immediateedge.finance\/wp-content\/uploads\/2025\/12\/mockup-3.webp\" class=\"attachment-full size-full wp-image-1811\" alt=\"\" srcset=\"https:\/\/immediateedge.finance\/wp-content\/uploads\/2025\/12\/mockup-3.webp 729w, https:\/\/immediateedge.finance\/wp-content\/uploads\/2025\/12\/mockup-3-298x300.webp 298w, https:\/\/immediateedge.finance\/wp-content\/uploads\/2025\/12\/mockup-3-150x150.webp 150w, https:\/\/immediateedge.finance\/wp-content\/uploads\/2025\/12\/mockup-3-12x12.webp 12w\" sizes=\"(max-width: 729px) 100vw, 729px\" \/>\t\t\t\t\t\t\t\t\t\t\t\t\t\t\t<\/div>\n\t\t\t\t<\/div>\n\t\t\t\t\t<\/div>\n\t\t\t\t<\/div>\n\t\t<div class=\"elementor-element elementor-element-5354bc6 e-flex e-con-boxed e-con e-parent\" data-id=\"5354bc6\" data-element_type=\"container\" data-e-type=\"container\">\n\t\t\t\t\t<div class=\"e-con-inner\">\n\t\t<div class=\"elementor-element elementor-element-a94c792 e-con-full elementor-hidden-mobile e-flex e-con e-child\" data-id=\"a94c792\" data-element_type=\"container\" data-e-type=\"container\">\n\t\t\t\t<div class=\"elementor-element elementor-element-766137a elementor-widget elementor-widget-image\" data-id=\"766137a\" data-element_type=\"widget\" data-e-type=\"widget\" data-widget_type=\"image.default\">\n\t\t\t\t\t\t\t\t\t\t\t\t\t\t\t<img decoding=\"async\" width=\"1024\" height=\"1024\" src=\"https:\/\/immediateedge.finance\/wp-content\/uploads\/2024\/02\/photo_5981279900495101644.webp\" class=\"attachment-full size-full wp-image-746\" alt=\"asset\" srcset=\"https:\/\/immediateedge.finance\/wp-content\/uploads\/2024\/02\/photo_5981279900495101644.webp 1024w, https:\/\/immediateedge.finance\/wp-content\/uploads\/2024\/02\/photo_5981279900495101644-300x300.webp 300w, https:\/\/immediateedge.finance\/wp-content\/uploads\/2024\/02\/photo_5981279900495101644-150x150.webp 150w, https:\/\/immediateedge.finance\/wp-content\/uploads\/2024\/02\/photo_5981279900495101644-768x768.webp 768w\" sizes=\"(max-width: 1024px) 100vw, 1024px\" \/>\t\t\t\t\t\t\t\t\t\t\t\t\t\t\t<\/div>\n\t\t\t\t<\/div>\n\t\t<div class=\"elementor-element elementor-element-6619c55 e-con-full e-flex e-con e-child\" data-id=\"6619c55\" data-element_type=\"container\" data-e-type=\"container\">\n\t\t\t\t<div class=\"elementor-element elementor-element-011f000 elementor-widget elementor-widget-heading\" data-id=\"011f000\" data-element_type=\"widget\" data-e-type=\"widget\" data-widget_type=\"heading.default\">\n\t\t\t\t\t<h2 class=\"elementor-heading-title elementor-size-default\">Cosa sono le attivit\u00e0 di mercato?<\/h2>\t\t\t\t<\/div>\n\t\t\t\t<div class=\"elementor-element elementor-element-3c5efcb elementor-widget elementor-widget-text-editor\" data-id=\"3c5efcb\" data-element_type=\"widget\" data-e-type=\"widget\" data-widget_type=\"text-editor.default\">\n\t\t\t\t\t\t\t\t\t<p>Gli asset di mercato sono la tipologia di asset negoziabile pi\u00f9 diffusa, con oltre 10.000 valute digitali attualmente sul mercato. Sebbene esistano molti altri investimenti simili, nessuno eguaglia la popolarit\u00e0, il riconoscimento e il rispetto degli investimenti in asset finanziari. Gli asset finanziari sono pi\u00f9 sicuri rispetto a quelli emergenti e meno noti, data l'ampia base di utenti e una consolidata storia di successo. Immediate Edge Canada consente la negoziazione di questi asset.<\/p>\t\t\t\t\t\t\t\t<\/div>\n\t\t\t\t<\/div>\n\t\t\t\t\t<\/div>\n\t\t\t\t<\/div>\n\t\t\t\t<\/div>","protected":false},"excerpt":{"rendered":"<p>About Us Who Are We? Meet the pioneers behind Immediate Edge \u2013 a team of enthusiastic, determined, and knowledgeable young entrepreneurs. Yet, what sets us apart? Our unyielding dedication to driving change through innovation. Armed with a trading background, we intimately understood the challenges of relying on human emotions and uncertainties to achieve profitable trades. [&hellip;]<\/p>\n","protected":false},"author":1,"featured_media":0,"parent":0,"menu_order":0,"comment_status":"closed","ping_status":"closed","template":"elementor_header_footer","meta":{"footnotes":""},"class_list":["post-175","page","type-page","status-publish","hentry"],"_links":{"self":[{"href":"https:\/\/immediateedge.finance\/it\/wp-json\/wp\/v2\/pages\/175","targetHints":{"allow":["GET"]}}],"collection":[{"href":"https:\/\/immediateedge.finance\/it\/wp-json\/wp\/v2\/pages"}],"about":[{"href":"https:\/\/immediateedge.finance\/it\/wp-json\/wp\/v2\/types\/page"}],"author":[{"embeddable":true,"href":"https:\/\/immediateedge.finance\/it\/wp-json\/wp\/v2\/users\/1"}],"replies":[{"embeddable":true,"href":"https:\/\/immediateedge.finance\/it\/wp-json\/wp\/v2\/comments?post=175"}],"version-history":[{"count":3,"href":"https:\/\/immediateedge.finance\/it\/wp-json\/wp\/v2\/pages\/175\/revisions"}],"predecessor-version":[{"id":1990,"href":"https:\/\/immediateedge.finance\/it\/wp-json\/wp\/v2\/pages\/175\/revisions\/1990"}],"wp:attachment":[{"href":"https:\/\/immediateedge.finance\/it\/wp-json\/wp\/v2\/media?parent=175"}],"curies":[{"name":"wp","href":"https:\/\/api.w.org\/{rel}","templated":true}]}}