{"id":236,"date":"2023-08-23T14:27:02","date_gmt":"2023-08-23T14:27:02","guid":{"rendered":"https:\/\/immediateedge.finance\/?page_id=236"},"modified":"2025-12-11T08:27:10","modified_gmt":"2025-12-11T08:27:10","slug":"politique-de-confidentialite","status":"publish","type":"page","link":"https:\/\/immediateedge.finance\/fr\/privacy-policy\/","title":{"rendered":"Politique de confidentialit\u00e9"},"content":{"rendered":"<div data-elementor-type=\"wp-page\" data-elementor-id=\"236\" class=\"elementor elementor-236\" data-elementor-post-type=\"page\">\n\t\t\t\t\t\t<section class=\"elementor-section elementor-top-section elementor-element elementor-element-170b34f elementor-section-boxed elementor-section-height-default elementor-section-height-default\" data-id=\"170b34f\" data-element_type=\"section\" data-e-type=\"section\" data-settings=\"{&quot;background_background&quot;:&quot;classic&quot;}\">\n\t\t\t\t\t\t<div class=\"elementor-container elementor-column-gap-default\">\n\t\t\t\t\t<div class=\"elementor-column elementor-col-100 elementor-top-column elementor-element elementor-element-f2f86b6\" data-id=\"f2f86b6\" data-element_type=\"column\" data-e-type=\"column\">\n\t\t\t<div class=\"elementor-widget-wrap elementor-element-populated\">\n\t\t\t\t\t\t<section class=\"elementor-section elementor-inner-section elementor-element elementor-element-2ebbd37 elementor-section-boxed elementor-section-height-default elementor-section-height-default\" data-id=\"2ebbd37\" data-element_type=\"section\" data-e-type=\"section\">\n\t\t\t\t\t\t<div class=\"elementor-container elementor-column-gap-default\">\n\t\t\t\t\t<div class=\"elementor-column elementor-col-100 elementor-inner-column elementor-element elementor-element-08e74b4\" data-id=\"08e74b4\" data-element_type=\"column\" data-e-type=\"column\">\n\t\t\t<div class=\"elementor-widget-wrap elementor-element-populated\">\n\t\t\t\t\t\t<div class=\"elementor-element elementor-element-ace13da elementor-widget elementor-widget-heading\" data-id=\"ace13da\" data-element_type=\"widget\" data-e-type=\"widget\" data-widget_type=\"heading.default\">\n\t\t\t\t\t<h1 class=\"elementor-heading-title elementor-size-default\">Politique de confidentialit\u00e9<\/h1>\t\t\t\t<\/div>\n\t\t\t\t<div class=\"elementor-element elementor-element-0465585 elementor-widget elementor-widget-text-editor\" data-id=\"0465585\" data-element_type=\"widget\" data-e-type=\"widget\" data-widget_type=\"text-editor.default\">\n\t\t\t\t\t\t\t\t\t<p><strong>Immediate Edge<\/strong> accorde une grande importance \u00e0 la protection de la vie priv\u00e9e de chaque visiteur de nos sites web. La pr\u00e9sente d\u00e9claration de confidentialit\u00e9 vous informe des normes et conditions auxquelles nous sommes soumis. <strong>Immediate Edge<\/strong> assure la protection des informations fournies par les visiteurs des sites Web d\u00e9tenus et exploit\u00e9s par <strong>Immediate Edge<\/strong>, y compris Immediate Momentum Center, Immediate Xgen Edge ESpace et les soci\u00e9t\u00e9s du groupe. Notre d\u00e9claration de confidentialit\u00e9 d\u00e9crit nos pratiques de collecte d'informations et la mani\u00e8re dont elles peuvent \u00eatre utilis\u00e9es. Veuillez noter que cette politique est susceptible d'\u00eatre modifi\u00e9e p\u00e9riodiquement\u00a0; nous vous recommandons donc de la consulter r\u00e9guli\u00e8rement pour prendre connaissance de ces informations.<\/p>\t\t\t\t\t\t\t\t<\/div>\n\t\t\t\t<div class=\"elementor-element elementor-element-c08387a elementor-widget elementor-widget-heading\" data-id=\"c08387a\" data-element_type=\"widget\" data-e-type=\"widget\" data-widget_type=\"heading.default\">\n\t\t\t\t\t<h2 class=\"elementor-heading-title elementor-size-default\">Informations que nous collectons\n<\/h2>\t\t\t\t<\/div>\n\t\t\t\t<div class=\"elementor-element elementor-element-c675b62 elementor-widget elementor-widget-text-editor\" data-id=\"c675b62\" data-element_type=\"widget\" data-e-type=\"widget\" data-widget_type=\"text-editor.default\">\n\t\t\t\t\t\t\t\t\t<p>Les informations personnelles que vous \u00eates invit\u00e9 \u00e0 fournir, et les raisons pour lesquelles il vous est demand\u00e9 de les fournir, vous seront clairement indiqu\u00e9es au moment o\u00f9 nous vous demanderons de fournir vos informations personnelles. Si vous nous contactez directement, nous pouvons recevoir des informations suppl\u00e9mentaires vous concernant, telles que votre nom, votre adresse e-mail, votre num\u00e9ro de t\u00e9l\u00e9phone, le contenu du message et\/ou des pi\u00e8ces jointes que vous pouvez nous envoyer, ainsi que toute autre information que vous pouvez choisir de fournir. Lorsque vous cr\u00e9ez un compte, nous pouvons vous demander vos coordonn\u00e9es, y compris des \u00e9l\u00e9ments tels que votre nom, le nom de votre entreprise, votre adresse, votre adresse e-mail et votre num\u00e9ro de t\u00e9l\u00e9phone.<\/p>\t\t\t\t\t\t\t\t<\/div>\n\t\t\t\t<div class=\"elementor-element elementor-element-71db021 elementor-widget elementor-widget-heading\" data-id=\"71db021\" data-element_type=\"widget\" data-e-type=\"widget\" data-widget_type=\"heading.default\">\n\t\t\t\t\t<h2 class=\"elementor-heading-title elementor-size-default\">Informations personnelles identifiables<\/h2>\t\t\t\t<\/div>\n\t\t\t\t<div class=\"elementor-element elementor-element-d5f8a12 elementor-widget elementor-widget-text-editor\" data-id=\"d5f8a12\" data-element_type=\"widget\" data-e-type=\"widget\" data-widget_type=\"text-editor.default\">\n\t\t\t\t\t\t\t\t\t<p>Le logiciel recueille des donn\u00e9es sp\u00e9cifiques sur les visiteurs de son site web lorsqu'ils les fournissent volontairement, par exemple lorsqu'ils demandent des informations, ach\u00e8tent des services, posent des questions au service client\u00e8le, soumettent des informations relatives \u00e0 l'emploi ou envoient des courriers \u00e9lectroniques. Certaines activit\u00e9s n\u00e9cessitent le partage d'informations, comme un achat, l'utilisation d'une carte de cr\u00e9dit pour le paiement, la soumission d'un curriculum vitae ou la demande d'informations sp\u00e9cifiques. Lorsque des informations personnelles identifiables sont communiqu\u00e9es \u00e0 The Software par l'interm\u00e9diaire de ses sites web, elles sont utilis\u00e9es pour r\u00e9pondre \u00e0 la demande sp\u00e9cifique formul\u00e9e. Dans la plupart des cas, les visiteurs ont la possibilit\u00e9 de d\u00e9cider si The Software peut utiliser ces informations \u00e0 d'autres fins. Il est \u00e9galement possible de demander \u00e0 The Software de ne pas utiliser ces informations en envoyant un e-mail \u00e0 support@fxrevenge.net. Toutefois, le logiciel se r\u00e9serve le droit, \u00e0 sa discr\u00e9tion, d'envoyer des bulletins et des informations importantes sur ses services. En l'absence d'instructions sp\u00e9cifiques, le logiciel peut utiliser les informations fournies pour informer les visiteurs des services, produits ou offres suppl\u00e9mentaires de la famille de soci\u00e9t\u00e9s du logiciel, des agents autoris\u00e9s et d'autres fournisseurs de services avec lesquels le logiciel entretient des relations et dont les offres pourraient \u00eatre int\u00e9ressantes.<\/p>\t\t\t\t\t\t\t\t<\/div>\n\t\t\t\t<div class=\"elementor-element elementor-element-252f150 elementor-widget elementor-widget-text-editor\" data-id=\"252f150\" data-element_type=\"widget\" data-e-type=\"widget\" data-widget_type=\"text-editor.default\">\n\t\t\t\t\t\t\t\t\t<p>Le logiciel ne vendra ni n'\u00e9changera d'informations personnelles identifiables \u00e0 moins d'y \u00eatre autoris\u00e9 ou d'y \u00eatre l\u00e9galement contraint, ou dans des cas impliquant un pr\u00e9judice physique imminent pour le visiteur ou d'autres personnes. Sur les sites Web o\u00f9 les visiteurs fournissent des informations relatives \u00e0 leur carte de cr\u00e9dit ou \u00e0 leur commande, The Software s\u00e9curise ces informations par le biais de protocoles de s\u00e9curit\u00e9 et de cryptage standard, tels que Secure Socket Layer (SSL) et Secure Electronic Transaction (SET). Lorsque les visiteurs partagent volontairement des informations en retour, des donn\u00e9es, des r\u00e9ponses, des questions, des commentaires, des suggestions, des id\u00e9es ou des informations similaires sur certains sites, le logiciel consid\u00e8re cette partie des informations comme non confidentielle et non exclusive. Sauf indication contraire dans la pr\u00e9sente d\u00e9claration de confidentialit\u00e9, le logiciel n'a aucune obligation de prot\u00e9ger ces informations contre la divulgation.<\/p>\t\t\t\t\t\t\t\t<\/div>\n\t\t\t\t<div class=\"elementor-element elementor-element-5b9facd elementor-widget elementor-widget-text-editor\" data-id=\"5b9facd\" data-element_type=\"widget\" data-e-type=\"widget\" data-widget_type=\"text-editor.default\">\n\t\t\t\t\t\t\t\t\t<p>Les exemples pr\u00e9sent\u00e9s dans ces documents ne doivent pas \u00eatre interpr\u00e9t\u00e9s comme une promesse ou une garantie de gains. Le potentiel de gains d\u00e9pend enti\u00e8rement de la personne qui utilise le produit, des id\u00e9es, des techniques et des efforts investis. Ces documents ne sont pas pr\u00e9sent\u00e9s comme un \"syst\u00e8me d'enrichissement\" et il est conseill\u00e9 de ne pas les consid\u00e9rer comme tels.<\/p>\t\t\t\t\t\t\t\t<\/div>\n\t\t\t\t<div class=\"elementor-element elementor-element-35b6225 elementor-widget elementor-widget-heading\" data-id=\"35b6225\" data-element_type=\"widget\" data-e-type=\"widget\" data-widget_type=\"heading.default\">\n\t\t\t\t\t<h2 class=\"elementor-heading-title elementor-size-default\"> Informations non personnellement identifiables (g\u00e9n\u00e9riques)<\/h2>\t\t\t\t<\/div>\n\t\t\t\t<div class=\"elementor-element elementor-element-ec9ec4f elementor-widget elementor-widget-text-editor\" data-id=\"ec9ec4f\" data-element_type=\"widget\" data-e-type=\"widget\" data-widget_type=\"text-editor.default\">\n\t\t\t\t\t\t\t\t\t<p>En r\u00e8gle g\u00e9n\u00e9rale, le logiciel recueille automatiquement certaines informations g\u00e9n\u00e9riques. Ces informations g\u00e9n\u00e9riques ne r\u00e9v\u00e8lent pas l'identit\u00e9 du visiteur et consistent g\u00e9n\u00e9ralement en des d\u00e9tails tels que l'adresse Internet attribu\u00e9e \u00e0 l'ordinateur du visiteur, la fr\u00e9quence des visites et les sites sp\u00e9cifiques de The Software visit\u00e9s. L'objectif de la collecte de ces informations est d'\u00e9valuer les exigences du service client\u00e8le et les besoins du site web. Pour ce faire, certaines technologies, dont les \"cookies\" (qui fournissent aux visiteurs des informations personnalis\u00e9es sur les services de The Software), sont utilis\u00e9es. Il est important de noter que les informations collect\u00e9es par cette m\u00e9thode ne sont pas associ\u00e9es \u00e0 des informations personnelles identifiables. Les visiteurs ont la possibilit\u00e9 de configurer les param\u00e8tres de leur navigateur pour recevoir des notifications lorsqu'un cookie est re\u00e7u et peuvent choisir de le refuser.<\/p>\t\t\t\t\t\t\t\t<\/div>\n\t\t\t\t<div class=\"elementor-element elementor-element-2688b7d elementor-widget elementor-widget-heading\" data-id=\"2688b7d\" data-element_type=\"widget\" data-e-type=\"widget\" data-widget_type=\"heading.default\">\n\t\t\t\t\t<h2 class=\"elementor-heading-title elementor-size-default\">Votre site Web h\u00e9berg\u00e9 par The Software, serveur, babillards \u00e9lectroniques, forum, sites tiers<\/h2>\t\t\t\t<\/div>\n\t\t\t\t<div class=\"elementor-element elementor-element-b6c1fb7 elementor-widget elementor-widget-text-editor\" data-id=\"b6c1fb7\" data-element_type=\"widget\" data-e-type=\"widget\" data-widget_type=\"text-editor.default\">\n\t\t\t\t\t\t\t\t\t<p>Toute information que vous partagez dans un espace public, tel qu'un tableau d'affichage, un salon de discussion ou un site Web h\u00e9berg\u00e9 par le logiciel, devient accessible \u00e0 toute autre personne qui visite cet espace. Le Logiciel n'est pas en mesure d'assurer la protection des informations divulgu\u00e9es dans ces espaces. En outre, les sites Web du logiciel peuvent contenir des liens vers des sites tiers qui ne sont pas affili\u00e9s au logiciel. Dans ce cas, le logiciel n'est pas en mesure de garantir la s\u00e9curit\u00e9 des informations que vous pourriez divulguer sur ces sites externes et vous sugg\u00e8re de consulter les d\u00e9clarations de politique de confidentialit\u00e9 de ces sites avant de les visiter.<\/p>\t\t\t\t\t\t\t\t<\/div>\n\t\t\t\t<div class=\"elementor-element elementor-element-39bb437 elementor-widget elementor-widget-heading\" data-id=\"39bb437\" data-element_type=\"widget\" data-e-type=\"widget\" data-widget_type=\"heading.default\">\n\t\t\t\t\t<h2 class=\"elementor-heading-title elementor-size-default\">Exceptions et limitations<\/h2>\t\t\t\t<\/div>\n\t\t\t\t<div class=\"elementor-element elementor-element-27870a6 elementor-widget elementor-widget-text-editor\" data-id=\"27870a6\" data-element_type=\"widget\" data-e-type=\"widget\" data-widget_type=\"text-editor.default\">\n\t\t\t\t\t\t\t\t\t<p>Tout en respectant les lois applicables, le logiciel<\/p><p>(i) coop\u00e8re pleinement avec les autorit\u00e9s nationales, locales et f\u00e9d\u00e9rales dans le cadre de toute enqu\u00eate concernant le contenu (y compris les communications \u00e9lectroniques personnelles ou priv\u00e9es transmises au logiciel) ou les activit\u00e9s ill\u00e9gales pr\u00e9sum\u00e9es de tout utilisateur du service, et<br \/>(ii) prend des mesures raisonnables pour sauvegarder ses droits de propri\u00e9t\u00e9. Dans le cadre limit\u00e9 de la mise en \u0153uvre de cette coop\u00e9ration et de ces mesures et conform\u00e9ment aux lois applicables, le logiciel peut \u00eatre amen\u00e9 \u00e0 divulguer des informations personnelles identifiables. En outre, le logiciel peut choisir de surveiller les zones de communication de tout type<\/p><p>(i) se conformer \u00e0 toute loi, r\u00e9glementation ou demande gouvernementale ;<br \/>(ii) si cette divulgation est n\u00e9cessaire au fonctionnement du logiciel ; ou<br \/>(iii) prot\u00e9ger les droits ou la propri\u00e9t\u00e9 du logiciel ou d'autres personnes.<\/p><p>Dans le cadre de la vente ou du transfert potentiel de ses int\u00e9r\u00eats dans le logiciel et les autres sites appartenant au logiciel, la soci\u00e9t\u00e9 se r\u00e9serve le droit de vendre ou de transf\u00e9rer vos informations (y compris, mais sans s'y limiter, le nom, l'adresse et les autres informations que vous avez fournies au logiciel) \u00e0 un tiers qui<br \/>(i) se sp\u00e9cialise dans les produits ou services de communication ;<br \/>(ii) accepte de d\u00e9fendre les int\u00e9r\u00eats du logiciel en ce qui concerne la conservation et la sauvegarde des informations collect\u00e9es ; et<br \/>(iii) s'engage \u00e0 respecter les obligations \u00e9nonc\u00e9es dans la pr\u00e9sente d\u00e9claration de politique g\u00e9n\u00e9rale.<\/p>\t\t\t\t\t\t\t\t<\/div>\n\t\t\t\t<div class=\"elementor-element elementor-element-445e537 elementor-widget elementor-widget-heading\" data-id=\"445e537\" data-element_type=\"widget\" data-e-type=\"widget\" data-widget_type=\"heading.default\">\n\t\t\t\t\t<h2 class=\"elementor-heading-title elementor-size-default\">Nous contacter<\/h2>\t\t\t\t<\/div>\n\t\t\t\t<div class=\"elementor-element elementor-element-ca1c49f elementor-widget elementor-widget-text-editor\" data-id=\"ca1c49f\" data-element_type=\"widget\" data-e-type=\"widget\" data-widget_type=\"text-editor.default\">\n\t\t\t\t\t\t\t\t\t<p>Pour toute question ou pr\u00e9occupation relative \u00e0 la confidentialit\u00e9, veuillez nous contacter \u00e0 l'adresse suivante\u00a0:<br \/>\ud83d\udce7 <strong>E-mail:<\/strong> <a style=\"color: red;\" href=\"mailto:support@immediateedge.finance\" rel=\"noopener\">support@immediateedge.finance<\/a><\/p><p>Nous pouvons mettre \u00e0 jour cette politique de confidentialit\u00e9 de temps \u00e0 autre. Veuillez le consulter p\u00e9riodiquement pour tout changement.<\/p>\t\t\t\t\t\t\t\t<\/div>\n\t\t\t\t\t<\/div>\n\t\t<\/div>\n\t\t\t\t\t<\/div>\n\t\t<\/section>\n\t\t\t\t\t<\/div>\n\t\t<\/div>\n\t\t\t\t\t<\/div>\n\t\t<\/section>\n\t\t\t\t<\/div>","protected":false},"excerpt":{"rendered":"<p>Privacy Policy Immediate Edge places great importance on safeguarding the privacy of every individual who visits our websites. This privacy statement serves as a notification of the standards and conditions through which Immediate Edge ensures the protection of information provided by visitors to websites owned and operated by Immediate Edge, including Immediate Momentum Center, Immediate [&hellip;]<\/p>\n","protected":false},"author":1,"featured_media":0,"parent":0,"menu_order":0,"comment_status":"closed","ping_status":"closed","template":"elementor_header_footer","meta":{"footnotes":""},"class_list":["post-236","page","type-page","status-publish","hentry"],"_links":{"self":[{"href":"https:\/\/immediateedge.finance\/fr\/wp-json\/wp\/v2\/pages\/236","targetHints":{"allow":["GET"]}}],"collection":[{"href":"https:\/\/immediateedge.finance\/fr\/wp-json\/wp\/v2\/pages"}],"about":[{"href":"https:\/\/immediateedge.finance\/fr\/wp-json\/wp\/v2\/types\/page"}],"author":[{"embeddable":true,"href":"https:\/\/immediateedge.finance\/fr\/wp-json\/wp\/v2\/users\/1"}],"replies":[{"embeddable":true,"href":"https:\/\/immediateedge.finance\/fr\/wp-json\/wp\/v2\/comments?post=236"}],"version-history":[{"count":0,"href":"https:\/\/immediateedge.finance\/fr\/wp-json\/wp\/v2\/pages\/236\/revisions"}],"wp:attachment":[{"href":"https:\/\/immediateedge.finance\/fr\/wp-json\/wp\/v2\/media?parent=236"}],"curies":[{"name":"wp","href":"https:\/\/api.w.org\/{rel}","templated":true}]}}