{"id":1929,"date":"2025-12-29T09:33:47","date_gmt":"2025-12-29T09:33:47","guid":{"rendered":"https:\/\/immediateedge.finance\/?page_id=1929"},"modified":"2025-12-29T09:44:08","modified_gmt":"2025-12-29T09:44:08","slug":"clause-de-non-responsabilite","status":"publish","type":"page","link":"https:\/\/immediateedge.finance\/fr\/disclaimer\/","title":{"rendered":"Clause de non-responsabilit\u00e9"},"content":{"rendered":"<div data-elementor-type=\"wp-page\" data-elementor-id=\"1929\" class=\"elementor elementor-1929\" data-elementor-post-type=\"page\">\n\t\t\t\t\t\t<section class=\"elementor-section elementor-top-section elementor-element elementor-element-170b34f elementor-section-boxed elementor-section-height-default elementor-section-height-default\" data-id=\"170b34f\" data-element_type=\"section\" data-e-type=\"section\" data-settings=\"{&quot;background_background&quot;:&quot;classic&quot;}\">\n\t\t\t\t\t\t<div class=\"elementor-container elementor-column-gap-default\">\n\t\t\t\t\t<div class=\"elementor-column elementor-col-100 elementor-top-column elementor-element elementor-element-f2f86b6\" data-id=\"f2f86b6\" data-element_type=\"column\" data-e-type=\"column\">\n\t\t\t<div class=\"elementor-widget-wrap elementor-element-populated\">\n\t\t\t\t\t\t<section class=\"elementor-section elementor-inner-section elementor-element elementor-element-2ebbd37 elementor-section-boxed elementor-section-height-default elementor-section-height-default\" data-id=\"2ebbd37\" data-element_type=\"section\" data-e-type=\"section\">\n\t\t\t\t\t\t<div class=\"elementor-container elementor-column-gap-default\">\n\t\t\t\t\t<div class=\"elementor-column elementor-col-100 elementor-inner-column elementor-element elementor-element-08e74b4\" data-id=\"08e74b4\" data-element_type=\"column\" data-e-type=\"column\">\n\t\t\t<div class=\"elementor-widget-wrap elementor-element-populated\">\n\t\t\t\t\t\t<div class=\"elementor-element elementor-element-ace13da elementor-widget elementor-widget-heading\" data-id=\"ace13da\" data-element_type=\"widget\" data-e-type=\"widget\" data-widget_type=\"heading.default\">\n\t\t\t\t\t<h1 class=\"elementor-heading-title elementor-size-default\">Clause de non-responsabilit\u00e9<\/h1>\t\t\t\t<\/div>\n\t\t\t\t<div class=\"elementor-element elementor-element-0465585 elementor-widget elementor-widget-text-editor\" data-id=\"0465585\" data-element_type=\"widget\" data-e-type=\"widget\" data-widget_type=\"text-editor.default\">\n\t\t\t\t\t\t\t\t\t<p class=\"translation-block\">Les informations fournies par <strong>Immediate Edge<\/strong>, ses affili\u00e9s, contributeurs, auteurs ou partenaires (collectivement, \u00ab nous \u00bb, \u00ab notre \u00bb ou \u00ab nos \u00bb) sur ce site Web sont uniquement destin\u00e9es \u00e0 des fins d\u2019information g\u00e9n\u00e9rale et \u00e9ducatives.<\/p>\t\t\t\t\t\t\t\t<\/div>\n\t\t\t\t<div class=\"elementor-element elementor-element-c08387a elementor-widget elementor-widget-heading\" data-id=\"c08387a\" data-element_type=\"widget\" data-e-type=\"widget\" data-widget_type=\"heading.default\">\n\t\t\t\t\t<h2 class=\"elementor-heading-title elementor-size-default\">Aucun conseil financier<\/h2>\t\t\t\t<\/div>\n\t\t\t\t<div class=\"elementor-element elementor-element-c675b62 elementor-widget elementor-widget-text-editor\" data-id=\"c675b62\" data-element_type=\"widget\" data-e-type=\"widget\" data-widget_type=\"text-editor.default\">\n\t\t\t\t\t\t\t\t\t<p>Le contenu de ce site web \u2014 notamment les articles, vid\u00e9os, analyses, donn\u00e9es de march\u00e9, graphiques, signaux, outils et ressources p\u00e9dagogiques \u2014 ne constitue en aucun cas un conseil financier, d'investissement, juridique, fiscal ou autre conseil professionnel. Rien sur ce site ne constitue une recommandation, une sollicitation, une offre ou une incitation \u00e0 acheter, vendre, d\u00e9tenir ou \u00e9changer un instrument financier, un titre, une mati\u00e8re premi\u00e8re, une devise, un actif num\u00e9rique ou un produit d'investissement.<\/p>\t\t\t\t\t\t\t\t<\/div>\n\t\t\t\t<div class=\"elementor-element elementor-element-71db021 elementor-widget elementor-widget-heading\" data-id=\"71db021\" data-element_type=\"widget\" data-e-type=\"widget\" data-widget_type=\"heading.default\">\n\t\t\t\t\t<h2 class=\"elementor-heading-title elementor-size-default\">Reconnaissance des risques\n<\/h2>\t\t\t\t<\/div>\n\t\t\t\t<div class=\"elementor-element elementor-element-d5f8a12 elementor-widget elementor-widget-text-editor\" data-id=\"d5f8a12\" data-element_type=\"widget\" data-e-type=\"widget\" data-widget_type=\"text-editor.default\">\n\t\t\t\t\t\t\t\t\t<p>Le trading sur les march\u00e9s financiers \u2014 y compris le Forex, les CFD, les cryptomonnaies, les actions, les indices et autres produits d\u00e9riv\u00e9s \u2014 comporte des risques importants et ne convient pas \u00e0 tous les investisseurs. Les performances pass\u00e9es ne pr\u00e9jugent pas des r\u00e9sultats futurs. Vous devez examiner attentivement votre situation financi\u00e8re et votre tol\u00e9rance au risque avant de vous engager dans toute activit\u00e9 de trading ou d'investissement.<\/p>\t\t\t\t\t\t\t\t<\/div>\n\t\t\t\t<div class=\"elementor-element elementor-element-35b6225 elementor-widget elementor-widget-heading\" data-id=\"35b6225\" data-element_type=\"widget\" data-e-type=\"widget\" data-widget_type=\"heading.default\">\n\t\t\t\t\t<h2 class=\"elementor-heading-title elementor-size-default\">Exon\u00e9ration de responsabilit\u00e9\n<\/h2>\t\t\t\t<\/div>\n\t\t\t\t<div class=\"elementor-element elementor-element-ec9ec4f elementor-widget elementor-widget-text-editor\" data-id=\"ec9ec4f\" data-element_type=\"widget\" data-e-type=\"widget\" data-widget_type=\"text-editor.default\">\n\t\t\t\t\t\t\t\t\t<p>Nous ne donnons aucune garantie quant \u00e0 l'exactitude, la fiabilit\u00e9, l'actualit\u00e9, l'exhaustivit\u00e9 ou la pertinence des informations contenues sur ce site web. En utilisant ce site, vous acceptez express\u00e9ment ce qui suit\u00a0:<\/p><ul><li><strong>Immediate Edge<\/strong>, ses propri\u00e9taires, employ\u00e9s, sous-traitants, dirigeants et partenaires ne sont pas responsables des pertes, dommages, co\u00fbts ou d\u00e9penses d\u00e9coulant directement ou indirectement de votre utilisation de ce site ou de votre confiance en son contenu\u00a0;<\/li><li>Vous assumez l'enti\u00e8re responsabilit\u00e9 de vos d\u00e9cisions, transactions, strat\u00e9gies et r\u00e9sultats.<\/li><\/ul>\t\t\t\t\t\t\t\t<\/div>\n\t\t\t\t<div class=\"elementor-element elementor-element-2688b7d elementor-widget elementor-widget-heading\" data-id=\"2688b7d\" data-element_type=\"widget\" data-e-type=\"widget\" data-widget_type=\"heading.default\">\n\t\t\t\t\t<h2 class=\"elementor-heading-title elementor-size-default\">V\u00e9rification ind\u00e9pendante\n<\/h2>\t\t\t\t<\/div>\n\t\t\t\t<div class=\"elementor-element elementor-element-b6c1fb7 elementor-widget elementor-widget-text-editor\" data-id=\"b6c1fb7\" data-element_type=\"widget\" data-e-type=\"widget\" data-widget_type=\"text-editor.default\">\n\t\t\t\t\t\t\t\t\t<p>Il est conseill\u00e9 de v\u00e9rifier ind\u00e9pendamment toutes les informations avant d'agir. Cela implique, le cas \u00e9ch\u00e9ant, de consulter un professionnel agr\u00e9\u00e9 en finance, en fiscalit\u00e9 ou en droit.<\/p>\t\t\t\t\t\t\t\t<\/div>\n\t\t\t\t<div class=\"elementor-element elementor-element-39bb437 elementor-widget elementor-widget-heading\" data-id=\"39bb437\" data-element_type=\"widget\" data-e-type=\"widget\" data-widget_type=\"heading.default\">\n\t\t\t\t\t<h2 class=\"elementor-heading-title elementor-size-default\">Aucune garantie\n<\/h2>\t\t\t\t<\/div>\n\t\t\t\t<div class=\"elementor-element elementor-element-27870a6 elementor-widget elementor-widget-text-editor\" data-id=\"27870a6\" data-element_type=\"widget\" data-e-type=\"widget\" data-widget_type=\"text-editor.default\">\n\t\t\t\t\t\t\t\t\t<p>Nous ne garantissons ni les profits, ni l'exactitude des donn\u00e9es, ni l'exhaustivit\u00e9 du contenu, ni l'acc\u00e8s ininterrompu au site. Des probl\u00e8mes techniques, des erreurs, des omissions et des informations obsol\u00e8tes peuvent survenir.<\/p>\t\t\t\t\t\t\t\t<\/div>\n\t\t\t\t<div class=\"elementor-element elementor-element-445e537 elementor-widget elementor-widget-heading\" data-id=\"445e537\" data-element_type=\"widget\" data-e-type=\"widget\" data-widget_type=\"heading.default\">\n\t\t\t\t\t<h2 class=\"elementor-heading-title elementor-size-default\">Liens externes\n<\/h2>\t\t\t\t<\/div>\n\t\t\t\t<div class=\"elementor-element elementor-element-ca1c49f elementor-widget elementor-widget-text-editor\" data-id=\"ca1c49f\" data-element_type=\"widget\" data-e-type=\"widget\" data-widget_type=\"text-editor.default\">\n\t\t\t\t\t\t\t\t\t<p><strong>Immediate Edge<\/strong> Ce site peut contenir des liens vers des sites web, outils ou services tiers (\u00ab\u00a0Sites externes\u00a0\u00bb). Ces liens sont fournis \u00e0 titre indicatif uniquement. Nous n\u2019approuvons ni ne sommes responsables du contenu, de l\u2019exactitude ou des pratiques des Sites externes.<\/p>\t\t\t\t\t\t\t\t<\/div>\n\t\t\t\t<div class=\"elementor-element elementor-element-b24f2e3 elementor-widget elementor-widget-heading\" data-id=\"b24f2e3\" data-element_type=\"widget\" data-e-type=\"widget\" data-widget_type=\"heading.default\">\n\t\t\t\t\t<h2 class=\"elementor-heading-title elementor-size-default\">Votre responsabilit\u00e9\n<\/h2>\t\t\t\t<\/div>\n\t\t\t\t<div class=\"elementor-element elementor-element-d5ba838 elementor-widget elementor-widget-text-editor\" data-id=\"d5ba838\" data-element_type=\"widget\" data-e-type=\"widget\" data-widget_type=\"text-editor.default\">\n\t\t\t\t\t\t\t\t\t<p>En acc\u00e9dant \u00e0 ce site web ou en l'utilisant, vous acceptez que toutes les d\u00e9cisions d'investissement soient prises \u00e0 vos propres risques. Vous d\u00e9gagez express\u00e9ment immediateedge.finance de toute responsabilit\u00e9 pour tout dommage ou perte, direct ou indirect, que vous pourriez subir.<\/p><p>Si vous n'acceptez pas l'une quelconque des clauses de cette clause de non-responsabilit\u00e9, vous devez cesser imm\u00e9diatement d'utiliser ce site Web.<\/p>\t\t\t\t\t\t\t\t<\/div>\n\t\t\t\t\t<\/div>\n\t\t<\/div>\n\t\t\t\t\t<\/div>\n\t\t<\/section>\n\t\t\t\t\t<\/div>\n\t\t<\/div>\n\t\t\t\t\t<\/div>\n\t\t<\/section>\n\t\t\t\t<\/div>","protected":false},"excerpt":{"rendered":"<p>Disclaimer The information provided by Immediate Edge, its affiliates, contributors, authors, or partners (collectively, \u201cwe\u201d, \u201cus\u201d, or \u201cour\u201d) on this website is for general informational and educational purposes only. No Financial Advice The content on this website \u2014 including but not limited to articles, videos, analysis, market data, charts, signals, tools, and educational material \u2014 [&hellip;]<\/p>\n","protected":false},"author":1,"featured_media":0,"parent":0,"menu_order":0,"comment_status":"closed","ping_status":"closed","template":"elementor_header_footer","meta":{"footnotes":""},"class_list":["post-1929","page","type-page","status-publish","hentry"],"_links":{"self":[{"href":"https:\/\/immediateedge.finance\/fr\/wp-json\/wp\/v2\/pages\/1929","targetHints":{"allow":["GET"]}}],"collection":[{"href":"https:\/\/immediateedge.finance\/fr\/wp-json\/wp\/v2\/pages"}],"about":[{"href":"https:\/\/immediateedge.finance\/fr\/wp-json\/wp\/v2\/types\/page"}],"author":[{"embeddable":true,"href":"https:\/\/immediateedge.finance\/fr\/wp-json\/wp\/v2\/users\/1"}],"replies":[{"embeddable":true,"href":"https:\/\/immediateedge.finance\/fr\/wp-json\/wp\/v2\/comments?post=1929"}],"version-history":[{"count":10,"href":"https:\/\/immediateedge.finance\/fr\/wp-json\/wp\/v2\/pages\/1929\/revisions"}],"predecessor-version":[{"id":1940,"href":"https:\/\/immediateedge.finance\/fr\/wp-json\/wp\/v2\/pages\/1929\/revisions\/1940"}],"wp:attachment":[{"href":"https:\/\/immediateedge.finance\/fr\/wp-json\/wp\/v2\/media?parent=1929"}],"curies":[{"name":"wp","href":"https:\/\/api.w.org\/{rel}","templated":true}]}}