{"id":175,"date":"2023-08-23T13:09:06","date_gmt":"2023-08-23T13:09:06","guid":{"rendered":"https:\/\/immediateedge.finance\/?page_id=175"},"modified":"2026-01-02T06:39:45","modified_gmt":"2026-01-02T06:39:45","slug":"a-propos-de-nous","status":"publish","type":"page","link":"https:\/\/immediateedge.finance\/fr\/about-us\/","title":{"rendered":"\u00c0 propos de nous"},"content":{"rendered":"<div data-elementor-type=\"wp-page\" data-elementor-id=\"175\" class=\"elementor elementor-175\" data-elementor-post-type=\"page\">\n\t\t\t\t<div class=\"elementor-element elementor-element-d0320a6 e-flex e-con-boxed e-con e-parent\" data-id=\"d0320a6\" data-element_type=\"container\" data-e-type=\"container\" data-settings=\"{&quot;background_background&quot;:&quot;gradient&quot;}\">\n\t\t\t\t\t<div class=\"e-con-inner\">\n\t\t\t\t<div class=\"elementor-element elementor-element-5f06557 elementor-widget elementor-widget-heading\" data-id=\"5f06557\" data-element_type=\"widget\" data-e-type=\"widget\" data-widget_type=\"heading.default\">\n\t\t\t\t\t<h1 class=\"elementor-heading-title elementor-size-default\">\u00c0 propos de nous<\/h1>\t\t\t\t<\/div>\n\t\t\t\t\t<\/div>\n\t\t\t\t<\/div>\n\t\t<div class=\"elementor-element elementor-element-ef1f495 e-flex e-con-boxed e-con e-parent\" data-id=\"ef1f495\" data-element_type=\"container\" data-e-type=\"container\" data-settings=\"{&quot;background_background&quot;:&quot;gradient&quot;}\">\n\t\t\t\t\t<div class=\"e-con-inner\">\n\t\t<div class=\"elementor-element elementor-element-70fe078 e-con-full e-flex e-con e-child\" data-id=\"70fe078\" data-element_type=\"container\" data-e-type=\"container\">\n\t\t\t\t<div class=\"elementor-element elementor-element-4db8e18 elementor-widget elementor-widget-heading\" data-id=\"4db8e18\" data-element_type=\"widget\" data-e-type=\"widget\" data-widget_type=\"heading.default\">\n\t\t\t\t\t<h2 class=\"elementor-heading-title elementor-size-default\">Qui sommes-nous ?<\/h2>\t\t\t\t<\/div>\n\t\t\t\t<div class=\"elementor-element elementor-element-832b77d elementor-widget elementor-widget-text-editor\" data-id=\"832b77d\" data-element_type=\"widget\" data-e-type=\"widget\" data-widget_type=\"text-editor.default\">\n\t\t\t\t\t\t\t\t\t<p>Voici les pionniers d'Immediate Edge - une \u00e9quipe de jeunes entrepreneurs enthousiastes, d\u00e9termin\u00e9s et comp\u00e9tents. Mais qu'est-ce qui nous distingue ? Notre volont\u00e9 in\u00e9branlable de faire \u00e9voluer les choses gr\u00e2ce \u00e0 l'innovation.<\/p><p>Arm\u00e9s d'une exp\u00e9rience dans le domaine du trading, nous comprenons parfaitement les d\u00e9fis que repr\u00e9sente le fait de s'appuyer sur les \u00e9motions et les incertitudes humaines pour r\u00e9aliser des transactions rentables. Nous aspirions \u00e0 une approche sup\u00e9rieure - un outil transparent, pr\u00e9cis, fiable et convivial. C'est ce qui nous a amen\u00e9s \u00e0 fusionner notre expertise et \u00e0 d\u00e9velopper un syst\u00e8me de trading qui ex\u00e9cute syst\u00e9matiquement des transactions fructueuses.<\/p><p>Nous vous pr\u00e9sentons Immediate Edge - notre application qui optimise le trading en ligne pour les individus \u00e0 tous les stades de leur parcours. Que vous soyez un professionnel exp\u00e9riment\u00e9 ou que vous vous engagiez dans cette voie, notre logiciel enrichit vos comp\u00e9tences et maximise vos gains potentiels. Il fusionne harmonieusement la technologie de pointe et les connaissances humaines.<\/p><p>Notre engagement ne s'arr\u00eate pas l\u00e0. Nous sommes constamment \u00e0 l'\u00e9coute des commentaires de notre communaut\u00e9 de membres et nous perfectionnons et testons sans cesse notre logiciel. Pourquoi ? Parce que notre objectif principal est de favoriser la r\u00e9ussite des traders. Rejoignez-nous et d\u00e9couvrez le potentiel d'Immediate Edge.<\/p>\t\t\t\t\t\t\t\t<\/div>\n\t\t\t\t<\/div>\n\t\t<div class=\"elementor-element elementor-element-62e8c7f e-con-full e-flex e-con e-child\" data-id=\"62e8c7f\" data-element_type=\"container\" data-e-type=\"container\">\n\t\t\t\t<div class=\"elementor-element elementor-element-e3936e0 elementor-widget-mobile__width-initial elementor-widget elementor-widget-image\" data-id=\"e3936e0\" data-element_type=\"widget\" data-e-type=\"widget\" data-widget_type=\"image.default\">\n\t\t\t\t\t\t\t\t\t\t\t\t\t\t\t<img fetchpriority=\"high\" decoding=\"async\" width=\"800\" height=\"635\" src=\"https:\/\/immediateedge.finance\/wp-content\/uploads\/2024\/02\/banner-img-9-2-1-1.webp\" class=\"attachment-large size-large wp-image-556\" alt=\"banni\u00e8re\" srcset=\"https:\/\/immediateedge.finance\/wp-content\/uploads\/2024\/02\/banner-img-9-2-1-1.webp 866w, https:\/\/immediateedge.finance\/wp-content\/uploads\/2024\/02\/banner-img-9-2-1-1-300x238.webp 300w, https:\/\/immediateedge.finance\/wp-content\/uploads\/2024\/02\/banner-img-9-2-1-1-768x609.webp 768w\" sizes=\"(max-width: 800px) 100vw, 800px\" \/>\t\t\t\t\t\t\t\t\t\t\t\t\t\t\t<\/div>\n\t\t\t\t<\/div>\n\t\t\t\t\t<\/div>\n\t\t\t\t<\/div>\n\t\t<div class=\"elementor-element elementor-element-0785b42 e-flex e-con-boxed e-con e-parent\" data-id=\"0785b42\" data-element_type=\"container\" data-e-type=\"container\">\n\t\t\t\t\t<div class=\"e-con-inner\">\n\t\t<div class=\"elementor-element elementor-element-1006b57 e-con-full e-flex e-con e-child\" data-id=\"1006b57\" data-element_type=\"container\" data-e-type=\"container\">\n\t\t\t\t<div class=\"elementor-element elementor-element-3d19dd9 elementor-widget elementor-widget-heading\" data-id=\"3d19dd9\" data-element_type=\"widget\" data-e-type=\"widget\" data-widget_type=\"heading.default\">\n\t\t\t\t\t<h2 class=\"elementor-heading-title elementor-size-default\">Avantages de la plateforme Immediate Edge<\/h2>\t\t\t\t<\/div>\n\t\t\t\t<div class=\"elementor-element elementor-element-1eb9f8b elementor-widget elementor-widget-text-editor\" data-id=\"1eb9f8b\" data-element_type=\"widget\" data-e-type=\"widget\" data-widget_type=\"text-editor.default\">\n\t\t\t\t\t\t\t\t\t<ul><li style=\"font-weight: 400;\" aria-level=\"1\"><span style=\"font-weight: 400;\">Immediate Edge Crypto est une application de trading qui analyse les tendances du march\u00e9 en quelques microsecondes.<\/span><\/li><li style=\"font-weight: 400;\" aria-level=\"1\"><span style=\"font-weight: 400;\">Il vous donne les mises \u00e0 jour n\u00e9cessaires pour am\u00e9liorer vos transactions.<\/span><\/li><li style=\"font-weight: 400;\" aria-level=\"1\"><span style=\"font-weight: 400;\">Il vous fournit des informations denses que les humains trouvent complexes \u00e0 analyser seuls.<\/span><\/li><li style=\"font-weight: 400;\" aria-level=\"1\"><span style=\"font-weight: 400;\">Cette application vous aide \u00e0 agir avec plus de confiance et de clart\u00e9.<\/span><\/li><li style=\"font-weight: 400;\" aria-level=\"1\"><span style=\"font-weight: 400;\">Immediate Edge UK est la meilleure solution pour les traders inexp\u00e9riment\u00e9s.<\/span><\/li><li style=\"font-weight: 400;\" aria-level=\"1\"><span style=\"font-weight: 400;\">En utilisant cette application, vous pouvez trouver des opportunit\u00e9s pr\u00e9coces. Elle vous alerte en cas de mouvements importants.\u00a0<\/span><\/li><li style=\"font-weight: 400;\" aria-level=\"1\"><span style=\"font-weight: 400;\">Les mises \u00e0 jour permettront de r\u00e9aliser des transactions plus rentables et de prendre de meilleures d\u00e9cisions.<\/span><\/li><li style=\"font-weight: 400;\" aria-level=\"1\"><span style=\"font-weight: 400;\">Avec une interface conviviale et des m\u00e9thodes de paiement s\u00e9curis\u00e9es telles que les transferts bancaires, les portefeuilles \u00e9lectroniques ou les d\u00e9p\u00f4ts par carte de cr\u00e9dit\/d\u00e9bit, l'application est facile \u00e0 utiliser pour le trading.<\/span><\/li><li style=\"font-weight: 400;\" aria-level=\"1\"><span style=\"font-weight: 400;\">Les d\u00e9p\u00f4ts et les retraits sont \u00e9galement tr\u00e8s rapides.<\/span><\/li><li style=\"font-weight: 400;\" aria-level=\"1\"><span style=\"font-weight: 400;\">Gr\u00e2ce \u00e0 cette application, vous pouvez g\u00e9rer facilement vos fonds tout en n\u00e9gociant.<\/span><\/li><li aria-level=\"1\"><span style=\"font-weight: 400;\">La plateforme Immediate Edge utilise les derni\u00e8res technologies pour prot\u00e9ger les donn\u00e9es des utilisateurs.<\/span><\/li><li aria-level=\"1\">Elle respecte \u00e9galement les r\u00e8gles et r\u00e9glementations afin de garantir un environnement commercial s\u00fbr.<\/li><\/ul>\t\t\t\t\t\t\t\t<\/div>\n\t\t\t\t<\/div>\n\t\t<div class=\"elementor-element elementor-element-63f80ae e-con-full e-flex e-con e-child\" data-id=\"63f80ae\" data-element_type=\"container\" data-e-type=\"container\">\n\t\t\t\t<div class=\"elementor-element elementor-element-b0fc94d elementor-widget-mobile__width-initial elementor-widget elementor-widget-image\" data-id=\"b0fc94d\" data-element_type=\"widget\" data-e-type=\"widget\" data-widget_type=\"image.default\">\n\t\t\t\t\t\t\t\t\t\t\t\t\t\t\t<img decoding=\"async\" width=\"729\" height=\"734\" src=\"https:\/\/immediateedge.finance\/wp-content\/uploads\/2025\/12\/mockup-3.webp\" class=\"attachment-full size-full wp-image-1811\" alt=\"\" srcset=\"https:\/\/immediateedge.finance\/wp-content\/uploads\/2025\/12\/mockup-3.webp 729w, https:\/\/immediateedge.finance\/wp-content\/uploads\/2025\/12\/mockup-3-298x300.webp 298w, https:\/\/immediateedge.finance\/wp-content\/uploads\/2025\/12\/mockup-3-150x150.webp 150w, https:\/\/immediateedge.finance\/wp-content\/uploads\/2025\/12\/mockup-3-12x12.webp 12w\" sizes=\"(max-width: 729px) 100vw, 729px\" \/>\t\t\t\t\t\t\t\t\t\t\t\t\t\t\t<\/div>\n\t\t\t\t<\/div>\n\t\t\t\t\t<\/div>\n\t\t\t\t<\/div>\n\t\t<div class=\"elementor-element elementor-element-5354bc6 e-flex e-con-boxed e-con e-parent\" data-id=\"5354bc6\" data-element_type=\"container\" data-e-type=\"container\">\n\t\t\t\t\t<div class=\"e-con-inner\">\n\t\t<div class=\"elementor-element elementor-element-a94c792 e-con-full elementor-hidden-mobile e-flex e-con e-child\" data-id=\"a94c792\" data-element_type=\"container\" data-e-type=\"container\">\n\t\t\t\t<div class=\"elementor-element elementor-element-766137a elementor-widget elementor-widget-image\" data-id=\"766137a\" data-element_type=\"widget\" data-e-type=\"widget\" data-widget_type=\"image.default\">\n\t\t\t\t\t\t\t\t\t\t\t\t\t\t\t<img decoding=\"async\" width=\"1024\" height=\"1024\" src=\"https:\/\/immediateedge.finance\/wp-content\/uploads\/2024\/02\/photo_5981279900495101644.webp\" class=\"attachment-full size-full wp-image-746\" alt=\"asset\" srcset=\"https:\/\/immediateedge.finance\/wp-content\/uploads\/2024\/02\/photo_5981279900495101644.webp 1024w, https:\/\/immediateedge.finance\/wp-content\/uploads\/2024\/02\/photo_5981279900495101644-300x300.webp 300w, https:\/\/immediateedge.finance\/wp-content\/uploads\/2024\/02\/photo_5981279900495101644-150x150.webp 150w, https:\/\/immediateedge.finance\/wp-content\/uploads\/2024\/02\/photo_5981279900495101644-768x768.webp 768w\" sizes=\"(max-width: 1024px) 100vw, 1024px\" \/>\t\t\t\t\t\t\t\t\t\t\t\t\t\t\t<\/div>\n\t\t\t\t<\/div>\n\t\t<div class=\"elementor-element elementor-element-6619c55 e-con-full e-flex e-con e-child\" data-id=\"6619c55\" data-element_type=\"container\" data-e-type=\"container\">\n\t\t\t\t<div class=\"elementor-element elementor-element-011f000 elementor-widget elementor-widget-heading\" data-id=\"011f000\" data-element_type=\"widget\" data-e-type=\"widget\" data-widget_type=\"heading.default\">\n\t\t\t\t\t<h2 class=\"elementor-heading-title elementor-size-default\">Qu'est-ce qu'un actif de march\u00e9 ?<\/h2>\t\t\t\t<\/div>\n\t\t\t\t<div class=\"elementor-element elementor-element-3c5efcb elementor-widget elementor-widget-text-editor\" data-id=\"3c5efcb\" data-element_type=\"widget\" data-e-type=\"widget\" data-widget_type=\"text-editor.default\">\n\t\t\t\t\t\t\t\t\t<p>Les actifs boursiers sont les actifs n\u00e9gociables les plus populaires, donnant naissance \u00e0 plus de 10\u00a0000 monnaies num\u00e9riques sur le march\u00e9 aujourd'hui. Bien qu'il existe de nombreux autres investissements similaires, aucun n'atteint la popularit\u00e9, la reconnaissance et le respect des actifs financiers. Ces derniers sont plus s\u00fbrs que les actifs n\u00e9gociables \u00e9mergents et moins reconnus, compte tenu de leur large base d'utilisateurs et de leur historique de succ\u00e8s. Immediate Edge Canada permet la n\u00e9gociation de ces actifs.<\/p>\t\t\t\t\t\t\t\t<\/div>\n\t\t\t\t<\/div>\n\t\t\t\t\t<\/div>\n\t\t\t\t<\/div>\n\t\t\t\t<\/div>","protected":false},"excerpt":{"rendered":"<p>About Us Who Are We? Meet the pioneers behind Immediate Edge \u2013 a team of enthusiastic, determined, and knowledgeable young entrepreneurs. Yet, what sets us apart? Our unyielding dedication to driving change through innovation. Armed with a trading background, we intimately understood the challenges of relying on human emotions and uncertainties to achieve profitable trades. [&hellip;]<\/p>\n","protected":false},"author":1,"featured_media":0,"parent":0,"menu_order":0,"comment_status":"closed","ping_status":"closed","template":"elementor_header_footer","meta":{"footnotes":""},"class_list":["post-175","page","type-page","status-publish","hentry"],"_links":{"self":[{"href":"https:\/\/immediateedge.finance\/fr\/wp-json\/wp\/v2\/pages\/175","targetHints":{"allow":["GET"]}}],"collection":[{"href":"https:\/\/immediateedge.finance\/fr\/wp-json\/wp\/v2\/pages"}],"about":[{"href":"https:\/\/immediateedge.finance\/fr\/wp-json\/wp\/v2\/types\/page"}],"author":[{"embeddable":true,"href":"https:\/\/immediateedge.finance\/fr\/wp-json\/wp\/v2\/users\/1"}],"replies":[{"embeddable":true,"href":"https:\/\/immediateedge.finance\/fr\/wp-json\/wp\/v2\/comments?post=175"}],"version-history":[{"count":3,"href":"https:\/\/immediateedge.finance\/fr\/wp-json\/wp\/v2\/pages\/175\/revisions"}],"predecessor-version":[{"id":1990,"href":"https:\/\/immediateedge.finance\/fr\/wp-json\/wp\/v2\/pages\/175\/revisions\/1990"}],"wp:attachment":[{"href":"https:\/\/immediateedge.finance\/fr\/wp-json\/wp\/v2\/media?parent=175"}],"curies":[{"name":"wp","href":"https:\/\/api.w.org\/{rel}","templated":true}]}}