{"id":236,"date":"2023-08-23T14:27:02","date_gmt":"2023-08-23T14:27:02","guid":{"rendered":"https:\/\/immediateedge.finance\/?page_id=236"},"modified":"2025-12-11T08:27:10","modified_gmt":"2025-12-11T08:27:10","slug":"politica-de-privacidad","status":"publish","type":"page","link":"https:\/\/immediateedge.finance\/es\/privacy-policy\/","title":{"rendered":"pol\u00edtica de privacidad"},"content":{"rendered":"<div data-elementor-type=\"wp-page\" data-elementor-id=\"236\" class=\"elementor elementor-236\" data-elementor-post-type=\"page\">\n\t\t\t\t\t\t<section class=\"elementor-section elementor-top-section elementor-element elementor-element-170b34f elementor-section-boxed elementor-section-height-default elementor-section-height-default\" data-id=\"170b34f\" data-element_type=\"section\" data-e-type=\"section\" data-settings=\"{&quot;background_background&quot;:&quot;classic&quot;}\">\n\t\t\t\t\t\t<div class=\"elementor-container elementor-column-gap-default\">\n\t\t\t\t\t<div class=\"elementor-column elementor-col-100 elementor-top-column elementor-element elementor-element-f2f86b6\" data-id=\"f2f86b6\" data-element_type=\"column\" data-e-type=\"column\">\n\t\t\t<div class=\"elementor-widget-wrap elementor-element-populated\">\n\t\t\t\t\t\t<section class=\"elementor-section elementor-inner-section elementor-element elementor-element-2ebbd37 elementor-section-boxed elementor-section-height-default elementor-section-height-default\" data-id=\"2ebbd37\" data-element_type=\"section\" data-e-type=\"section\">\n\t\t\t\t\t\t<div class=\"elementor-container elementor-column-gap-default\">\n\t\t\t\t\t<div class=\"elementor-column elementor-col-100 elementor-inner-column elementor-element elementor-element-08e74b4\" data-id=\"08e74b4\" data-element_type=\"column\" data-e-type=\"column\">\n\t\t\t<div class=\"elementor-widget-wrap elementor-element-populated\">\n\t\t\t\t\t\t<div class=\"elementor-element elementor-element-ace13da elementor-widget elementor-widget-heading\" data-id=\"ace13da\" data-element_type=\"widget\" data-e-type=\"widget\" data-widget_type=\"heading.default\">\n\t\t\t\t\t<h1 class=\"elementor-heading-title elementor-size-default\">pol\u00edtica de privacidad<\/h1>\t\t\t\t<\/div>\n\t\t\t\t<div class=\"elementor-element elementor-element-0465585 elementor-widget elementor-widget-text-editor\" data-id=\"0465585\" data-element_type=\"widget\" data-e-type=\"widget\" data-widget_type=\"text-editor.default\">\n\t\t\t\t\t\t\t\t\t<p><strong>Immediate Edge<\/strong> Damos gran importancia a la protecci\u00f3n de la privacidad de cada persona que visita nuestros sitios web. Esta declaraci\u00f3n de privacidad sirve como notificaci\u00f3n de los est\u00e1ndares y condiciones a trav\u00e9s de los cuales... <strong>Immediate Edge<\/strong> garantiza la protecci\u00f3n de la informaci\u00f3n proporcionada por los visitantes de los sitios web propiedad de y operados por <strong>Immediate Edge<\/strong>, incluyendo Immediate Momentum Center, Immediate Xgen Edge ESpace y empresas del grupo. Nuestra declaraci\u00f3n de privacidad describe nuestras pr\u00e1cticas para la recopilaci\u00f3n de informaci\u00f3n y c\u00f3mo podr\u00edamos utilizarla. Tenga en cuenta que esta pol\u00edtica puede sufrir cambios peri\u00f3dicamente, por lo que le recomendamos que la revise peri\u00f3dicamente para revisar esta informaci\u00f3n.<\/p>\t\t\t\t\t\t\t\t<\/div>\n\t\t\t\t<div class=\"elementor-element elementor-element-c08387a elementor-widget elementor-widget-heading\" data-id=\"c08387a\" data-element_type=\"widget\" data-e-type=\"widget\" data-widget_type=\"heading.default\">\n\t\t\t\t\t<h2 class=\"elementor-heading-title elementor-size-default\">Informaci\u00f3n que recopilamos\n<\/h2>\t\t\t\t<\/div>\n\t\t\t\t<div class=\"elementor-element elementor-element-c675b62 elementor-widget elementor-widget-text-editor\" data-id=\"c675b62\" data-element_type=\"widget\" data-e-type=\"widget\" data-widget_type=\"text-editor.default\">\n\t\t\t\t\t\t\t\t\t<p>La informaci\u00f3n personal que se le solicita que proporcione y los motivos por los que se le solicita que la proporcione se le aclarar\u00e1n en el momento en que le solicitemos que proporcione su informaci\u00f3n personal. Si se comunica con nosotros directamente, podemos recibir informaci\u00f3n adicional sobre usted, como su nombre, direcci\u00f3n de correo electr\u00f3nico, n\u00famero de tel\u00e9fono, el contenido del mensaje y\/o los archivos adjuntos que pueda enviarnos, y cualquier otra informaci\u00f3n que elija proporcionar. Cuando se registra para obtener una Cuenta, podemos solicitarle su informaci\u00f3n de contacto, incluidos elementos como nombre, nombre de la empresa, direcci\u00f3n, direcci\u00f3n de correo electr\u00f3nico y n\u00famero de tel\u00e9fono.<\/p>\t\t\t\t\t\t\t\t<\/div>\n\t\t\t\t<div class=\"elementor-element elementor-element-71db021 elementor-widget elementor-widget-heading\" data-id=\"71db021\" data-element_type=\"widget\" data-e-type=\"widget\" data-widget_type=\"heading.default\">\n\t\t\t\t\t<h2 class=\"elementor-heading-title elementor-size-default\">Informaci\u00f3n de identificaci\u00f3n personal<\/h2>\t\t\t\t<\/div>\n\t\t\t\t<div class=\"elementor-element elementor-element-d5f8a12 elementor-widget elementor-widget-text-editor\" data-id=\"d5f8a12\" data-element_type=\"widget\" data-e-type=\"widget\" data-widget_type=\"text-editor.default\">\n\t\t\t\t\t\t\t\t\t<p>El Software recopila datos espec\u00edficos sobre los visitantes de su sitio web cuando se proporcionan voluntariamente, como cuando los visitantes solicitan informaci\u00f3n, compran servicios, abren consultas de atenci\u00f3n al cliente, env\u00edan informaci\u00f3n relacionada con el empleo o env\u00edan correos electr\u00f3nicos. Algunas actividades requieren compartir informaci\u00f3n, como realizar una compra, utilizar una tarjeta de cr\u00e9dito para realizar el pago, enviar un curr\u00edculum o solicitar informaci\u00f3n espec\u00edfica. Cuando se proporciona informaci\u00f3n de identificaci\u00f3n personal al Software a trav\u00e9s de sus sitios web, se utiliza para cumplir con la solicitud espec\u00edfica realizada. En la mayor\u00eda de los casos, los visitantes tienen la opci\u00f3n de decidir si el Software puede utilizar esta informaci\u00f3n para fines adicionales. Tambi\u00e9n es posible solicitar que el software no utilice la informaci\u00f3n enviando un correo electr\u00f3nico a support@fxrevenge.net. Sin embargo, El Software se reserva el derecho, a su discreci\u00f3n, de enviar boletines e informaci\u00f3n importante sobre sus servicios. En ausencia de instrucciones espec\u00edficas, el Software puede utilizar la informaci\u00f3n proporcionada para notificar a los visitantes sobre servicios, productos u ofertas adicionales de la familia de empresas del Software, agentes autorizados y otros proveedores de servicios con los que el Software mantiene relaciones y cuyas ofertas podr\u00edan ser de inter\u00e9s.<\/p>\t\t\t\t\t\t\t\t<\/div>\n\t\t\t\t<div class=\"elementor-element elementor-element-252f150 elementor-widget elementor-widget-text-editor\" data-id=\"252f150\" data-element_type=\"widget\" data-e-type=\"widget\" data-widget_type=\"text-editor.default\">\n\t\t\t\t\t\t\t\t\t<p>El Software no vender\u00e1 ni comercializar\u00e1 informaci\u00f3n de identificaci\u00f3n personal a menos que est\u00e9 autorizado o sea requerido legalmente, o en casos que impliquen un da\u00f1o f\u00edsico inminente al visitante u otras personas. En los sitios web donde los visitantes proporcionan informaci\u00f3n sobre tarjetas de cr\u00e9dito o pedidos, el Software protege esta informaci\u00f3n a trav\u00e9s de protocolos est\u00e1ndar de seguridad y cifrado basados \u200b\u200ben la web, como Secure Socket Layer (SSL) y Secure Electronic Transaction (SET). Cuando los visitantes comparten voluntariamente comentarios, datos, respuestas, preguntas, comentarios, sugerencias, ideas o informaci\u00f3n similar en ciertos sitios, el Software considera esa parte de la informaci\u00f3n como no confidencial y no patentada. A menos que se indique lo contrario en esta declaraci\u00f3n de privacidad, el Software no asume ninguna obligaci\u00f3n de proteger dicha informaci\u00f3n contra su divulgaci\u00f3n.<\/p>\t\t\t\t\t\t\t\t<\/div>\n\t\t\t\t<div class=\"elementor-element elementor-element-5b9facd elementor-widget elementor-widget-text-editor\" data-id=\"5b9facd\" data-element_type=\"widget\" data-e-type=\"widget\" data-widget_type=\"text-editor.default\">\n\t\t\t\t\t\t\t\t\t<p>Los ejemplos presentados en estos materiales no deben interpretarse como una promesa o garant\u00eda de ingresos. El potencial de ganancias depende completamente del uso individual del producto, las ideas, las t\u00e9cnicas y el esfuerzo invertido. Estos materiales no se presentan como un \u201cplan para hacerse rico\u201d y se recomienda no verlos como tal.<\/p>\t\t\t\t\t\t\t\t<\/div>\n\t\t\t\t<div class=\"elementor-element elementor-element-35b6225 elementor-widget elementor-widget-heading\" data-id=\"35b6225\" data-element_type=\"widget\" data-e-type=\"widget\" data-widget_type=\"heading.default\">\n\t\t\t\t\t<h2 class=\"elementor-heading-title elementor-size-default\"> Informaci\u00f3n no personalmente identificable (gen\u00e9rica)<\/h2>\t\t\t\t<\/div>\n\t\t\t\t<div class=\"elementor-element elementor-element-ec9ec4f elementor-widget elementor-widget-text-editor\" data-id=\"ec9ec4f\" data-element_type=\"widget\" data-e-type=\"widget\" data-widget_type=\"text-editor.default\">\n\t\t\t\t\t\t\t\t\t<p>Como pr\u00e1ctica general, el Software recopila autom\u00e1ticamente cierta informaci\u00f3n gen\u00e9rica. Esta informaci\u00f3n gen\u00e9rica no revela la identidad del visitante y normalmente consta de detalles como la direcci\u00f3n de Internet asignada a la computadora del visitante, la frecuencia de las visitas y los sitios espec\u00edficos del Software visitados. El prop\u00f3sito de recopilar esta informaci\u00f3n es evaluar los requisitos de servicio al cliente y las necesidades del sitio web. Para lograr esto, se emplean ciertas tecnolog\u00edas, incluidas las \"cookies\" (que brindan a los visitantes informaci\u00f3n personalizada sobre los servicios del Software). Es importante tener en cuenta que la informaci\u00f3n recopilada mediante este m\u00e9todo no se combina con ninguna informaci\u00f3n de identificaci\u00f3n personal. Los visitantes tienen la opci\u00f3n de configurar los ajustes de su navegador para recibir notificaciones cuando se recibe una cookie y pueden optar por rechazarla.<\/p>\t\t\t\t\t\t\t\t<\/div>\n\t\t\t\t<div class=\"elementor-element elementor-element-2688b7d elementor-widget elementor-widget-heading\" data-id=\"2688b7d\" data-element_type=\"widget\" data-e-type=\"widget\" data-widget_type=\"heading.default\">\n\t\t\t\t\t<h2 class=\"elementor-heading-title elementor-size-default\">Su sitio web alojado por el software, servidor, tableros de anuncios, foro, sitios de terceros<\/h2>\t\t\t\t<\/div>\n\t\t\t\t<div class=\"elementor-element elementor-element-b6c1fb7 elementor-widget elementor-widget-text-editor\" data-id=\"b6c1fb7\" data-element_type=\"widget\" data-e-type=\"widget\" data-widget_type=\"text-editor.default\">\n\t\t\t\t\t\t\t\t\t<p>Cualquier informaci\u00f3n que comparta en un espacio p\u00fablico, como un tablero de anuncios, una sala de chat o un sitio web alojado por El Software, ser\u00e1 accesible para cualquier otra persona que visite ese espacio. El Software no puede garantizar la protecci\u00f3n de la informaci\u00f3n divulgada en dichas \u00e1reas. Adem\u00e1s, los sitios web del Software pueden contener enlaces a sitios de terceros que no est\u00e1n afiliados al Software. En tales casos, el Software no puede garantizar la seguridad de la informaci\u00f3n que usted pueda revelar en esos sitios externos y le sugiere que revise las declaraciones de pol\u00edtica de privacidad de esos sitios antes de visitarlos.<\/p>\t\t\t\t\t\t\t\t<\/div>\n\t\t\t\t<div class=\"elementor-element elementor-element-39bb437 elementor-widget elementor-widget-heading\" data-id=\"39bb437\" data-element_type=\"widget\" data-e-type=\"widget\" data-widget_type=\"heading.default\">\n\t\t\t\t\t<h2 class=\"elementor-heading-title elementor-size-default\">Excepciones y limitaciones<\/h2>\t\t\t\t<\/div>\n\t\t\t\t<div class=\"elementor-element elementor-element-27870a6 elementor-widget elementor-widget-text-editor\" data-id=\"27870a6\" data-element_type=\"widget\" data-e-type=\"widget\" data-widget_type=\"text-editor.default\">\n\t\t\t\t\t\t\t\t\t<p>Si bien cumple con las leyes aplicables, el software<\/p><p>(i) coopera plenamente con las autoridades estatales, locales y federales en cualquier investigaci\u00f3n relacionada con el contenido (incluidas las comunicaciones electr\u00f3nicas personales o privadas transmitidas al Software) o las supuestas actividades ilegales de cualquier usuario del Servicio, y<br \/>(ii) toma medidas razonables para salvaguardar sus derechos de propiedad. En el \u00e1mbito limitado para lograr dicha cooperaci\u00f3n y medidas y de acuerdo con las leyes pertinentes, es posible que el Software deba revelar informaci\u00f3n de identificaci\u00f3n personal. Adem\u00e1s, el Software puede optar por monitorear \u00e1reas de comunicaci\u00f3n de cualquier tipo.<\/p><p>(i) para cumplir con cualquier ley, reglamento o solicitud gubernamental;<br \/>(ii) si dicha divulgaci\u00f3n es necesaria para el funcionamiento del Software; o<br \/>(iii) para proteger los derechos o la propiedad del Software u otros.<\/p><p>En relaci\u00f3n con la posible venta o transferencia de cualquiera de sus intereses en el Software y otros sitios de propiedad del Software, la empresa se reserva el derecho de vender o transferir su informaci\u00f3n (incluidos, entre otros, el nombre, la direcci\u00f3n y otra informaci\u00f3n). usted proporcion\u00f3 al Software) a un tercero que<br \/>(i) se especializa en productos o servicios de comunicaci\u00f3n;<br \/>(ii) acepta reemplazar los intereses del Software con respecto al mantenimiento y salvaguardia de la informaci\u00f3n recopilada; y<br \/>(iii) se compromete a cumplir con las obligaciones establecidas en esta declaraci\u00f3n de pol\u00edtica.<\/p>\t\t\t\t\t\t\t\t<\/div>\n\t\t\t\t<div class=\"elementor-element elementor-element-445e537 elementor-widget elementor-widget-heading\" data-id=\"445e537\" data-element_type=\"widget\" data-e-type=\"widget\" data-widget_type=\"heading.default\">\n\t\t\t\t\t<h2 class=\"elementor-heading-title elementor-size-default\">P\u00f3ngase en contacto con nosotros<\/h2>\t\t\t\t<\/div>\n\t\t\t\t<div class=\"elementor-element elementor-element-ca1c49f elementor-widget elementor-widget-text-editor\" data-id=\"ca1c49f\" data-element_type=\"widget\" data-e-type=\"widget\" data-widget_type=\"text-editor.default\">\n\t\t\t\t\t\t\t\t\t<p>Para cualquier consulta o inquietud relacionada con la privacidad, cont\u00e1ctenos a:<br \/>\ud83d\udce7 <strong>Correo electr\u00f3nico:<\/strong> <a style=\"color: red;\" href=\"mailto:support@immediateedge.finance\" rel=\"noopener\">support@immediateedge.finance<\/a><\/p><p>Podemos actualizar esta Pol\u00edtica de Privacidad ocasionalmente. Rev\u00edsela peri\u00f3dicamente para estar al tanto de cualquier cambio.<\/p>\t\t\t\t\t\t\t\t<\/div>\n\t\t\t\t\t<\/div>\n\t\t<\/div>\n\t\t\t\t\t<\/div>\n\t\t<\/section>\n\t\t\t\t\t<\/div>\n\t\t<\/div>\n\t\t\t\t\t<\/div>\n\t\t<\/section>\n\t\t\t\t<\/div>","protected":false},"excerpt":{"rendered":"<p>Privacy Policy Immediate Edge places great importance on safeguarding the privacy of every individual who visits our websites. This privacy statement serves as a notification of the standards and conditions through which Immediate Edge ensures the protection of information provided by visitors to websites owned and operated by Immediate Edge, including Immediate Momentum Center, Immediate [&hellip;]<\/p>\n","protected":false},"author":1,"featured_media":0,"parent":0,"menu_order":0,"comment_status":"closed","ping_status":"closed","template":"elementor_header_footer","meta":{"footnotes":""},"class_list":["post-236","page","type-page","status-publish","hentry"],"_links":{"self":[{"href":"https:\/\/immediateedge.finance\/es\/wp-json\/wp\/v2\/pages\/236","targetHints":{"allow":["GET"]}}],"collection":[{"href":"https:\/\/immediateedge.finance\/es\/wp-json\/wp\/v2\/pages"}],"about":[{"href":"https:\/\/immediateedge.finance\/es\/wp-json\/wp\/v2\/types\/page"}],"author":[{"embeddable":true,"href":"https:\/\/immediateedge.finance\/es\/wp-json\/wp\/v2\/users\/1"}],"replies":[{"embeddable":true,"href":"https:\/\/immediateedge.finance\/es\/wp-json\/wp\/v2\/comments?post=236"}],"version-history":[{"count":0,"href":"https:\/\/immediateedge.finance\/es\/wp-json\/wp\/v2\/pages\/236\/revisions"}],"wp:attachment":[{"href":"https:\/\/immediateedge.finance\/es\/wp-json\/wp\/v2\/media?parent=236"}],"curies":[{"name":"wp","href":"https:\/\/api.w.org\/{rel}","templated":true}]}}