{"id":175,"date":"2023-08-23T13:09:06","date_gmt":"2023-08-23T13:09:06","guid":{"rendered":"https:\/\/immediateedge.finance\/?page_id=175"},"modified":"2026-01-02T06:39:45","modified_gmt":"2026-01-02T06:39:45","slug":"sobre-nosotras","status":"publish","type":"page","link":"https:\/\/immediateedge.finance\/es\/about-us\/","title":{"rendered":"Qui\u00e9nes somos"},"content":{"rendered":"<div data-elementor-type=\"wp-page\" data-elementor-id=\"175\" class=\"elementor elementor-175\" data-elementor-post-type=\"page\">\n\t\t\t\t<div class=\"elementor-element elementor-element-d0320a6 e-flex e-con-boxed e-con e-parent\" data-id=\"d0320a6\" data-element_type=\"container\" data-e-type=\"container\" data-settings=\"{&quot;background_background&quot;:&quot;gradient&quot;}\">\n\t\t\t\t\t<div class=\"e-con-inner\">\n\t\t\t\t<div class=\"elementor-element elementor-element-5f06557 elementor-widget elementor-widget-heading\" data-id=\"5f06557\" data-element_type=\"widget\" data-e-type=\"widget\" data-widget_type=\"heading.default\">\n\t\t\t\t\t<h1 class=\"elementor-heading-title elementor-size-default\">Qui\u00e9nes somos<\/h1>\t\t\t\t<\/div>\n\t\t\t\t\t<\/div>\n\t\t\t\t<\/div>\n\t\t<div class=\"elementor-element elementor-element-ef1f495 e-flex e-con-boxed e-con e-parent\" data-id=\"ef1f495\" data-element_type=\"container\" data-e-type=\"container\" data-settings=\"{&quot;background_background&quot;:&quot;gradient&quot;}\">\n\t\t\t\t\t<div class=\"e-con-inner\">\n\t\t<div class=\"elementor-element elementor-element-70fe078 e-con-full e-flex e-con e-child\" data-id=\"70fe078\" data-element_type=\"container\" data-e-type=\"container\">\n\t\t\t\t<div class=\"elementor-element elementor-element-4db8e18 elementor-widget elementor-widget-heading\" data-id=\"4db8e18\" data-element_type=\"widget\" data-e-type=\"widget\" data-widget_type=\"heading.default\">\n\t\t\t\t\t<h2 class=\"elementor-heading-title elementor-size-default\">Quienes somos nosotros<\/h2>\t\t\t\t<\/div>\n\t\t\t\t<div class=\"elementor-element elementor-element-832b77d elementor-widget elementor-widget-text-editor\" data-id=\"832b77d\" data-element_type=\"widget\" data-e-type=\"widget\" data-widget_type=\"text-editor.default\">\n\t\t\t\t\t\t\t\t\t<p>Conozca a los pioneros detr\u00e1s de Immediate Edge: un equipo de j\u00f3venes emprendedores entusiastas, decididos y conocedores. Sin embargo, \u00bfqu\u00e9 nos diferencia? Nuestra inquebrantable dedicaci\u00f3n a impulsar el cambio a trav\u00e9s de la innovaci\u00f3n.<\/p><p>Con experiencia en comercio, comprendimos \u00edntimamente los desaf\u00edos de confiar en las emociones e incertidumbres humanas para lograr operaciones rentables. Aspiramos a un enfoque superior: una herramienta perfecta, precisa, confiable y f\u00e1cil de usar. Esto nos llev\u00f3 a fusionar nuestra experiencia y desarrollar un sistema comercial que ejecutara operaciones exitosas de manera consistente.<\/p><p>Presentamos Immediate Edge, nuestra aplicaci\u00f3n que optimiza el comercio en l\u00ednea para individuos en todas las etapas de su viaje. Ya sea que sea un profesional experimentado o simplemente se est\u00e9 embarcando en este camino, nuestro software enriquece sus habilidades y maximiza las ganancias potenciales. Combina armoniosamente la tecnolog\u00eda m\u00e1s avanzada con el conocimiento humano.<\/p><p>Nuestro compromiso no termina ah\u00ed. Escuchamos continuamente los comentarios de nuestra comunidad de miembros y perfeccionamos y probamos incesantemente nuestro software. \u00bfPor qu\u00e9? Porque nuestro objetivo principal es potenciar el \u00e9xito de los traders. \u00danase a nosotros y sum\u00e9rjase en el potencial de Immediate Edge.<\/p>\t\t\t\t\t\t\t\t<\/div>\n\t\t\t\t<\/div>\n\t\t<div class=\"elementor-element elementor-element-62e8c7f e-con-full e-flex e-con e-child\" data-id=\"62e8c7f\" data-element_type=\"container\" data-e-type=\"container\">\n\t\t\t\t<div class=\"elementor-element elementor-element-e3936e0 elementor-widget-mobile__width-initial elementor-widget elementor-widget-image\" data-id=\"e3936e0\" data-element_type=\"widget\" data-e-type=\"widget\" data-widget_type=\"image.default\">\n\t\t\t\t\t\t\t\t\t\t\t\t\t\t\t<img fetchpriority=\"high\" decoding=\"async\" width=\"800\" height=\"635\" src=\"https:\/\/immediateedge.finance\/wp-content\/uploads\/2024\/02\/banner-img-9-2-1-1.webp\" class=\"attachment-large size-large wp-image-556\" alt=\"bandera\" srcset=\"https:\/\/immediateedge.finance\/wp-content\/uploads\/2024\/02\/banner-img-9-2-1-1.webp 866w, https:\/\/immediateedge.finance\/wp-content\/uploads\/2024\/02\/banner-img-9-2-1-1-300x238.webp 300w, https:\/\/immediateedge.finance\/wp-content\/uploads\/2024\/02\/banner-img-9-2-1-1-768x609.webp 768w\" sizes=\"(max-width: 800px) 100vw, 800px\" \/>\t\t\t\t\t\t\t\t\t\t\t\t\t\t\t<\/div>\n\t\t\t\t<\/div>\n\t\t\t\t\t<\/div>\n\t\t\t\t<\/div>\n\t\t<div class=\"elementor-element elementor-element-0785b42 e-flex e-con-boxed e-con e-parent\" data-id=\"0785b42\" data-element_type=\"container\" data-e-type=\"container\">\n\t\t\t\t\t<div class=\"e-con-inner\">\n\t\t<div class=\"elementor-element elementor-element-1006b57 e-con-full e-flex e-con e-child\" data-id=\"1006b57\" data-element_type=\"container\" data-e-type=\"container\">\n\t\t\t\t<div class=\"elementor-element elementor-element-3d19dd9 elementor-widget elementor-widget-heading\" data-id=\"3d19dd9\" data-element_type=\"widget\" data-e-type=\"widget\" data-widget_type=\"heading.default\">\n\t\t\t\t\t<h2 class=\"elementor-heading-title elementor-size-default\">Ventajas de la plataforma Immediate Edge<\/h2>\t\t\t\t<\/div>\n\t\t\t\t<div class=\"elementor-element elementor-element-1eb9f8b elementor-widget elementor-widget-text-editor\" data-id=\"1eb9f8b\" data-element_type=\"widget\" data-e-type=\"widget\" data-widget_type=\"text-editor.default\">\n\t\t\t\t\t\t\t\t\t<ul><li style=\"font-weight: 400;\" aria-level=\"1\"><span style=\"font-weight: 400;\">Immediate Edge Crypto es una aplicaci\u00f3n que analiza las tendencias del mercado en microsegundos.<\/span><\/li><li style=\"font-weight: 400;\" aria-level=\"1\"><span style=\"font-weight: 400;\">Le ofrece actualizaciones para mejorar sus operaciones.<\/span><\/li><li style=\"font-weight: 400;\" aria-level=\"1\"><span style=\"font-weight: 400;\">Le proporciona informaci\u00f3n densa que a los humanos les resulta complejo analizar por s\u00ed solos.<\/span><\/li><li style=\"font-weight: 400;\" aria-level=\"1\"><span style=\"font-weight: 400;\">Esta aplicaci\u00f3n te ayuda a actuar con m\u00e1s confianza y claridad.<\/span><\/li><li style=\"font-weight: 400;\" aria-level=\"1\"><span style=\"font-weight: 400;\">Immediate Edge UK es lo mejor para los operadores sin experiencia.<\/span><\/li><li style=\"font-weight: 400;\" aria-level=\"1\"><span style=\"font-weight: 400;\">Con s\u00f3lo usar esta aplicaci\u00f3n, puedes encontrar oportunidades tempranas. Te avisa antes de que se produzcan movimientos importantes.\u00a0<\/span><\/li><li style=\"font-weight: 400;\" aria-level=\"1\"><span style=\"font-weight: 400;\">Las actualizaciones permitir\u00e1n realizar operaciones m\u00e1s rentables y tomar mejores decisiones.<\/span><\/li><li style=\"font-weight: 400;\" aria-level=\"1\"><span style=\"font-weight: 400;\">Con una interfaz sencilla y m\u00e9todos de pago seguros, como transferencia bancaria, monedero electr\u00f3nico o ingreso con tarjeta de cr\u00e9dito o d\u00e9bito, la aplicaci\u00f3n es f\u00e1cil de usar para operar.<\/span><\/li><li style=\"font-weight: 400;\" aria-level=\"1\"><span style=\"font-weight: 400;\">Tambi\u00e9n ofrece dep\u00f3sitos y retiradas muy r\u00e1pidos.<\/span><\/li><li style=\"font-weight: 400;\" aria-level=\"1\"><span style=\"font-weight: 400;\">Con esta aplicaci\u00f3n, usted es capaz de gestionar sus fondos f\u00e1cilmente mientras que el comercio.<\/span><\/li><li aria-level=\"1\"><span style=\"font-weight: 400;\">La plataforma Immediate Edge ha utilizado la tecnolog\u00eda m\u00e1s avanzada para proteger los datos de los usuarios.<\/span><\/li><li aria-level=\"1\">Tambi\u00e9n cumple las normas y reglamentos para garantizar un entorno comercial seguro.<\/li><\/ul>\t\t\t\t\t\t\t\t<\/div>\n\t\t\t\t<\/div>\n\t\t<div class=\"elementor-element elementor-element-63f80ae e-con-full e-flex e-con e-child\" data-id=\"63f80ae\" data-element_type=\"container\" data-e-type=\"container\">\n\t\t\t\t<div class=\"elementor-element elementor-element-b0fc94d elementor-widget-mobile__width-initial elementor-widget elementor-widget-image\" data-id=\"b0fc94d\" data-element_type=\"widget\" data-e-type=\"widget\" data-widget_type=\"image.default\">\n\t\t\t\t\t\t\t\t\t\t\t\t\t\t\t<img decoding=\"async\" width=\"729\" height=\"734\" src=\"https:\/\/immediateedge.finance\/wp-content\/uploads\/2025\/12\/mockup-3.webp\" class=\"attachment-full size-full wp-image-1811\" alt=\"\" srcset=\"https:\/\/immediateedge.finance\/wp-content\/uploads\/2025\/12\/mockup-3.webp 729w, https:\/\/immediateedge.finance\/wp-content\/uploads\/2025\/12\/mockup-3-298x300.webp 298w, https:\/\/immediateedge.finance\/wp-content\/uploads\/2025\/12\/mockup-3-150x150.webp 150w, https:\/\/immediateedge.finance\/wp-content\/uploads\/2025\/12\/mockup-3-12x12.webp 12w\" sizes=\"(max-width: 729px) 100vw, 729px\" \/>\t\t\t\t\t\t\t\t\t\t\t\t\t\t\t<\/div>\n\t\t\t\t<\/div>\n\t\t\t\t\t<\/div>\n\t\t\t\t<\/div>\n\t\t<div class=\"elementor-element elementor-element-5354bc6 e-flex e-con-boxed e-con e-parent\" data-id=\"5354bc6\" data-element_type=\"container\" data-e-type=\"container\">\n\t\t\t\t\t<div class=\"e-con-inner\">\n\t\t<div class=\"elementor-element elementor-element-a94c792 e-con-full elementor-hidden-mobile e-flex e-con e-child\" data-id=\"a94c792\" data-element_type=\"container\" data-e-type=\"container\">\n\t\t\t\t<div class=\"elementor-element elementor-element-766137a elementor-widget elementor-widget-image\" data-id=\"766137a\" data-element_type=\"widget\" data-e-type=\"widget\" data-widget_type=\"image.default\">\n\t\t\t\t\t\t\t\t\t\t\t\t\t\t\t<img decoding=\"async\" width=\"1024\" height=\"1024\" src=\"https:\/\/immediateedge.finance\/wp-content\/uploads\/2024\/02\/photo_5981279900495101644.webp\" class=\"attachment-full size-full wp-image-746\" alt=\"asset\" srcset=\"https:\/\/immediateedge.finance\/wp-content\/uploads\/2024\/02\/photo_5981279900495101644.webp 1024w, https:\/\/immediateedge.finance\/wp-content\/uploads\/2024\/02\/photo_5981279900495101644-300x300.webp 300w, https:\/\/immediateedge.finance\/wp-content\/uploads\/2024\/02\/photo_5981279900495101644-150x150.webp 150w, https:\/\/immediateedge.finance\/wp-content\/uploads\/2024\/02\/photo_5981279900495101644-768x768.webp 768w\" sizes=\"(max-width: 1024px) 100vw, 1024px\" \/>\t\t\t\t\t\t\t\t\t\t\t\t\t\t\t<\/div>\n\t\t\t\t<\/div>\n\t\t<div class=\"elementor-element elementor-element-6619c55 e-con-full e-flex e-con e-child\" data-id=\"6619c55\" data-element_type=\"container\" data-e-type=\"container\">\n\t\t\t\t<div class=\"elementor-element elementor-element-011f000 elementor-widget elementor-widget-heading\" data-id=\"011f000\" data-element_type=\"widget\" data-e-type=\"widget\" data-widget_type=\"heading.default\">\n\t\t\t\t\t<h2 class=\"elementor-heading-title elementor-size-default\">\u00bfQu\u00e9 son los activos de mercado?<\/h2>\t\t\t\t<\/div>\n\t\t\t\t<div class=\"elementor-element elementor-element-3c5efcb elementor-widget elementor-widget-text-editor\" data-id=\"3c5efcb\" data-element_type=\"widget\" data-e-type=\"widget\" data-widget_type=\"text-editor.default\">\n\t\t\t\t\t\t\t\t\t<p>Los activos de mercado son el tipo de activo negociable m\u00e1s popular, lo que ha dado lugar a m\u00e1s de 10\u00a0000 monedas digitales en el mercado actual. Si bien existen muchas otras inversiones similares, ninguna iguala la popularidad, el reconocimiento y el respeto de la inversi\u00f3n en activos financieros. Estos activos son m\u00e1s seguros que los nuevos y menos reconocidos activos negociables, dada su amplia base de usuarios y su trayectoria de \u00e9xito comprobado. Immediate Edge Canada permite la negociaci\u00f3n de estos activos.<\/p>\t\t\t\t\t\t\t\t<\/div>\n\t\t\t\t<\/div>\n\t\t\t\t\t<\/div>\n\t\t\t\t<\/div>\n\t\t\t\t<\/div>","protected":false},"excerpt":{"rendered":"<p>About Us Who Are We? Meet the pioneers behind Immediate Edge \u2013 a team of enthusiastic, determined, and knowledgeable young entrepreneurs. Yet, what sets us apart? Our unyielding dedication to driving change through innovation. Armed with a trading background, we intimately understood the challenges of relying on human emotions and uncertainties to achieve profitable trades. [&hellip;]<\/p>\n","protected":false},"author":1,"featured_media":0,"parent":0,"menu_order":0,"comment_status":"closed","ping_status":"closed","template":"elementor_header_footer","meta":{"footnotes":""},"class_list":["post-175","page","type-page","status-publish","hentry"],"_links":{"self":[{"href":"https:\/\/immediateedge.finance\/es\/wp-json\/wp\/v2\/pages\/175","targetHints":{"allow":["GET"]}}],"collection":[{"href":"https:\/\/immediateedge.finance\/es\/wp-json\/wp\/v2\/pages"}],"about":[{"href":"https:\/\/immediateedge.finance\/es\/wp-json\/wp\/v2\/types\/page"}],"author":[{"embeddable":true,"href":"https:\/\/immediateedge.finance\/es\/wp-json\/wp\/v2\/users\/1"}],"replies":[{"embeddable":true,"href":"https:\/\/immediateedge.finance\/es\/wp-json\/wp\/v2\/comments?post=175"}],"version-history":[{"count":3,"href":"https:\/\/immediateedge.finance\/es\/wp-json\/wp\/v2\/pages\/175\/revisions"}],"predecessor-version":[{"id":1990,"href":"https:\/\/immediateedge.finance\/es\/wp-json\/wp\/v2\/pages\/175\/revisions\/1990"}],"wp:attachment":[{"href":"https:\/\/immediateedge.finance\/es\/wp-json\/wp\/v2\/media?parent=175"}],"curies":[{"name":"wp","href":"https:\/\/api.w.org\/{rel}","templated":true}]}}