{"id":1590,"date":"2025-10-27T08:51:30","date_gmt":"2025-10-27T08:51:30","guid":{"rendered":"https:\/\/immediateedge.finance\/?page_id=1590"},"modified":"2025-12-04T06:49:14","modified_gmt":"2025-12-04T06:49:14","slug":"descargar-aplicacion-de-amazon","status":"publish","type":"page","link":"https:\/\/immediateedge.finance\/es\/download-amazon-app\/","title":{"rendered":"Descargar la aplicaci\u00f3n de Amazon"},"content":{"rendered":"<div data-elementor-type=\"wp-page\" data-elementor-id=\"1590\" class=\"elementor elementor-1590\" data-elementor-post-type=\"page\">\n\t\t\t\t<div class=\"elementor-element elementor-element-1022861 e-flex e-con-boxed e-con e-parent\" data-id=\"1022861\" data-element_type=\"container\" data-e-type=\"container\">\n\t\t\t\t\t<div class=\"e-con-inner\">\n\t\t<div class=\"elementor-element elementor-element-874c985 e-con-full e-flex e-con e-child\" data-id=\"874c985\" data-element_type=\"container\" data-e-type=\"container\">\n\t\t\t\t<div class=\"elementor-element elementor-element-7709c10 elementor-widget elementor-widget-heading\" data-id=\"7709c10\" data-element_type=\"widget\" data-e-type=\"widget\" data-widget_type=\"heading.default\">\n\t\t\t\t\t<h2 class=\"elementor-heading-title elementor-size-default\">C\u00f3mo instalar una aplicaci\u00f3n de AWS Appstore en un tel\u00e9fono Android\n<\/h2>\t\t\t\t<\/div>\n\t\t\t\t<div class=\"elementor-element elementor-element-1d2f47f elementor-widget elementor-widget-text-editor\" data-id=\"1d2f47f\" data-element_type=\"widget\" data-e-type=\"widget\" data-widget_type=\"text-editor.default\">\n\t\t\t\t\t\t\t\t\t<ol><li>Instalar la Amazon AppStore.<\/li><li>Cree una cuenta e inicie sesi\u00f3n en Amazon AppStore.<\/li><li>Busque la aplicaci\u00f3n \u201cImmediate Vortex AI\u201d y haga clic en <strong><a href=\"https:\/\/www.amazon.com\/gp\/product\/B0D96F3PVG\" target=\"_blank\" rel=\"noopener\">Obtener la aplicaci\u00f3n<\/a>.<\/strong><\/li><li>Instalar y utilizar la aplicaci\u00f3n.<\/li><\/ol>\t\t\t\t\t\t\t\t<\/div>\n\t\t\t\t<\/div>\n\t\t<div class=\"elementor-element elementor-element-3e43a75 e-con-full e-flex e-con e-child\" data-id=\"3e43a75\" data-element_type=\"container\" data-e-type=\"container\">\n\t\t\t\t<div class=\"elementor-element elementor-element-58ba102 elementor-widget__width-initial elementor-widget elementor-widget-image\" data-id=\"58ba102\" data-element_type=\"widget\" data-e-type=\"widget\" data-widget_type=\"image.default\">\n\t\t\t\t\t\t\t\t\t\t\t\t\t\t\t<img fetchpriority=\"high\" decoding=\"async\" width=\"552\" height=\"1024\" src=\"https:\/\/immediateedge.finance\/wp-content\/uploads\/2025\/10\/Immediatevortex-amazon-screeshot-552x1024.webp\" class=\"attachment-large size-large wp-image-1594\" alt=\"immediate edge amazon app\" srcset=\"https:\/\/immediateedge.finance\/wp-content\/uploads\/2025\/10\/Immediatevortex-amazon-screeshot-552x1024.webp 552w, https:\/\/immediateedge.finance\/wp-content\/uploads\/2025\/10\/Immediatevortex-amazon-screeshot-162x300.webp 162w, https:\/\/immediateedge.finance\/wp-content\/uploads\/2025\/10\/Immediatevortex-amazon-screeshot-768x1423.webp 768w, https:\/\/immediateedge.finance\/wp-content\/uploads\/2025\/10\/Immediatevortex-amazon-screeshot-829x1536.webp 829w, https:\/\/immediateedge.finance\/wp-content\/uploads\/2025\/10\/Immediatevortex-amazon-screeshot-1105x2048.webp 1105w, https:\/\/immediateedge.finance\/wp-content\/uploads\/2025\/10\/Immediatevortex-amazon-screeshot-6x12.webp 6w, https:\/\/immediateedge.finance\/wp-content\/uploads\/2025\/10\/Immediatevortex-amazon-screeshot-scaled.webp 1381w\" sizes=\"(max-width: 552px) 100vw, 552px\" \/>\t\t\t\t\t\t\t\t\t\t\t\t\t\t\t<\/div>\n\t\t\t\t<\/div>\n\t\t\t\t\t<\/div>\n\t\t\t\t<\/div>\n\t\t\t\t<\/div>","protected":false},"excerpt":{"rendered":"<p>How to install app from AWS Appstore to android Phone Install the Amazon AppStore. Create account and login to Amazon AppStore. Search for app \u201cImmediate Vortex AI\u201d and click Get App. Install and use App.<\/p>","protected":false},"author":1,"featured_media":0,"parent":0,"menu_order":0,"comment_status":"closed","ping_status":"closed","template":"elementor_header_footer","meta":{"footnotes":""},"class_list":["post-1590","page","type-page","status-publish","hentry"],"_links":{"self":[{"href":"https:\/\/immediateedge.finance\/es\/wp-json\/wp\/v2\/pages\/1590","targetHints":{"allow":["GET"]}}],"collection":[{"href":"https:\/\/immediateedge.finance\/es\/wp-json\/wp\/v2\/pages"}],"about":[{"href":"https:\/\/immediateedge.finance\/es\/wp-json\/wp\/v2\/types\/page"}],"author":[{"embeddable":true,"href":"https:\/\/immediateedge.finance\/es\/wp-json\/wp\/v2\/users\/1"}],"replies":[{"embeddable":true,"href":"https:\/\/immediateedge.finance\/es\/wp-json\/wp\/v2\/comments?post=1590"}],"version-history":[{"count":0,"href":"https:\/\/immediateedge.finance\/es\/wp-json\/wp\/v2\/pages\/1590\/revisions"}],"wp:attachment":[{"href":"https:\/\/immediateedge.finance\/es\/wp-json\/wp\/v2\/media?parent=1590"}],"curies":[{"name":"wp","href":"https:\/\/api.w.org\/{rel}","templated":true}]}}