{"id":236,"date":"2023-08-23T14:27:02","date_gmt":"2023-08-23T14:27:02","guid":{"rendered":"https:\/\/immediateedge.finance\/?page_id=236"},"modified":"2025-12-11T08:27:10","modified_gmt":"2025-12-11T08:27:10","slug":"datenschutzbestimmungen","status":"publish","type":"page","link":"https:\/\/immediateedge.finance\/de\/privacy-policy\/","title":{"rendered":"Datenschutzbestimmungen"},"content":{"rendered":"<div data-elementor-type=\"wp-page\" data-elementor-id=\"236\" class=\"elementor elementor-236\" data-elementor-post-type=\"page\">\n\t\t\t\t\t\t<section class=\"elementor-section elementor-top-section elementor-element elementor-element-170b34f elementor-section-boxed elementor-section-height-default elementor-section-height-default\" data-id=\"170b34f\" data-element_type=\"section\" data-e-type=\"section\" data-settings=\"{&quot;background_background&quot;:&quot;classic&quot;}\">\n\t\t\t\t\t\t<div class=\"elementor-container elementor-column-gap-default\">\n\t\t\t\t\t<div class=\"elementor-column elementor-col-100 elementor-top-column elementor-element elementor-element-f2f86b6\" data-id=\"f2f86b6\" data-element_type=\"column\" data-e-type=\"column\">\n\t\t\t<div class=\"elementor-widget-wrap elementor-element-populated\">\n\t\t\t\t\t\t<section class=\"elementor-section elementor-inner-section elementor-element elementor-element-2ebbd37 elementor-section-boxed elementor-section-height-default elementor-section-height-default\" data-id=\"2ebbd37\" data-element_type=\"section\" data-e-type=\"section\">\n\t\t\t\t\t\t<div class=\"elementor-container elementor-column-gap-default\">\n\t\t\t\t\t<div class=\"elementor-column elementor-col-100 elementor-inner-column elementor-element elementor-element-08e74b4\" data-id=\"08e74b4\" data-element_type=\"column\" data-e-type=\"column\">\n\t\t\t<div class=\"elementor-widget-wrap elementor-element-populated\">\n\t\t\t\t\t\t<div class=\"elementor-element elementor-element-ace13da elementor-widget elementor-widget-heading\" data-id=\"ace13da\" data-element_type=\"widget\" data-e-type=\"widget\" data-widget_type=\"heading.default\">\n\t\t\t\t\t<h1 class=\"elementor-heading-title elementor-size-default\">Datenschutzbestimmungen<\/h1>\t\t\t\t<\/div>\n\t\t\t\t<div class=\"elementor-element elementor-element-0465585 elementor-widget elementor-widget-text-editor\" data-id=\"0465585\" data-element_type=\"widget\" data-e-type=\"widget\" data-widget_type=\"text-editor.default\">\n\t\t\t\t\t\t\t\t\t<p><strong>Immediate Edge<\/strong> legt gro\u00dfen Wert auf den Schutz der Privatsph\u00e4re jedes Einzelnen, der unsere Websites besucht. Diese Datenschutzerkl\u00e4rung dient als Benachrichtigung \u00fcber die Standards und Bedingungen, unter denen <strong>Immediate Edge<\/strong> gew\u00e4hrleistet den Schutz der Informationen, die von Besuchern von Websites bereitgestellt werden, die Eigentum von und betrieben werden von <strong>Immediate Edge<\/strong>, einschlie\u00dflich Immediate Momentum Center, Immediate Xgen Edge ESpace und Konzernunternehmen. Unsere Datenschutzerkl\u00e4rung beschreibt unsere Vorgehensweise bei der Datenerhebung und deren Verwendung. Bitte beachten Sie, dass diese Richtlinie regelm\u00e4\u00dfig ge\u00e4ndert werden kann. Wir empfehlen Ihnen daher, diese Informationen regelm\u00e4\u00dfig zu \u00fcberpr\u00fcfen.<\/p>\t\t\t\t\t\t\t\t<\/div>\n\t\t\t\t<div class=\"elementor-element elementor-element-c08387a elementor-widget elementor-widget-heading\" data-id=\"c08387a\" data-element_type=\"widget\" data-e-type=\"widget\" data-widget_type=\"heading.default\">\n\t\t\t\t\t<h2 class=\"elementor-heading-title elementor-size-default\">Informationen, die wir sammeln\n<\/h2>\t\t\t\t<\/div>\n\t\t\t\t<div class=\"elementor-element elementor-element-c675b62 elementor-widget elementor-widget-text-editor\" data-id=\"c675b62\" data-element_type=\"widget\" data-e-type=\"widget\" data-widget_type=\"text-editor.default\">\n\t\t\t\t\t\t\t\t\t<p>Die personenbezogenen Daten, um deren Bereitstellung Sie gebeten werden, und die Gr\u00fcnde, warum Sie zur Bereitstellung dieser Daten aufgefordert werden, werden Ihnen an dem Punkt mitgeteilt, an dem wir Sie um die Angabe Ihrer personenbezogenen Daten bitten. Wenn Sie uns direkt kontaktieren, erhalten wir m\u00f6glicherweise zus\u00e4tzliche Informationen \u00fcber Sie, wie Ihren Namen, Ihre E-Mail-Adresse, Ihre Telefonnummer, den Inhalt der Nachricht und\/oder der Anh\u00e4nge, die Sie uns senden, sowie alle anderen Informationen, die Sie uns zur Verf\u00fcgung stellen. Wenn Sie sich f\u00fcr ein Konto registrieren, fragen wir Sie m\u00f6glicherweise nach Ihren Kontaktinformationen, einschlie\u00dflich Angaben wie Name, Firmenname, Adresse, E-Mail-Adresse und Telefonnummer.<\/p>\t\t\t\t\t\t\t\t<\/div>\n\t\t\t\t<div class=\"elementor-element elementor-element-71db021 elementor-widget elementor-widget-heading\" data-id=\"71db021\" data-element_type=\"widget\" data-e-type=\"widget\" data-widget_type=\"heading.default\">\n\t\t\t\t\t<h2 class=\"elementor-heading-title elementor-size-default\">Pers\u00f6nlich identifizierbare Informationen<\/h2>\t\t\t\t<\/div>\n\t\t\t\t<div class=\"elementor-element elementor-element-d5f8a12 elementor-widget elementor-widget-text-editor\" data-id=\"d5f8a12\" data-element_type=\"widget\" data-e-type=\"widget\" data-widget_type=\"text-editor.default\">\n\t\t\t\t\t\t\t\t\t<p>Die Software sammelt spezifische Daten \u00fcber ihre Website-Besucher, wenn diese freiwillig zur Verf\u00fcgung gestellt werden, z. B. wenn Besucher Informationen anfordern, Dienstleistungen kaufen, Anfragen an den Kundendienst stellen, arbeitsplatzbezogene Informationen \u00fcbermitteln oder E-Mails senden. Einige Aktivit\u00e4ten erfordern die Weitergabe von Informationen, wie z. B. ein Kauf, die Verwendung einer Kreditkarte zur Zahlung, die Einreichung eines Lebenslaufs oder die Anforderung bestimmter Informationen. Wenn The Software \u00fcber ihre Websites personenbezogene Daten erh\u00e4lt, werden diese zur Erf\u00fcllung der jeweiligen Anfrage verwendet. In den meisten F\u00e4llen haben die Besucher die M\u00f6glichkeit zu entscheiden, ob The Software diese Informationen f\u00fcr weitere Zwecke verwenden darf. Es ist auch m\u00f6glich, The Software aufzufordern, die Informationen nicht zu verwenden, indem Sie eine E-Mail an support@fxrevenge.net senden. The Software beh\u00e4lt sich jedoch das Recht vor, nach eigenem Ermessen Bulletins und wichtige Informationen \u00fcber ihre Dienste zu versenden. In Ermangelung spezifischer Anweisungen kann The Software die zur Verf\u00fcgung gestellten Informationen verwenden, um Besucher \u00fcber zus\u00e4tzliche Dienstleistungen, Produkte oder Angebote von Unternehmen der The Software-Familie, autorisierten Vertretern und anderen Dienstleistern zu informieren, mit denen The Software Beziehungen unterh\u00e4lt und deren Angebote von Interesse sein k\u00f6nnten.<\/p>\t\t\t\t\t\t\t\t<\/div>\n\t\t\t\t<div class=\"elementor-element elementor-element-252f150 elementor-widget elementor-widget-text-editor\" data-id=\"252f150\" data-element_type=\"widget\" data-e-type=\"widget\" data-widget_type=\"text-editor.default\">\n\t\t\t\t\t\t\t\t\t<p>The Software verkauft oder handelt nicht mit pers\u00f6nlich identifizierbaren Informationen, es sei denn, dies ist erlaubt oder gesetzlich vorgeschrieben, oder in F\u00e4llen, in denen dem Besucher oder anderen ein k\u00f6rperlicher Schaden droht. Auf Websites, auf denen Besucher Kreditkarten- oder Bestellinformationen angeben, sichert The Software diese Informationen durch standardm\u00e4\u00dfige webbasierte Sicherheits- und Verschl\u00fcsselungsprotokolle, wie Secure Socket Layer (SSL) und Secure Electronic Transaction (SET). Wenn Besucher freiwillig R\u00fcckmeldungen, Daten, Antworten, Fragen, Kommentare, Vorschl\u00e4ge, Ideen oder \u00e4hnliche Informationen auf bestimmten Websites mitteilen, betrachtet The Software diesen Teil der Informationen als nicht vertraulich und nicht urheberrechtlich gesch\u00fctzt. Sofern in dieser Datenschutzerkl\u00e4rung nicht anders angegeben, \u00fcbernimmt The Software keine Verpflichtung, solche Informationen vor der Offenlegung zu sch\u00fctzen.<\/p>\t\t\t\t\t\t\t\t<\/div>\n\t\t\t\t<div class=\"elementor-element elementor-element-5b9facd elementor-widget elementor-widget-text-editor\" data-id=\"5b9facd\" data-element_type=\"widget\" data-e-type=\"widget\" data-widget_type=\"text-editor.default\">\n\t\t\t\t\t\t\t\t\t<p>Die in diesen Unterlagen dargestellten Beispiele sind nicht als Gewinnversprechen oder -garantie zu verstehen. Die Verdienstm\u00f6glichkeiten h\u00e4ngen vollst\u00e4ndig von der Person ab, die das Produkt, die Ideen, die Techniken und die investierten Anstrengungen nutzt. Diese Materialien werden nicht als \"Reichtumsprogramm\" pr\u00e4sentiert, und es wird davon abgeraten, sie als solches zu betrachten.<\/p>\t\t\t\t\t\t\t\t<\/div>\n\t\t\t\t<div class=\"elementor-element elementor-element-35b6225 elementor-widget elementor-widget-heading\" data-id=\"35b6225\" data-element_type=\"widget\" data-e-type=\"widget\" data-widget_type=\"heading.default\">\n\t\t\t\t\t<h2 class=\"elementor-heading-title elementor-size-default\"> Nicht pers\u00f6nlich identifizierbare (allgemeine) Informationen<\/h2>\t\t\t\t<\/div>\n\t\t\t\t<div class=\"elementor-element elementor-element-ec9ec4f elementor-widget elementor-widget-text-editor\" data-id=\"ec9ec4f\" data-element_type=\"widget\" data-e-type=\"widget\" data-widget_type=\"text-editor.default\">\n\t\t\t\t\t\t\t\t\t<p>In der Regel sammelt die Software automatisch einige allgemeine Informationen. Diese allgemeinen Informationen geben keinen Aufschluss \u00fcber die Identit\u00e4t des Besuchers und bestehen in der Regel aus Details wie der dem Computer des Besuchers zugewiesenen Internetadresse, der H\u00e4ufigkeit der Besuche und den spezifischen Websites, die The Software besucht. Diese Informationen werden gesammelt, um die Anforderungen des Kundendienstes und die Bed\u00fcrfnisse der Website zu ermitteln. Um dies zu erreichen, werden bestimmte Technologien, einschlie\u00dflich \"Cookies\" (die den Besuchern ma\u00dfgeschneiderte Informationen \u00fcber die Dienstleistungen von The Software liefern), eingesetzt. Es ist wichtig, darauf hinzuweisen, dass die auf diese Weise gesammelten Informationen nicht mit pers\u00f6nlich identifizierbaren Daten kombiniert werden. Besucher haben die M\u00f6glichkeit, ihre Browsereinstellungen so zu konfigurieren, dass sie benachrichtigt werden, wenn ein Cookie empfangen wird, und sie k\u00f6nnen dies ablehnen.<\/p>\t\t\t\t\t\t\t\t<\/div>\n\t\t\t\t<div class=\"elementor-element elementor-element-2688b7d elementor-widget elementor-widget-heading\" data-id=\"2688b7d\" data-element_type=\"widget\" data-e-type=\"widget\" data-widget_type=\"heading.default\">\n\t\t\t\t\t<h2 class=\"elementor-heading-title elementor-size-default\">Ihre von der Software gehostete Website, Server, Bulletin Boards, Forum, Websites von Drittanbietern<\/h2>\t\t\t\t<\/div>\n\t\t\t\t<div class=\"elementor-element elementor-element-b6c1fb7 elementor-widget elementor-widget-text-editor\" data-id=\"b6c1fb7\" data-element_type=\"widget\" data-e-type=\"widget\" data-widget_type=\"text-editor.default\">\n\t\t\t\t\t\t\t\t\t<p>Alle Informationen, die Sie in einem \u00f6ffentlichen Bereich, wie z.B. einem Bulletin Board, einem Chatroom oder einer von der Software gehosteten Website, freigeben, werden f\u00fcr alle anderen Besucher dieses Bereichs zug\u00e4nglich. Die Software ist nicht in der Lage, den Schutz von Informationen zu gew\u00e4hrleisten, die in solchen Bereichen ver\u00f6ffentlicht werden. Au\u00dferdem k\u00f6nnen die Websites der Software Links zu Websites Dritter enthalten, die nicht mit der Software verbunden sind. In solchen F\u00e4llen kann die Software nicht f\u00fcr die Sicherheit von Informationen garantieren, die Sie auf diesen externen Seiten preisgeben, und empfiehlt Ihnen, die Datenschutzerkl\u00e4rungen dieser Seiten zu lesen, bevor Sie sie besuchen.<\/p>\t\t\t\t\t\t\t\t<\/div>\n\t\t\t\t<div class=\"elementor-element elementor-element-39bb437 elementor-widget elementor-widget-heading\" data-id=\"39bb437\" data-element_type=\"widget\" data-e-type=\"widget\" data-widget_type=\"heading.default\">\n\t\t\t\t\t<h2 class=\"elementor-heading-title elementor-size-default\">Ausnahmen und Einschr\u00e4nkungen<\/h2>\t\t\t\t<\/div>\n\t\t\t\t<div class=\"elementor-element elementor-element-27870a6 elementor-widget elementor-widget-text-editor\" data-id=\"27870a6\" data-element_type=\"widget\" data-e-type=\"widget\" data-widget_type=\"text-editor.default\">\n\t\t\t\t\t\t\t\t\t<p>Unter Einhaltung der geltenden Gesetze wird die Software<\/p><p>(i) uneingeschr\u00e4nkt mit staatlichen, lokalen und bundesstaatlichen Beh\u00f6rden bei allen Ermittlungen bez\u00fcglich des Inhalts (einschlie\u00dflich pers\u00f6nlicher oder privater elektronischer Kommunikation, die an die Software \u00fcbertragen wird) oder mutma\u00dflich rechtswidriger Aktivit\u00e4ten eines Nutzers des Dienstes zusammenarbeitet, und<br \/>(ii) angemessene Ma\u00dfnahmen ergreift, um seine Eigentumsrechte zu sch\u00fctzen. Im begrenzten Rahmen dieser Zusammenarbeit und Ma\u00dfnahmen und in \u00dcbereinstimmung mit den einschl\u00e4gigen Gesetzen muss die Software m\u00f6glicherweise personenbezogene Daten offenlegen. Dar\u00fcber hinaus kann die Software Kommunikationsbereiche jeglicher Art \u00fcberwachen<\/p><p>(i) zur Einhaltung von Gesetzen, Vorschriften oder beh\u00f6rdlichen Anfragen;<br \/>(ii) wenn eine solche Offenlegung f\u00fcr den Betrieb der Software erforderlich ist; oder<br \/>(iii) zum Schutz der Rechte oder des Eigentums von The Software oder anderen.<\/p><p>Im Zusammenhang mit dem m\u00f6glichen Verkauf oder der \u00dcbertragung von Anteilen an der Software und den anderen Websites, die sich im Besitz der Software befinden, beh\u00e4lt sich das Unternehmen das Recht vor, Ihre Daten (einschlie\u00dflich, aber nicht beschr\u00e4nkt auf Name, Adressdaten und andere Informationen, die Sie der Software zur Verf\u00fcgung gestellt haben) an Dritte zu verkaufen oder zu \u00fcbertragen, die<br \/>(i) auf Kommunikationsprodukte oder -dienstleistungen spezialisiert ist;<br \/>(ii) erkl\u00e4rt sich damit einverstanden, die Interessen der Software hinsichtlich der Pflege und des Schutzes der gesammelten Informationen durchzusetzen; und<br \/>(iii) sich bereit erkl\u00e4rt, die in dieser Erkl\u00e4rung genannten Verpflichtungen einzuhalten.<\/p>\t\t\t\t\t\t\t\t<\/div>\n\t\t\t\t<div class=\"elementor-element elementor-element-445e537 elementor-widget elementor-widget-heading\" data-id=\"445e537\" data-element_type=\"widget\" data-e-type=\"widget\" data-widget_type=\"heading.default\">\n\t\t\t\t\t<h2 class=\"elementor-heading-title elementor-size-default\">Kontakt<\/h2>\t\t\t\t<\/div>\n\t\t\t\t<div class=\"elementor-element elementor-element-ca1c49f elementor-widget elementor-widget-text-editor\" data-id=\"ca1c49f\" data-element_type=\"widget\" data-e-type=\"widget\" data-widget_type=\"text-editor.default\">\n\t\t\t\t\t\t\t\t\t<p>Bei Fragen oder Anliegen zum Datenschutz kontaktieren Sie uns bitte unter:<br \/>\ud83d\udce7 <strong>E-Mail:<\/strong> <a style=\"color: red;\" href=\"mailto:support@immediateedge.finance\" rel=\"noopener\">support@immediateedge.finance<\/a><\/p><p>Wir k\u00f6nnen diese Datenschutzrichtlinie von Zeit zu Zeit aktualisieren. Bitte \u00fcberpr\u00fcfen Sie es regelm\u00e4\u00dfig auf \u00c4nderungen<\/p>\t\t\t\t\t\t\t\t<\/div>\n\t\t\t\t\t<\/div>\n\t\t<\/div>\n\t\t\t\t\t<\/div>\n\t\t<\/section>\n\t\t\t\t\t<\/div>\n\t\t<\/div>\n\t\t\t\t\t<\/div>\n\t\t<\/section>\n\t\t\t\t<\/div>","protected":false},"excerpt":{"rendered":"<p>Privacy Policy Immediate Edge places great importance on safeguarding the privacy of every individual who visits our websites. This privacy statement serves as a notification of the standards and conditions through which Immediate Edge ensures the protection of information provided by visitors to websites owned and operated by Immediate Edge, including Immediate Momentum Center, Immediate [&hellip;]<\/p>\n","protected":false},"author":1,"featured_media":0,"parent":0,"menu_order":0,"comment_status":"closed","ping_status":"closed","template":"elementor_header_footer","meta":{"footnotes":""},"class_list":["post-236","page","type-page","status-publish","hentry"],"_links":{"self":[{"href":"https:\/\/immediateedge.finance\/de\/wp-json\/wp\/v2\/pages\/236","targetHints":{"allow":["GET"]}}],"collection":[{"href":"https:\/\/immediateedge.finance\/de\/wp-json\/wp\/v2\/pages"}],"about":[{"href":"https:\/\/immediateedge.finance\/de\/wp-json\/wp\/v2\/types\/page"}],"author":[{"embeddable":true,"href":"https:\/\/immediateedge.finance\/de\/wp-json\/wp\/v2\/users\/1"}],"replies":[{"embeddable":true,"href":"https:\/\/immediateedge.finance\/de\/wp-json\/wp\/v2\/comments?post=236"}],"version-history":[{"count":0,"href":"https:\/\/immediateedge.finance\/de\/wp-json\/wp\/v2\/pages\/236\/revisions"}],"wp:attachment":[{"href":"https:\/\/immediateedge.finance\/de\/wp-json\/wp\/v2\/media?parent=236"}],"curies":[{"name":"wp","href":"https:\/\/api.w.org\/{rel}","templated":true}]}}