{"id":1929,"date":"2025-12-29T09:33:47","date_gmt":"2025-12-29T09:33:47","guid":{"rendered":"https:\/\/immediateedge.finance\/?page_id=1929"},"modified":"2025-12-29T09:44:08","modified_gmt":"2025-12-29T09:44:08","slug":"haftungsausschluss","status":"publish","type":"page","link":"https:\/\/immediateedge.finance\/de\/disclaimer\/","title":{"rendered":"Haftungsausschluss"},"content":{"rendered":"<div data-elementor-type=\"wp-page\" data-elementor-id=\"1929\" class=\"elementor elementor-1929\" data-elementor-post-type=\"page\">\n\t\t\t\t\t\t<section class=\"elementor-section elementor-top-section elementor-element elementor-element-170b34f elementor-section-boxed elementor-section-height-default elementor-section-height-default\" data-id=\"170b34f\" data-element_type=\"section\" data-e-type=\"section\" data-settings=\"{&quot;background_background&quot;:&quot;classic&quot;}\">\n\t\t\t\t\t\t<div class=\"elementor-container elementor-column-gap-default\">\n\t\t\t\t\t<div class=\"elementor-column elementor-col-100 elementor-top-column elementor-element elementor-element-f2f86b6\" data-id=\"f2f86b6\" data-element_type=\"column\" data-e-type=\"column\">\n\t\t\t<div class=\"elementor-widget-wrap elementor-element-populated\">\n\t\t\t\t\t\t<section class=\"elementor-section elementor-inner-section elementor-element elementor-element-2ebbd37 elementor-section-boxed elementor-section-height-default elementor-section-height-default\" data-id=\"2ebbd37\" data-element_type=\"section\" data-e-type=\"section\">\n\t\t\t\t\t\t<div class=\"elementor-container elementor-column-gap-default\">\n\t\t\t\t\t<div class=\"elementor-column elementor-col-100 elementor-inner-column elementor-element elementor-element-08e74b4\" data-id=\"08e74b4\" data-element_type=\"column\" data-e-type=\"column\">\n\t\t\t<div class=\"elementor-widget-wrap elementor-element-populated\">\n\t\t\t\t\t\t<div class=\"elementor-element elementor-element-ace13da elementor-widget elementor-widget-heading\" data-id=\"ace13da\" data-element_type=\"widget\" data-e-type=\"widget\" data-widget_type=\"heading.default\">\n\t\t\t\t\t<h1 class=\"elementor-heading-title elementor-size-default\">Haftungsausschluss<\/h1>\t\t\t\t<\/div>\n\t\t\t\t<div class=\"elementor-element elementor-element-0465585 elementor-widget elementor-widget-text-editor\" data-id=\"0465585\" data-element_type=\"widget\" data-e-type=\"widget\" data-widget_type=\"text-editor.default\">\n\t\t\t\t\t\t\t\t\t<p class=\"translation-block\">Die von <strong>Immediate Edge<\/strong>, seinen verbundenen Unternehmen, Mitwirkenden, Autoren oder Partnern (zusammen \u201ewir\u201c, \u201euns\u201c oder \u201eunser\u201c) auf dieser Website bereitgestellten Informationen dienen ausschlie\u00dflich allgemeinen Informations- und Bildungszwecken.<\/p>\t\t\t\t\t\t\t\t<\/div>\n\t\t\t\t<div class=\"elementor-element elementor-element-c08387a elementor-widget elementor-widget-heading\" data-id=\"c08387a\" data-element_type=\"widget\" data-e-type=\"widget\" data-widget_type=\"heading.default\">\n\t\t\t\t\t<h2 class=\"elementor-heading-title elementor-size-default\">Keine Finanzberatung<\/h2>\t\t\t\t<\/div>\n\t\t\t\t<div class=\"elementor-element elementor-element-c675b62 elementor-widget elementor-widget-text-editor\" data-id=\"c675b62\" data-element_type=\"widget\" data-e-type=\"widget\" data-widget_type=\"text-editor.default\">\n\t\t\t\t\t\t\t\t\t<p>Die Inhalte dieser Website \u2013 einschlie\u00dflich, aber nicht beschr\u00e4nkt auf Artikel, Videos, Analysen, Marktdaten, Charts, Signale, Tools und Schulungsmaterialien \u2013 stellen keine Finanz-, Anlage-, Rechts-, Steuer- oder sonstige professionelle Beratung dar. Nichts auf dieser Website ist eine Empfehlung, Aufforderung, ein Angebot oder eine Bef\u00fcrwortung zum Kauf, Verkauf, Halten oder Handel von Finanzinstrumenten, Wertpapieren, Rohstoffen, W\u00e4hrungen, digitalen Verm\u00f6genswerten oder Anlageprodukten.<\/p>\t\t\t\t\t\t\t\t<\/div>\n\t\t\t\t<div class=\"elementor-element elementor-element-71db021 elementor-widget elementor-widget-heading\" data-id=\"71db021\" data-element_type=\"widget\" data-e-type=\"widget\" data-widget_type=\"heading.default\">\n\t\t\t\t\t<h2 class=\"elementor-heading-title elementor-size-default\">Risikobest\u00e4tigung\n<\/h2>\t\t\t\t<\/div>\n\t\t\t\t<div class=\"elementor-element elementor-element-d5f8a12 elementor-widget elementor-widget-text-editor\" data-id=\"d5f8a12\" data-element_type=\"widget\" data-e-type=\"widget\" data-widget_type=\"text-editor.default\">\n\t\t\t\t\t\t\t\t\t<p>Der Handel an den Finanzm\u00e4rkten \u2013 einschlie\u00dflich Devisenhandel (FX), Differenzkontrakten (CFDs), Kryptow\u00e4hrungen, Aktien, Indizes und anderen Derivaten \u2013 birgt erhebliche Risiken und ist nicht f\u00fcr alle Anleger geeignet. Die Wertentwicklung in der Vergangenheit ist kein Indikator f\u00fcr zuk\u00fcnftige Ergebnisse. Sie sollten Ihre finanzielle Situation und Ihre Risikotoleranz sorgf\u00e4ltig pr\u00fcfen, bevor Sie mit dem Handel oder der Anlage beginnen.<\/p>\t\t\t\t\t\t\t\t<\/div>\n\t\t\t\t<div class=\"elementor-element elementor-element-35b6225 elementor-widget elementor-widget-heading\" data-id=\"35b6225\" data-element_type=\"widget\" data-e-type=\"widget\" data-widget_type=\"heading.default\">\n\t\t\t\t\t<h2 class=\"elementor-heading-title elementor-size-default\">Keine Haftung\n<\/h2>\t\t\t\t<\/div>\n\t\t\t\t<div class=\"elementor-element elementor-element-ec9ec4f elementor-widget elementor-widget-text-editor\" data-id=\"ec9ec4f\" data-element_type=\"widget\" data-e-type=\"widget\" data-widget_type=\"text-editor.default\">\n\t\t\t\t\t\t\t\t\t<p>Wir \u00fcbernehmen keine Gew\u00e4hr f\u00fcr die Richtigkeit, Zuverl\u00e4ssigkeit, Aktualit\u00e4t, Vollst\u00e4ndigkeit oder Eignung der auf dieser Website enthaltenen Informationen. Durch die Nutzung dieser Website erkl\u00e4ren Sie sich ausdr\u00fccklich damit einverstanden, dass:<\/p><ul><li><strong>Immediate Edge<\/strong>, seine Eigent\u00fcmer, Mitarbeiter, Auftragnehmer, F\u00fchrungskr\u00e4fte und Partner sind nicht verantwortlich oder haftbar f\u00fcr Verluste, Sch\u00e4den, Kosten oder Ausgaben, die direkt oder indirekt aus Ihrer Nutzung dieser Website oder dem Vertrauen auf deren Inhalte entstehen;<\/li><li>Sie \u00fcbernehmen die volle Verantwortung f\u00fcr Ihre Entscheidungen, Transaktionen, Strategien und deren Ergebnisse.<\/li><\/ul>\t\t\t\t\t\t\t\t<\/div>\n\t\t\t\t<div class=\"elementor-element elementor-element-2688b7d elementor-widget elementor-widget-heading\" data-id=\"2688b7d\" data-element_type=\"widget\" data-e-type=\"widget\" data-widget_type=\"heading.default\">\n\t\t\t\t\t<h2 class=\"elementor-heading-title elementor-size-default\">Unabh\u00e4ngige \u00dcberpr\u00fcfung\n<\/h2>\t\t\t\t<\/div>\n\t\t\t\t<div class=\"elementor-element elementor-element-b6c1fb7 elementor-widget elementor-widget-text-editor\" data-id=\"b6c1fb7\" data-element_type=\"widget\" data-e-type=\"widget\" data-widget_type=\"text-editor.default\">\n\t\t\t\t\t\t\t\t\t<p>Sie sollten alle Informationen selbstst\u00e4ndig \u00fcberpr\u00fcfen, bevor Sie darauf basierende Ma\u00dfnahmen ergreifen. Dies schlie\u00dft gegebenenfalls die Beratung durch einen zugelassenen Finanz-, Steuer- oder Rechtsexperten ein.<\/p>\t\t\t\t\t\t\t\t<\/div>\n\t\t\t\t<div class=\"elementor-element elementor-element-39bb437 elementor-widget elementor-widget-heading\" data-id=\"39bb437\" data-element_type=\"widget\" data-e-type=\"widget\" data-widget_type=\"heading.default\">\n\t\t\t\t\t<h2 class=\"elementor-heading-title elementor-size-default\">Keine Garantien\n<\/h2>\t\t\t\t<\/div>\n\t\t\t\t<div class=\"elementor-element elementor-element-27870a6 elementor-widget elementor-widget-text-editor\" data-id=\"27870a6\" data-element_type=\"widget\" data-e-type=\"widget\" data-widget_type=\"text-editor.default\">\n\t\t\t\t\t\t\t\t\t<p>Wir \u00fcbernehmen keine Gew\u00e4hr f\u00fcr Gewinne, die Richtigkeit der Daten, die Vollst\u00e4ndigkeit der Inhalte oder den ununterbrochenen Zugriff auf die Website. Technische Probleme, Fehler, Auslassungen und veraltete Informationen k\u00f6nnen auftreten.<\/p>\t\t\t\t\t\t\t\t<\/div>\n\t\t\t\t<div class=\"elementor-element elementor-element-445e537 elementor-widget elementor-widget-heading\" data-id=\"445e537\" data-element_type=\"widget\" data-e-type=\"widget\" data-widget_type=\"heading.default\">\n\t\t\t\t\t<h2 class=\"elementor-heading-title elementor-size-default\">Externe Links\n<\/h2>\t\t\t\t<\/div>\n\t\t\t\t<div class=\"elementor-element elementor-element-ca1c49f elementor-widget elementor-widget-text-editor\" data-id=\"ca1c49f\" data-element_type=\"widget\" data-e-type=\"widget\" data-widget_type=\"text-editor.default\">\n\t\t\t\t\t\t\t\t\t<p><strong>Immediate Edge<\/strong> Wir k\u00f6nnen Links zu Webseiten, Tools oder Diensten Dritter (\u201eExterne Seiten\u201c) bereitstellen. Diese Links dienen lediglich der Benutzerfreundlichkeit. Wir \u00fcbernehmen keine Verantwortung f\u00fcr die Inhalte, die Genauigkeit oder die Praktiken externer Seiten.<\/p>\t\t\t\t\t\t\t\t<\/div>\n\t\t\t\t<div class=\"elementor-element elementor-element-b24f2e3 elementor-widget elementor-widget-heading\" data-id=\"b24f2e3\" data-element_type=\"widget\" data-e-type=\"widget\" data-widget_type=\"heading.default\">\n\t\t\t\t\t<h2 class=\"elementor-heading-title elementor-size-default\">Ihre Verantwortung\n<\/h2>\t\t\t\t<\/div>\n\t\t\t\t<div class=\"elementor-element elementor-element-d5ba838 elementor-widget elementor-widget-text-editor\" data-id=\"d5ba838\" data-element_type=\"widget\" data-e-type=\"widget\" data-widget_type=\"text-editor.default\">\n\t\t\t\t\t\t\t\t\t<p>Durch den Zugriff auf oder die Nutzung dieser Website erkl\u00e4ren Sie sich damit einverstanden, dass alle Anlageentscheidungen auf Ihr eigenes Risiko getroffen werden. Sie stellen immediateedge.finance ausdr\u00fccklich von jeglicher Haftung f\u00fcr direkte oder indirekte Verluste oder Sch\u00e4den frei, die Ihnen entstehen.<\/p><p>Wenn Sie mit einem Teil dieses Haftungsausschlusses nicht einverstanden sind, m\u00fcssen Sie die Nutzung dieser Website unverz\u00fcglich einstellen.<\/p>\t\t\t\t\t\t\t\t<\/div>\n\t\t\t\t\t<\/div>\n\t\t<\/div>\n\t\t\t\t\t<\/div>\n\t\t<\/section>\n\t\t\t\t\t<\/div>\n\t\t<\/div>\n\t\t\t\t\t<\/div>\n\t\t<\/section>\n\t\t\t\t<\/div>","protected":false},"excerpt":{"rendered":"<p>Disclaimer The information provided by Immediate Edge, its affiliates, contributors, authors, or partners (collectively, \u201cwe\u201d, \u201cus\u201d, or \u201cour\u201d) on this website is for general informational and educational purposes only. No Financial Advice The content on this website \u2014 including but not limited to articles, videos, analysis, market data, charts, signals, tools, and educational material \u2014 [&hellip;]<\/p>\n","protected":false},"author":1,"featured_media":0,"parent":0,"menu_order":0,"comment_status":"closed","ping_status":"closed","template":"elementor_header_footer","meta":{"footnotes":""},"class_list":["post-1929","page","type-page","status-publish","hentry"],"_links":{"self":[{"href":"https:\/\/immediateedge.finance\/de\/wp-json\/wp\/v2\/pages\/1929","targetHints":{"allow":["GET"]}}],"collection":[{"href":"https:\/\/immediateedge.finance\/de\/wp-json\/wp\/v2\/pages"}],"about":[{"href":"https:\/\/immediateedge.finance\/de\/wp-json\/wp\/v2\/types\/page"}],"author":[{"embeddable":true,"href":"https:\/\/immediateedge.finance\/de\/wp-json\/wp\/v2\/users\/1"}],"replies":[{"embeddable":true,"href":"https:\/\/immediateedge.finance\/de\/wp-json\/wp\/v2\/comments?post=1929"}],"version-history":[{"count":10,"href":"https:\/\/immediateedge.finance\/de\/wp-json\/wp\/v2\/pages\/1929\/revisions"}],"predecessor-version":[{"id":1940,"href":"https:\/\/immediateedge.finance\/de\/wp-json\/wp\/v2\/pages\/1929\/revisions\/1940"}],"wp:attachment":[{"href":"https:\/\/immediateedge.finance\/de\/wp-json\/wp\/v2\/media?parent=1929"}],"curies":[{"name":"wp","href":"https:\/\/api.w.org\/{rel}","templated":true}]}}