{"id":175,"date":"2023-08-23T13:09:06","date_gmt":"2023-08-23T13:09:06","guid":{"rendered":"https:\/\/immediateedge.finance\/?page_id=175"},"modified":"2026-01-02T06:39:45","modified_gmt":"2026-01-02T06:39:45","slug":"uber-uns","status":"publish","type":"page","link":"https:\/\/immediateedge.finance\/de\/about-us\/","title":{"rendered":"\u00dcber uns"},"content":{"rendered":"<div data-elementor-type=\"wp-page\" data-elementor-id=\"175\" class=\"elementor elementor-175\" data-elementor-post-type=\"page\">\n\t\t\t\t<div class=\"elementor-element elementor-element-d0320a6 e-flex e-con-boxed e-con e-parent\" data-id=\"d0320a6\" data-element_type=\"container\" data-e-type=\"container\" data-settings=\"{&quot;background_background&quot;:&quot;gradient&quot;}\">\n\t\t\t\t\t<div class=\"e-con-inner\">\n\t\t\t\t<div class=\"elementor-element elementor-element-5f06557 elementor-widget elementor-widget-heading\" data-id=\"5f06557\" data-element_type=\"widget\" data-e-type=\"widget\" data-widget_type=\"heading.default\">\n\t\t\t\t\t<h1 class=\"elementor-heading-title elementor-size-default\">\u00dcber uns<\/h1>\t\t\t\t<\/div>\n\t\t\t\t\t<\/div>\n\t\t\t\t<\/div>\n\t\t<div class=\"elementor-element elementor-element-ef1f495 e-flex e-con-boxed e-con e-parent\" data-id=\"ef1f495\" data-element_type=\"container\" data-e-type=\"container\" data-settings=\"{&quot;background_background&quot;:&quot;gradient&quot;}\">\n\t\t\t\t\t<div class=\"e-con-inner\">\n\t\t<div class=\"elementor-element elementor-element-70fe078 e-con-full e-flex e-con e-child\" data-id=\"70fe078\" data-element_type=\"container\" data-e-type=\"container\">\n\t\t\t\t<div class=\"elementor-element elementor-element-4db8e18 elementor-widget elementor-widget-heading\" data-id=\"4db8e18\" data-element_type=\"widget\" data-e-type=\"widget\" data-widget_type=\"heading.default\">\n\t\t\t\t\t<h2 class=\"elementor-heading-title elementor-size-default\">Wer sind wir?<\/h2>\t\t\t\t<\/div>\n\t\t\t\t<div class=\"elementor-element elementor-element-832b77d elementor-widget elementor-widget-text-editor\" data-id=\"832b77d\" data-element_type=\"widget\" data-e-type=\"widget\" data-widget_type=\"text-editor.default\">\n\t\t\t\t\t\t\t\t\t<p>Lernen Sie die Pioniere hinter Immediate Edge kennen - ein Team von enthusiastischen, entschlossenen und sachkundigen Jungunternehmern. Doch was unterscheidet uns von anderen? Unsere unnachgiebige Hingabe, den Wandel durch Innovation voranzutreiben.<\/p><p>Da wir selbst im Handel t\u00e4tig sind, wissen wir genau, wie schwierig es ist, sich auf menschliche Emotionen und Unsicherheiten zu verlassen, um profitable Gesch\u00e4fte zu erzielen. Wir strebten nach einem \u00fcberlegenen Ansatz - ein Tool, das nahtlos, pr\u00e4zise, zuverl\u00e4ssig und benutzerfreundlich ist. Dies veranlasste uns dazu, unser Fachwissen zu b\u00fcndeln und ein Handelssystem zu entwickeln, das durchg\u00e4ngig erfolgreiche Trades durchf\u00fchrt.<\/p><p>Wir stellen Ihnen Immediate Edge vor - unsere Anwendung, die den Online-Handel f\u00fcr Personen in allen Phasen ihres Weges optimiert. Ganz gleich, ob Sie ein erfahrener Profi sind oder diesen Weg gerade erst beschreiten, unsere Software bereichert Ihre F\u00e4higkeiten und maximiert Ihr Gewinnpotenzial. Sie verbindet auf harmonische Weise Spitzentechnologie mit menschlichen Erkenntnissen.<\/p><p>Unser Engagement h\u00f6rt damit nicht auf. Wir h\u00f6ren st\u00e4ndig auf das Feedback unserer Mitglieder und entwickeln und testen unsere Software st\u00e4ndig weiter. Und warum? Weil es unser oberstes Ziel ist, den Erfolg von H\u00e4ndlern zu f\u00f6rdern. Schlie\u00dfen Sie sich uns an und tauchen Sie ein in das Potenzial von Immediate Edge.<\/p>\t\t\t\t\t\t\t\t<\/div>\n\t\t\t\t<\/div>\n\t\t<div class=\"elementor-element elementor-element-62e8c7f e-con-full e-flex e-con e-child\" data-id=\"62e8c7f\" data-element_type=\"container\" data-e-type=\"container\">\n\t\t\t\t<div class=\"elementor-element elementor-element-e3936e0 elementor-widget-mobile__width-initial elementor-widget elementor-widget-image\" data-id=\"e3936e0\" data-element_type=\"widget\" data-e-type=\"widget\" data-widget_type=\"image.default\">\n\t\t\t\t\t\t\t\t\t\t\t\t\t\t\t<img fetchpriority=\"high\" decoding=\"async\" width=\"800\" height=\"635\" src=\"https:\/\/immediateedge.finance\/wp-content\/uploads\/2024\/02\/banner-img-9-2-1-1.webp\" class=\"attachment-large size-large wp-image-556\" alt=\"Banner\" srcset=\"https:\/\/immediateedge.finance\/wp-content\/uploads\/2024\/02\/banner-img-9-2-1-1.webp 866w, https:\/\/immediateedge.finance\/wp-content\/uploads\/2024\/02\/banner-img-9-2-1-1-300x238.webp 300w, https:\/\/immediateedge.finance\/wp-content\/uploads\/2024\/02\/banner-img-9-2-1-1-768x609.webp 768w\" sizes=\"(max-width: 800px) 100vw, 800px\" \/>\t\t\t\t\t\t\t\t\t\t\t\t\t\t\t<\/div>\n\t\t\t\t<\/div>\n\t\t\t\t\t<\/div>\n\t\t\t\t<\/div>\n\t\t<div class=\"elementor-element elementor-element-0785b42 e-flex e-con-boxed e-con e-parent\" data-id=\"0785b42\" data-element_type=\"container\" data-e-type=\"container\">\n\t\t\t\t\t<div class=\"e-con-inner\">\n\t\t<div class=\"elementor-element elementor-element-1006b57 e-con-full e-flex e-con e-child\" data-id=\"1006b57\" data-element_type=\"container\" data-e-type=\"container\">\n\t\t\t\t<div class=\"elementor-element elementor-element-3d19dd9 elementor-widget elementor-widget-heading\" data-id=\"3d19dd9\" data-element_type=\"widget\" data-e-type=\"widget\" data-widget_type=\"heading.default\">\n\t\t\t\t\t<h2 class=\"elementor-heading-title elementor-size-default\">Vorteile der Immediate Edge Platform<\/h2>\t\t\t\t<\/div>\n\t\t\t\t<div class=\"elementor-element elementor-element-1eb9f8b elementor-widget elementor-widget-text-editor\" data-id=\"1eb9f8b\" data-element_type=\"widget\" data-e-type=\"widget\" data-widget_type=\"text-editor.default\">\n\t\t\t\t\t\t\t\t\t<ul><li style=\"font-weight: 400;\" aria-level=\"1\"><span style=\"font-weight: 400;\">Immediate Edge Crypto ist eine Handels-App, die Markttrends in Mikrosekunden analysiert.<\/span><\/li><li style=\"font-weight: 400;\" aria-level=\"1\"><span style=\"font-weight: 400;\">Es gibt Ihnen die M\u00f6glichkeit, Ihr Handeln zu verbessern.<\/span><\/li><li style=\"font-weight: 400;\" aria-level=\"1\"><span style=\"font-weight: 400;\">Es liefert Ihnen dichte Informationen, die f\u00fcr den Menschen allein nur schwer zu analysieren sind.<\/span><\/li><li style=\"font-weight: 400;\" aria-level=\"1\"><span style=\"font-weight: 400;\">Diese App hilft Ihnen, mit mehr Selbstvertrauen und Klarheit zu handeln.<\/span><\/li><li style=\"font-weight: 400;\" aria-level=\"1\"><span style=\"font-weight: 400;\">Immediate Edge UK ist die beste f\u00fcr unerfahrene H\u00e4ndler.<\/span><\/li><li style=\"font-weight: 400;\" aria-level=\"1\"><span style=\"font-weight: 400;\">Mit dieser App k\u00f6nnen Sie fr\u00fchzeitig Chancen erkennen. Sie warnt Sie vor gr\u00f6\u00dferen Bewegungen.\u00a0<\/span><\/li><li style=\"font-weight: 400;\" aria-level=\"1\"><span style=\"font-weight: 400;\">Die Aktualisierungen werden zu profitableren Gesch\u00e4ften und besseren Entscheidungen f\u00fchren.<\/span><\/li><li style=\"font-weight: 400;\" aria-level=\"1\"><span style=\"font-weight: 400;\">Mit einer benutzerfreundlichen Oberfl\u00e4che und sicheren Zahlungsmethoden wie Bank\u00fcberweisung, E-Wallets oder Kredit-\/Debitkarteneinzahlungen ist die App einfach f\u00fcr den Handel zu verwenden.<\/span><\/li><li style=\"font-weight: 400;\" aria-level=\"1\"><span style=\"font-weight: 400;\">Es bietet auch sehr schnelle Ein- und Auszahlungen.<\/span><\/li><li style=\"font-weight: 400;\" aria-level=\"1\"><span style=\"font-weight: 400;\">Mit dieser App sind Sie in der Lage, Ihre Gelder w\u00e4hrend des Handels einfach zu verwalten.<\/span><\/li><li aria-level=\"1\"><span style=\"font-weight: 400;\">Die Immediate Edge-Plattform nutzt die neueste Technologie, um die Daten der Nutzer zu sch\u00fctzen.<\/span><\/li><li aria-level=\"1\">Au\u00dferdem h\u00e4lt sie sich an die Regeln und Vorschriften zur Gew\u00e4hrleistung eines sicheren Handelsumfelds.<\/li><\/ul>\t\t\t\t\t\t\t\t<\/div>\n\t\t\t\t<\/div>\n\t\t<div class=\"elementor-element elementor-element-63f80ae e-con-full e-flex e-con e-child\" data-id=\"63f80ae\" data-element_type=\"container\" data-e-type=\"container\">\n\t\t\t\t<div class=\"elementor-element elementor-element-b0fc94d elementor-widget-mobile__width-initial elementor-widget elementor-widget-image\" data-id=\"b0fc94d\" data-element_type=\"widget\" data-e-type=\"widget\" data-widget_type=\"image.default\">\n\t\t\t\t\t\t\t\t\t\t\t\t\t\t\t<img decoding=\"async\" width=\"729\" height=\"734\" src=\"https:\/\/immediateedge.finance\/wp-content\/uploads\/2025\/12\/mockup-3.webp\" class=\"attachment-full size-full wp-image-1811\" alt=\"\" srcset=\"https:\/\/immediateedge.finance\/wp-content\/uploads\/2025\/12\/mockup-3.webp 729w, https:\/\/immediateedge.finance\/wp-content\/uploads\/2025\/12\/mockup-3-298x300.webp 298w, https:\/\/immediateedge.finance\/wp-content\/uploads\/2025\/12\/mockup-3-150x150.webp 150w, https:\/\/immediateedge.finance\/wp-content\/uploads\/2025\/12\/mockup-3-12x12.webp 12w\" sizes=\"(max-width: 729px) 100vw, 729px\" \/>\t\t\t\t\t\t\t\t\t\t\t\t\t\t\t<\/div>\n\t\t\t\t<\/div>\n\t\t\t\t\t<\/div>\n\t\t\t\t<\/div>\n\t\t<div class=\"elementor-element elementor-element-5354bc6 e-flex e-con-boxed e-con e-parent\" data-id=\"5354bc6\" data-element_type=\"container\" data-e-type=\"container\">\n\t\t\t\t\t<div class=\"e-con-inner\">\n\t\t<div class=\"elementor-element elementor-element-a94c792 e-con-full elementor-hidden-mobile e-flex e-con e-child\" data-id=\"a94c792\" data-element_type=\"container\" data-e-type=\"container\">\n\t\t\t\t<div class=\"elementor-element elementor-element-766137a elementor-widget elementor-widget-image\" data-id=\"766137a\" data-element_type=\"widget\" data-e-type=\"widget\" data-widget_type=\"image.default\">\n\t\t\t\t\t\t\t\t\t\t\t\t\t\t\t<img decoding=\"async\" width=\"1024\" height=\"1024\" src=\"https:\/\/immediateedge.finance\/wp-content\/uploads\/2024\/02\/photo_5981279900495101644.webp\" class=\"attachment-full size-full wp-image-746\" alt=\"asset\" srcset=\"https:\/\/immediateedge.finance\/wp-content\/uploads\/2024\/02\/photo_5981279900495101644.webp 1024w, https:\/\/immediateedge.finance\/wp-content\/uploads\/2024\/02\/photo_5981279900495101644-300x300.webp 300w, https:\/\/immediateedge.finance\/wp-content\/uploads\/2024\/02\/photo_5981279900495101644-150x150.webp 150w, https:\/\/immediateedge.finance\/wp-content\/uploads\/2024\/02\/photo_5981279900495101644-768x768.webp 768w\" sizes=\"(max-width: 1024px) 100vw, 1024px\" \/>\t\t\t\t\t\t\t\t\t\t\t\t\t\t\t<\/div>\n\t\t\t\t<\/div>\n\t\t<div class=\"elementor-element elementor-element-6619c55 e-con-full e-flex e-con e-child\" data-id=\"6619c55\" data-element_type=\"container\" data-e-type=\"container\">\n\t\t\t\t<div class=\"elementor-element elementor-element-011f000 elementor-widget elementor-widget-heading\" data-id=\"011f000\" data-element_type=\"widget\" data-e-type=\"widget\" data-widget_type=\"heading.default\">\n\t\t\t\t\t<h2 class=\"elementor-heading-title elementor-size-default\">Was sind Marktwerte?<\/h2>\t\t\t\t<\/div>\n\t\t\t\t<div class=\"elementor-element elementor-element-3c5efcb elementor-widget elementor-widget-text-editor\" data-id=\"3c5efcb\" data-element_type=\"widget\" data-e-type=\"widget\" data-widget_type=\"text-editor.default\">\n\t\t\t\t\t\t\t\t\t<p>Marktwerte sind die beliebteste Art handelbarer Verm\u00f6genswerte und haben heute \u00fcber 10.000 digitale W\u00e4hrungen auf dem Markt hervorgebracht. Obwohl es viele \u00e4hnliche Anlagen gibt, erreicht keine die Popularit\u00e4t, Anerkennung und Wertsch\u00e4tzung von Finanzanlagen. Finanzanlagen sind aufgrund ihrer gro\u00dfen Nutzerbasis und ihrer nachgewiesenen Erfolgsbilanz sicherer als neu entstehende und weniger bekannte handelbare Anlagen. Immediate Edge Canada erm\u00f6glicht den Handel mit diesen Anlagen.<\/p>\t\t\t\t\t\t\t\t<\/div>\n\t\t\t\t<\/div>\n\t\t\t\t\t<\/div>\n\t\t\t\t<\/div>\n\t\t\t\t<\/div>","protected":false},"excerpt":{"rendered":"<p>About Us Who Are We? Meet the pioneers behind Immediate Edge \u2013 a team of enthusiastic, determined, and knowledgeable young entrepreneurs. Yet, what sets us apart? Our unyielding dedication to driving change through innovation. Armed with a trading background, we intimately understood the challenges of relying on human emotions and uncertainties to achieve profitable trades. [&hellip;]<\/p>\n","protected":false},"author":1,"featured_media":0,"parent":0,"menu_order":0,"comment_status":"closed","ping_status":"closed","template":"elementor_header_footer","meta":{"footnotes":""},"class_list":["post-175","page","type-page","status-publish","hentry"],"_links":{"self":[{"href":"https:\/\/immediateedge.finance\/de\/wp-json\/wp\/v2\/pages\/175","targetHints":{"allow":["GET"]}}],"collection":[{"href":"https:\/\/immediateedge.finance\/de\/wp-json\/wp\/v2\/pages"}],"about":[{"href":"https:\/\/immediateedge.finance\/de\/wp-json\/wp\/v2\/types\/page"}],"author":[{"embeddable":true,"href":"https:\/\/immediateedge.finance\/de\/wp-json\/wp\/v2\/users\/1"}],"replies":[{"embeddable":true,"href":"https:\/\/immediateedge.finance\/de\/wp-json\/wp\/v2\/comments?post=175"}],"version-history":[{"count":3,"href":"https:\/\/immediateedge.finance\/de\/wp-json\/wp\/v2\/pages\/175\/revisions"}],"predecessor-version":[{"id":1990,"href":"https:\/\/immediateedge.finance\/de\/wp-json\/wp\/v2\/pages\/175\/revisions\/1990"}],"wp:attachment":[{"href":"https:\/\/immediateedge.finance\/de\/wp-json\/wp\/v2\/media?parent=175"}],"curies":[{"name":"wp","href":"https:\/\/api.w.org\/{rel}","templated":true}]}}